{"id":1004,"date":"2019-08-21T23:02:23","date_gmt":"2019-08-21T21:02:23","guid":{"rendered":"https:\/\/pekatherm.es\/?product=up105d"},"modified":"2020-02-03T12:51:48","modified_gmt":"2020-02-03T11:51:48","slug":"up105d","status":"publish","type":"product","link":"https:\/\/pekatherm.es\/?product=up105d&lang=fr","title":{"rendered":"UP105D &#8211; Chauffe-matelas individuel en polyester avec r\u00e9gulateur s\u00e9parable"},"content":{"rendered":"<p>Chauffe-matelas individuel.<br \/>\n3 Niveaux de temp\u00e9rature<br \/>\n150 x 80 cm<br \/>\nPolyester<br \/>\n60 W<br \/>\nT\u00e9l\u00e9commande s\u00e9parable<br \/>\nLavable \u00e0 la main et en machine<\/p>\n","protected":false},"excerpt":{"rendered":"<p>EAN 8436531911065<\/p>\n<p>Chauffe-matelas fabriqu\u00e9 en polyester de grande qualit\u00e9, avec r\u00e9gulateur s\u00e9parable pour un nettoyage facile, qui s\u2019ajuste parfaitement \u00e0 n\u2019importe quel lit \u00e0 une place. Con\u00e7u pour favoriser le repos et le bien\u00eatre, des bienfaits qui ont des cons\u00e9quences positives sur la sant\u00e9.<\/p>\n<p>Les chauffe-matelas sont des \u00e9l\u00e9ments de chauffage de grandes dimensions et flexibles con\u00e7us sp\u00e9cialement pour s\u2019adapter au matelas et pour s\u2019allonger dessus. Ils consomment tr\u00e8s peu d\u2019\u00e9nergie et produisent une chaleur ascendante douce, mais efficace.<\/p>\n<p>La chaleur est b\u00e9n\u00e9fique pour la circulation sanguine, \u00e9limine les toxines, d\u00e9tend et favorise le repos. Elle r\u00e9duit les probl\u00e8mes de sommeil et rend plus agr\u00e9ables les nuits les plus froides.<\/p>\n<p>Les chauffe-matelas Pekatherm sont surs et fiables \u00e0 100\u00a0% gr\u00e2ce \u00e0 leur c\u00e2ble de chauffage \u00e0 double bobinage, leur double fusible thermique et leur syst\u00e8me de d\u00e9connexion automatique en cas de mauvais fonctionnement. Technologie de s\u00e9curit\u00e9 maximale.<\/p>\n","protected":false},"featured_media":304,"template":"","meta":[],"_links":{"self":[{"href":"https:\/\/pekatherm.es\/index.php?rest_route=\/wp\/v2\/product\/1004"}],"collection":[{"href":"https:\/\/pekatherm.es\/index.php?rest_route=\/wp\/v2\/product"}],"about":[{"href":"https:\/\/pekatherm.es\/index.php?rest_route=\/wp\/v2\/types\/product"}],"wp:featuredmedia":[{"embeddable":true,"href":"https:\/\/pekatherm.es\/index.php?rest_route=\/wp\/v2\/media\/304"}],"wp:attachment":[{"href":"https:\/\/pekatherm.es\/index.php?rest_route=%2Fwp%2Fv2%2Fmedia&parent=1004"}],"curies":[{"name":"wp","href":"https:\/\/api.w.org\/{rel}","templated":true}]}}