{"id":1005,"date":"2019-08-21T23:00:47","date_gmt":"2019-08-21T21:00:47","guid":{"rendered":"https:\/\/pekatherm.es\/?product=up210df"},"modified":"2019-08-21T23:00:47","modified_gmt":"2019-08-21T21:00:47","slug":"up210df","status":"publish","type":"product","link":"https:\/\/pekatherm.es\/?product=up210df&lang=fr","title":{"rendered":"UP210DF &#8211; Chauffe-matelas deux places en polyester de grande qualit\u00e9"},"content":{"rendered":"<p>Chauffe-matelas deux places haut de gamme.<\/p>\n<p>4 Niveaux de temp\u00e9rature<\/p>\n<p>150\u00a0x\u00a0160\u00a0cm<\/p>\n<p>Polyester<\/p>\n<p>2 x 120 W<\/p>\n<p>T\u00e9l\u00e9commande s\u00e9parable<\/p>\n<p>Lavable \u00e0 la main et en machine<\/p>\n<p>Chauffe en seulement 1 minute<\/p>\n<p>Arr\u00eat automatique apr\u00e8s 12 heures<\/p>\n","protected":false},"excerpt":{"rendered":"<p>EAN 8436531912185<\/p>\n<p>Chauffe-matelas deux places de grande qualit\u00e9, fabriqu\u00e9 en polyester, offrant les prestations des chauffe-matelas haut de gamme. Son syst\u00e8me de chauffage ultra rapide r\u00e9chauffe votre lit en quelques secondes afin d\u2019oublier le froid rapidement, sans attente. Gr\u00e2ce \u00e0 son r\u00e9gulateur s\u00e9parable \u00e0 4 niveaux de puissance, vous pouvez profiter pleinement de votre lit et d\u2019un sommeil tr\u00e8s agr\u00e9able. Dot\u00e9 de deux r\u00e9gulateurs de temp\u00e9rature ind\u00e9pendants pour diff\u00e9rencier deux zones de confort et pour pouvoir r\u00e9gler votre temp\u00e9rature id\u00e9ale pour dormir.<\/p>\n<p>Les chauffe-matelas sont des \u00e9l\u00e9ments de chauffage de grandes dimensions et flexibles con\u00e7us sp\u00e9cialement pour s\u2019adapter au matelas et pour s\u2019allonger dessus. Ils consomment tr\u00e8s peu d\u2019\u00e9nergie et produisent une chaleur ascendante douce, mais efficace. Gr\u00e2ce \u00e0 sa faible consommation en \u00e9nergie et sa grande capacit\u00e9 calorifique, ce chauffe-matelas vous aide \u00e0 faire des \u00e9conomies, car vous n\u2019aurez pas besoin de laisser le chauffage allum\u00e9 toute la nuit pour bien dormir. Fini les radiateurs dangereux, avec nos chauffe-matelas \u00e0 consommation r\u00e9duite, vous avez tout ce qu\u2019il vous faut pour un sommeil parfait toute la nuit.<\/p>\n<p>Profitez de la chaleur th\u00e9rapeutique. La chaleur est b\u00e9n\u00e9fique pour la circulation sanguine, \u00e9limine les toxines, d\u00e9tend et favorise le repos. Elle r\u00e9duit les probl\u00e8mes de sommeil et rend plus agr\u00e9ables les nuits les plus froides.<\/p>\n<p>Les chauffe-matelas Pekatherm sont surs et fiables \u00e0 100\u00a0% gr\u00e2ce \u00e0 leur c\u00e2ble de chauffage \u00e0 double bobinage, leur double fusible thermique et leur syst\u00e8me de d\u00e9connexion automatique en cas de mauvais fonctionnement. Technologie de s\u00e9curit\u00e9 maximale.<\/p>\n","protected":false},"featured_media":305,"template":"","meta":[],"_links":{"self":[{"href":"https:\/\/pekatherm.es\/index.php?rest_route=\/wp\/v2\/product\/1005"}],"collection":[{"href":"https:\/\/pekatherm.es\/index.php?rest_route=\/wp\/v2\/product"}],"about":[{"href":"https:\/\/pekatherm.es\/index.php?rest_route=\/wp\/v2\/types\/product"}],"wp:featuredmedia":[{"embeddable":true,"href":"https:\/\/pekatherm.es\/index.php?rest_route=\/wp\/v2\/media\/305"}],"wp:attachment":[{"href":"https:\/\/pekatherm.es\/index.php?rest_route=%2Fwp%2Fv2%2Fmedia&parent=1005"}],"curies":[{"name":"wp","href":"https:\/\/api.w.org\/{rel}","templated":true}]}}