{"id":1034,"date":"2019-08-21T20:40:37","date_gmt":"2019-08-21T18:40:37","guid":{"rendered":"https:\/\/pekatherm.es\/?product=u30t"},"modified":"2019-08-21T20:40:37","modified_gmt":"2019-08-21T18:40:37","slug":"u30t","status":"publish","type":"product","link":"https:\/\/pekatherm.es\/?product=u30t&lang=fr","title":{"rendered":"U30T &#8211; Coussin universel de taille moyenne en coton"},"content":{"rendered":"<p>Coussin thermique pour \u00eatre utilis\u00e9 a quelle partie du corps.<\/p>\n<ul>\n<li><strong>MESURES: <\/strong>47x39cm<\/li>\n<li><strong>MATERI\u00c9L: <\/strong>\u00a0Coton<\/li>\n<\/ul>\n<p>Housse textile 100\u00a0% coton lavable en machine<\/p>\n<p>Lavable \u00e0 la main et en machine<\/p>\n<ul>\n<li><strong>CARACT\u00c9RISTIQUES TECHNIQUES<\/strong>\u00a0:<\/li>\n<\/ul>\n<p>Fonction sp\u00e9ciale de chauffage rapide en 15 secondes<\/p>\n<p>Filament thermique haute s\u00e9curit\u00e9<\/p>\n<p>Protection contre les surchauffes<br \/>\n4 niveaux de temp\u00e9rature<br \/>\nContr\u00f4le \u00e9lectronique de temp\u00e9rature<\/p>\n<p>Test automatique de d\u00e9marrage avec d\u00e9tection automatique d\u2019erreurs<\/p>\n<p>R\u00e9gulateur de temp\u00e9rature s\u00e9parable<\/p>\n<ul>\n<li>120W<\/li>\n<\/ul>\n<p>&nbsp;<\/p>\n<p>&nbsp;<\/p>\n","protected":false},"excerpt":{"rendered":"<p>EAN 8436531910303<\/p>\n<p>Coussin thermique de taille moyenne tr\u00e8s facile \u00e0 utiliser pour toutes les parties du corps. Ce coussin 100\u00a0% coton est \u00e9quip\u00e9 d\u2019un r\u00e9gulateur s\u00e9parable pour un lavage en machine tr\u00e8s facile. Il est \u00e9galement dot\u00e9 d\u2019une housse pour une meilleure protection.<\/p>\n<p>La chaleur est utilis\u00e9e en tant qu\u2019agent th\u00e9rapeutique depuis des temps imm\u00e9moriaux \u00e0 travers l\u2019application de linges chauds, de cires ou d\u2019huiles. Aujourd\u2019hui, tout a chang\u00e9 et les progr\u00e8s de la technologie s\u2019allient au service de votre sant\u00e9 pour vous proposer nos coussins thermiques.<\/p>\n<p>Notre gamme de coussins thermiques a \u00e9t\u00e9 con\u00e7ue pour soulager les tensions musculaires et les douleurs afin de vous aider \u00e0 r\u00e9cup\u00e9rer toute votre \u00e9nergie et votre temps pour pouvoir faire ce qui vous plait vraiment. Nous concevons des produits pour vous d\u00e9tendre et pour am\u00e9liorer votre sant\u00e9 et votre aspect physique. Pekatherm vous aide \u00e0 prendre soin de vous, \u00e0 am\u00e9liorer votre qualit\u00e9 de vie et \u00e0 profiter de tous les bienfaits de la chaleur.<\/p>\n","protected":false},"featured_media":288,"template":"","meta":[],"_links":{"self":[{"href":"https:\/\/pekatherm.es\/index.php?rest_route=\/wp\/v2\/product\/1034"}],"collection":[{"href":"https:\/\/pekatherm.es\/index.php?rest_route=\/wp\/v2\/product"}],"about":[{"href":"https:\/\/pekatherm.es\/index.php?rest_route=\/wp\/v2\/types\/product"}],"wp:featuredmedia":[{"embeddable":true,"href":"https:\/\/pekatherm.es\/index.php?rest_route=\/wp\/v2\/media\/288"}],"wp:attachment":[{"href":"https:\/\/pekatherm.es\/index.php?rest_route=%2Fwp%2Fv2%2Fmedia&parent=1034"}],"curies":[{"name":"wp","href":"https:\/\/api.w.org\/{rel}","templated":true}]}}