{"id":1118,"date":"2019-09-06T10:31:28","date_gmt":"2019-09-06T08:31:28","guid":{"rendered":"https:\/\/pekatherm.es\/?product=x5"},"modified":"2023-02-14T10:18:08","modified_gmt":"2023-02-14T09:18:08","slug":"x5","status":"publish","type":"product","link":"https:\/\/pekatherm.es\/?product=x5&lang=pt-pt","title":{"rendered":"HL1000 &#8211; Lanterna de cabe\u00e7a\/frontal LED multifuncional recarreg\u00e1vel"},"content":{"rendered":"<p>Lanterna de cabe\u00e7a\/frontal LED multifuncional recarreg\u00e1vel<\/p>\n<p>\u2022 LED de pot\u00eancia Osram P9 10W<br \/>\n\u2022 1000lm<\/p>\n<p>\u2022 4 modos de ilumina\u00e7\u00e3o: 100% (modo TURBO) &#8211; 40% &#8211; 10% &#8211; piscar \u2022 Bateria de L\u00edtio recarreg\u00e1vel 3.7V 2200mAh<\/p>\n<p>\u2022 Autonomia de trabalho: 5\/10h<\/p>\n<p>\u2022 Cabo de carregamento USB magn\u00e9tico<\/p>\n<p>\u2022 Tempo de carregamento: 7.5h<\/p>\n<p>\u2022 Faixa de cabe\u00e7a el\u00e1stica ajust\u00e1vel<\/p>\n<p>\u2022 A lanterna pode ser removida do el\u00e1stico, para uma variedade de usos<\/p>\n<p>\u2022 \u00cdm\u00e3 \u2022 Clipe de bolso remov\u00edvel \u2022 IP54 \u2022 Alum\u00ednio.<\/p>\n<p>&nbsp;<\/p>\n","protected":false},"excerpt":{"rendered":"<p>EAN 8436531914066<\/p>\n<p>Lanterna de cabe\u00e7a\/frontal LED multifuncional recarreg\u00e1vel\u2022 LED de pot\u00eancia Osram P9 10W<br \/>\n\u2022 1000lm \u2022 4 modos de ilumina\u00e7\u00e3o: 100% (modo TURBO) &#8211; 40% &#8211; 10% &#8211; piscar \u2022 Bateria de L\u00edtio recarreg\u00e1vel 3.7V 2200mAh \u2022 Autonomia de trabalho: 5\/10h \u2022 Cabo de<br \/>\ncarregamento USB magn\u00e9tico \u2022 Tempo de carregamento: 7.5h \u2022 Faixa de cabe\u00e7a el\u00e1stica ajust\u00e1vel \u2022 A lanterna pode ser removida do el\u00e1stico, para uma variedade de<br \/>\nusos \u2022 \u00cdm\u00e3 \u2022 Clipe de bolso remov\u00edvel \u2022 IP54 \u2022 Alum\u00ednio.<\/p>\n","protected":false},"featured_media":1916,"template":"","meta":[],"_links":{"self":[{"href":"https:\/\/pekatherm.es\/index.php?rest_route=\/wp\/v2\/product\/1118"}],"collection":[{"href":"https:\/\/pekatherm.es\/index.php?rest_route=\/wp\/v2\/product"}],"about":[{"href":"https:\/\/pekatherm.es\/index.php?rest_route=\/wp\/v2\/types\/product"}],"wp:featuredmedia":[{"embeddable":true,"href":"https:\/\/pekatherm.es\/index.php?rest_route=\/wp\/v2\/media\/1916"}],"wp:attachment":[{"href":"https:\/\/pekatherm.es\/index.php?rest_route=%2Fwp%2Fv2%2Fmedia&parent=1118"}],"curies":[{"name":"wp","href":"https:\/\/api.w.org\/{rel}","templated":true}]}}