{"id":1125,"date":"2019-09-06T08:59:13","date_gmt":"2019-09-06T06:59:13","guid":{"rendered":"https:\/\/pekatherm.es\/?product=x4"},"modified":"2023-02-14T10:23:05","modified_gmt":"2023-02-14T09:23:05","slug":"x4","status":"publish","type":"product","link":"https:\/\/pekatherm.es\/?product=x4&lang=pt-pt","title":{"rendered":"T016 &#8211; L\u00e2mpada de tubo LED recarreg\u00e1vel"},"content":{"rendered":"<p>L\u00e2mpada de tubo LED recarreg\u00e1vel<\/p>\n<p>Dual light source: flashlight (narrow beam, long range) \/ bodylight (wide beam)<\/p>\n<p>1.5W 20 SMD LEDs 1 W power LED \u2013 200lm<\/p>\n<p>6 lightning modes: Flashlight \u2013 33% \u2013 66% \u2013 100%<\/p>\n<p>Mosquito repelent<\/p>\n<p>SOS<\/p>\n<p>3.7V 2600mAh Lithium battery (included)<\/p>\n<p>Working times: 7.5\/42\/17\/10\/10\/26.5h<\/p>\n<p>USB-C charging input (5VDC 1A)<\/p>\n<p>Charging time: 4h<\/p>\n<p>USB Power bank (5VDC 1A)<\/p>\n<p>USB cable \u2013 Magnets \u2013 Strap \u2013 IP68<\/p>\n<p>Aluminium \u2013 ABS \u2013 PC \u2013 Rubber<\/p>\n","protected":false},"excerpt":{"rendered":"<p>EAN 8436531914035<\/p>\n<p>Dual light source: flashlight (narrow beam, long range) \/ bodylight (wide beam)<\/p>\n<p>1.5W 20 SMD LEDs 1 W power LED \u2013 200lm<\/p>\n<p>6 lightning modes: Flashlight \u2013 33% \u2013 66% \u2013 100%<\/p>\n<p>Mosquito repelent<\/p>\n<p>SOS<\/p>\n<p>3.7V 2600mAh Lithium battery (included)<\/p>\n<p>Working times: 7.5\/42\/17\/10\/10\/26.5h<\/p>\n<p>USB-C charging input (5VDC 1A)<\/p>\n<p>Charging time: 4h<\/p>\n<p>USB Power bank (5VDC 1A)<\/p>\n<p>USB cable \u2013 Magnets \u2013 Strap \u2013 IP68<\/p>\n<p>Aluminium \u2013 ABS \u2013 PC \u2013 Rubber<\/p>\n","protected":false},"featured_media":2011,"template":"","meta":[],"_links":{"self":[{"href":"https:\/\/pekatherm.es\/index.php?rest_route=\/wp\/v2\/product\/1125"}],"collection":[{"href":"https:\/\/pekatherm.es\/index.php?rest_route=\/wp\/v2\/product"}],"about":[{"href":"https:\/\/pekatherm.es\/index.php?rest_route=\/wp\/v2\/types\/product"}],"wp:featuredmedia":[{"embeddable":true,"href":"https:\/\/pekatherm.es\/index.php?rest_route=\/wp\/v2\/media\/2011"}],"wp:attachment":[{"href":"https:\/\/pekatherm.es\/index.php?rest_route=%2Fwp%2Fv2%2Fmedia&parent=1125"}],"curies":[{"name":"wp","href":"https:\/\/api.w.org\/{rel}","templated":true}]}}