{"id":1134,"date":"2019-09-05T11:47:49","date_gmt":"2019-09-05T09:47:49","guid":{"rendered":"https:\/\/pekatherm.es\/?product=x2"},"modified":"2023-02-14T10:14:45","modified_gmt":"2023-02-14T09:14:45","slug":"x2","status":"publish","type":"product","link":"https:\/\/pekatherm.es\/?product=x2&lang=pt-pt","title":{"rendered":"HL200 &#8211; Lanterna de cabe\u00e7a \/ frontal LED"},"content":{"rendered":"<p>Lanterna de cabe\u00e7a \/ frontal LED<\/p>\n<p>\u2022 LED de pot\u00eancia CREE XP-G 3W<\/p>\n<p>\u2022 200lm<\/p>\n<p>\u2022 6 modos de ilumina\u00e7\u00e3o: 100% &#8211; 40% &#8211; 5% &#8211; Vermelho &#8211; Vermelho piscando<\/p>\n<p>\u2022 Fun\u00e7\u00e3o sensor<\/p>\n<p>\u2022 3 pilhas AAA (inclu\u00eddas)<\/p>\n<p>\u2022 Autonomia de trabalho: 3h \/ 16h \/ 60h \/ 55h \/ 80h \/ 120h<\/p>\n<p>\u2022 \u00c2ngulo ajust\u00e1vel de 45\u00ba<\/p>\n<p>\u2022Faixa de cabe\u00e7a el\u00e1stica ajust\u00e1vel \u2022 IP54 \u2022 ABS + PC<\/p>\n","protected":false},"excerpt":{"rendered":"<p>EAN 8436531914073<\/p>\n<p>Lanterna de cabe\u00e7a \/ frontal LED \u2022 LED de<br \/>\npot\u00eancia CREE XP-G 3W \u2022 200lm \u2022 6 modos de ilumina\u00e7\u00e3o:<br \/>\n100% &#8211; 40% &#8211; 5% &#8211; Vermelho &#8211; Vermelho piscando \u2022 Fun\u00e7\u00e3o<br \/>\nsensor \u2022 3 pilhas AAA (inclu\u00eddas) \u2022 Autonomia de trabalho:<br \/>\n3h \/ 16h \/ 60h \/ 55h \/ 80h \/ 120h \u2022 \u00c2ngulo ajust\u00e1vel de 45\u00ba \u2022<br \/>\nFaixa de cabe\u00e7a el\u00e1stica ajust\u00e1vel \u2022 IP54 \u2022 ABS + PC<\/p>\n","protected":false},"featured_media":1906,"template":"","meta":[],"_links":{"self":[{"href":"https:\/\/pekatherm.es\/index.php?rest_route=\/wp\/v2\/product\/1134"}],"collection":[{"href":"https:\/\/pekatherm.es\/index.php?rest_route=\/wp\/v2\/product"}],"about":[{"href":"https:\/\/pekatherm.es\/index.php?rest_route=\/wp\/v2\/types\/product"}],"wp:featuredmedia":[{"embeddable":true,"href":"https:\/\/pekatherm.es\/index.php?rest_route=\/wp\/v2\/media\/1906"}],"wp:attachment":[{"href":"https:\/\/pekatherm.es\/index.php?rest_route=%2Fwp%2Fv2%2Fmedia&parent=1134"}],"curies":[{"name":"wp","href":"https:\/\/api.w.org\/{rel}","templated":true}]}}