{"id":1139,"date":"2019-09-05T09:53:31","date_gmt":"2019-09-05T07:53:31","guid":{"rendered":"https:\/\/pekatherm.es\/?product=x1"},"modified":"2023-02-14T10:12:49","modified_gmt":"2023-02-14T09:12:49","slug":"x1","status":"publish","type":"product","link":"https:\/\/pekatherm.es\/?product=x1&lang=pt-pt","title":{"rendered":"W010 &#8211; Lanterna de trabalho LED recarreg\u00e1vel com fonte de luz dupla \u2022 COB 5W"},"content":{"rendered":"<p>Lanterna de trabalho LED recarreg\u00e1vel com fonte de luz dupla \u2022 COB 5W, LED 0.5W<\/p>\n<p>\u2022 280lm (COB), 30lm (LED)<\/p>\n<p>\u2022 4 modos de ilumina\u00e7\u00e3o: COB 100% &#8211; COB 50% &#8211; COB piscar &#8211; LED<\/p>\n<p>\u2022 Bateria de L\u00edtio recarreg\u00e1vel 3,7V 600mAh<\/p>\n<p>\u2022 Autonomia de trabalho: 4\/6h<\/p>\n<p>\u2022 Entrada micro USB para carregamento da bateria (5VDC 1A)<\/p>\n<p>\u2022 Tempo de carregamento: 1.5h \u2022 Bra\u00e7o girat\u00f3rio<\/p>\n<p>\u2022 Clipe de bolso \u2022 \u00cdm\u00e3 \u2022 Gancho \u2022 Cabo USB \u2022 IP44 \u2022 ABS<\/p>\n","protected":false},"excerpt":{"rendered":"<p>EAN 8436531914059<\/p>\n<p>Lanterna de tamanho pequeno, compacta e leve, f\u00e1cil de transportar e fabricada com um revestimento de borracha ultra resistente.<\/p>\n<p>Ele foi projetado para ser dobrado e tem um alcance de rota\u00e7\u00e3o de 180\u00ba para sua luz prim\u00e1ria. A parte inferior da luz de trabalho LED possui um forte \u00edm\u00e3, permitindo que ela seja anexada a qualquer superf\u00edcie met\u00e1lica.<\/p>\n<p><img loading=\"lazy\" class=\"alignnone size-medium wp-image-517\" src=\"https:\/\/pekatherm.es\/wp-content\/uploads\/2019\/09\/X1-iman-300x150.jpg\" alt=\"\" width=\"300\" height=\"150\" srcset=\"https:\/\/pekatherm.es\/wp-content\/uploads\/2019\/09\/X1-iman-300x150.jpg 300w, https:\/\/pekatherm.es\/wp-content\/uploads\/2019\/09\/X1-iman-768x384.jpg 768w, https:\/\/pekatherm.es\/wp-content\/uploads\/2019\/09\/X1-iman-1024x512.jpg 1024w, https:\/\/pekatherm.es\/wp-content\/uploads\/2019\/09\/X1-iman-260x130.jpg 260w, https:\/\/pekatherm.es\/wp-content\/uploads\/2019\/09\/X1-iman-50x25.jpg 50w, https:\/\/pekatherm.es\/wp-content\/uploads\/2019\/09\/X1-iman-150x75.jpg 150w, https:\/\/pekatherm.es\/wp-content\/uploads\/2019\/09\/X1-iman-600x300.jpg 600w\" sizes=\"(max-width: 300px) 100vw, 300px\" \/><\/p>\n<p>Ele fornece quatro tipos de luz, um \u00e9 do tipo tocha (lanterna) e tr\u00eas modos de foco (luz do corpo), os n\u00edveis de energia s\u00e3o 100%, 50% e piscam.<\/p>\n<p><img loading=\"lazy\" class=\"alignnone size-medium wp-image-516\" src=\"https:\/\/pekatherm.es\/wp-content\/uploads\/2019\/09\/X1-tipo-luces-300x150.jpg\" alt=\"\" width=\"300\" height=\"150\" srcset=\"https:\/\/pekatherm.es\/wp-content\/uploads\/2019\/09\/X1-tipo-luces-300x150.jpg 300w, https:\/\/pekatherm.es\/wp-content\/uploads\/2019\/09\/X1-tipo-luces-768x384.jpg 768w, https:\/\/pekatherm.es\/wp-content\/uploads\/2019\/09\/X1-tipo-luces-1024x512.jpg 1024w, https:\/\/pekatherm.es\/wp-content\/uploads\/2019\/09\/X1-tipo-luces-260x130.jpg 260w, https:\/\/pekatherm.es\/wp-content\/uploads\/2019\/09\/X1-tipo-luces-50x25.jpg 50w, https:\/\/pekatherm.es\/wp-content\/uploads\/2019\/09\/X1-tipo-luces-150x75.jpg 150w, https:\/\/pekatherm.es\/wp-content\/uploads\/2019\/09\/X1-tipo-luces-600x300.jpg 600w\" sizes=\"(max-width: 300px) 100vw, 300px\" \/><\/p>\n<p>O tempo operacional \u00e9 de 4 horas, alimentado por sua bateria de l\u00edtio recarreg\u00e1vel atrav\u00e9s de uma porta Micro USB oculta em sua base.<\/p>\n<p><img loading=\"lazy\" class=\"alignnone size-medium wp-image-518\" src=\"https:\/\/pekatherm.es\/wp-content\/uploads\/2019\/09\/X1-MicroUSB-300x150.jpg\" alt=\"\" width=\"300\" height=\"150\" srcset=\"https:\/\/pekatherm.es\/wp-content\/uploads\/2019\/09\/X1-MicroUSB-300x150.jpg 300w, https:\/\/pekatherm.es\/wp-content\/uploads\/2019\/09\/X1-MicroUSB-768x384.jpg 768w, https:\/\/pekatherm.es\/wp-content\/uploads\/2019\/09\/X1-MicroUSB-1024x512.jpg 1024w, https:\/\/pekatherm.es\/wp-content\/uploads\/2019\/09\/X1-MicroUSB-260x130.jpg 260w, https:\/\/pekatherm.es\/wp-content\/uploads\/2019\/09\/X1-MicroUSB-50x25.jpg 50w, https:\/\/pekatherm.es\/wp-content\/uploads\/2019\/09\/X1-MicroUSB-150x75.jpg 150w, https:\/\/pekatherm.es\/wp-content\/uploads\/2019\/09\/X1-MicroUSB-600x300.jpg 600w\" sizes=\"(max-width: 300px) 100vw, 300px\" \/><\/p>\n","protected":false},"featured_media":1655,"template":"","meta":[],"_links":{"self":[{"href":"https:\/\/pekatherm.es\/index.php?rest_route=\/wp\/v2\/product\/1139"}],"collection":[{"href":"https:\/\/pekatherm.es\/index.php?rest_route=\/wp\/v2\/product"}],"about":[{"href":"https:\/\/pekatherm.es\/index.php?rest_route=\/wp\/v2\/types\/product"}],"wp:featuredmedia":[{"embeddable":true,"href":"https:\/\/pekatherm.es\/index.php?rest_route=\/wp\/v2\/media\/1655"}],"wp:attachment":[{"href":"https:\/\/pekatherm.es\/index.php?rest_route=%2Fwp%2Fv2%2Fmedia&parent=1139"}],"curies":[{"name":"wp","href":"https:\/\/api.w.org\/{rel}","templated":true}]}}