{"id":1144,"date":"2019-09-05T09:47:57","date_gmt":"2019-09-05T07:47:57","guid":{"rendered":"https:\/\/pekatherm.es\/?product=w031"},"modified":"2023-02-14T10:10:51","modified_gmt":"2023-02-14T09:10:51","slug":"w031","status":"publish","type":"product","link":"https:\/\/pekatherm.es\/?product=w031&lang=pt-pt","title":{"rendered":"CL005 &#8211; L\u00e2mpada de acampamento\/lanterna LED recarreg\u00e1vel telesc\u00f3pica com fonte de luz dupla e alimenta\u00e7\u00e3o dupla"},"content":{"rendered":"<p>L\u00e2mpada de acampamento\/lanterna LED recarreg\u00e1vel telesc\u00f3pica com fonte de luz dupla e alimenta\u00e7\u00e3o dupla<\/p>\n<p>\u2022 10W + 3W LED \u2022 150lm<\/p>\n<p>\u2022 2 modos de ilumina\u00e7\u00e3o: 100% -50%<\/p>\n<p>\u2022 Alimenta\u00e7\u00e3o dupla: Bateria de L\u00edtio 3.7V 2000mAh (inclu\u00edda), 3 pilhas alcalinas AAA (n\u00e3o inclu\u00eddas)<\/p>\n<p>\u2022 Entrada micro USB para carregamento da bateria<\/p>\n<p>\u2022 Tempo de carregamento: 6h \u2022 Cabo USB \u2022 Al\u00e7a remov\u00edvel \u2022 ABS + PC<\/p>\n","protected":false},"excerpt":{"rendered":"<p>EAN 8436531914028<\/p>\n<p>L\u00e2mpada de acampamento\/lanterna LED recarreg\u00e1vel<br \/>\ntelesc\u00f3pica com fonte de luz dupla e alimenta\u00e7\u00e3o dupla \u2022 10W + 3W LED \u2022 150lm \u2022 2 modos de ilumina\u00e7\u00e3o: 100% -50% \u2022 Alimenta\u00e7\u00e3o dupla:<br \/>\nBateria de L\u00edtio 3.7V 2000mAh (inclu\u00edda), 3 pilhas alcalinas AAA (n\u00e3o inclu\u00eddas) \u2022 Entrada micro USB para carregamento da bateria \u2022 Tempo de<br \/>\ncarregamento: 6h \u2022 Cabo USB \u2022 Al\u00e7a remov\u00edvel \u2022 ABS + PC<\/p>\n","protected":false},"featured_media":2092,"template":"","meta":[],"_links":{"self":[{"href":"https:\/\/pekatherm.es\/index.php?rest_route=\/wp\/v2\/product\/1144"}],"collection":[{"href":"https:\/\/pekatherm.es\/index.php?rest_route=\/wp\/v2\/product"}],"about":[{"href":"https:\/\/pekatherm.es\/index.php?rest_route=\/wp\/v2\/types\/product"}],"wp:featuredmedia":[{"embeddable":true,"href":"https:\/\/pekatherm.es\/index.php?rest_route=\/wp\/v2\/media\/2092"}],"wp:attachment":[{"href":"https:\/\/pekatherm.es\/index.php?rest_route=%2Fwp%2Fv2%2Fmedia&parent=1144"}],"curies":[{"name":"wp","href":"https:\/\/api.w.org\/{rel}","templated":true}]}}