{"id":1154,"date":"2019-09-04T11:00:23","date_gmt":"2019-09-04T09:00:23","guid":{"rendered":"https:\/\/pekatherm.es\/?product=w019"},"modified":"2023-02-14T10:07:08","modified_gmt":"2023-02-14T09:07:08","slug":"w019","status":"publish","type":"product","link":"https:\/\/pekatherm.es\/?product=w019&lang=pt-pt","title":{"rendered":"W032 &#8211; L\u00e2mpada de trabalho LED recarreg\u00e1vel de alimenta\u00e7\u00e3o dupla"},"content":{"rendered":"<p>L\u00e2mpada de trabalho LED recarreg\u00e1vel de alimenta\u00e7\u00e3o dupla \u2022 LED COB 10W<\/p>\n<p>\u2022 500lm \u2022 3 modos de ilumina\u00e7\u00e3o: 100% -50% &#8211; piscar<\/p>\n<p>\u2022 Alimenta\u00e7\u00e3o dupla: Baterias de L\u00edtio 3.7V 4000mAh (2&#215;18650) (inclu\u00eddas), 4 pilhas alcalinas AA (n\u00e3o inclu\u00eddas)<\/p>\n<p>\u2022 Autonomia de trabalho: 4h 30min\/9h<\/p>\n<p>\u2022 Entrada micro USB para carregamento da bateria<\/p>\n<p>\u2022 Tempo de carregamento: 8h \u2022 Sa\u00edda USB Power bank (5VDC 1A)<\/p>\n<p>\u2022 Cabo USB \u2022 Al\u00e7a girat\u00f3ria e suporte \u2022 IP44 \u2022 Nylon + TP.<\/p>\n","protected":false},"excerpt":{"rendered":"<p>EAN 8436531914011<\/p>\n<p>L\u00e2mpada de trabalho LED recarreg\u00e1vel de alimenta\u00e7\u00e3o dupla \u2022 LED COB 10W \u2022 500lm \u2022<br \/>\n3 modos de ilumina\u00e7\u00e3o: 100% -50% &#8211; piscar \u2022 Alimenta\u00e7\u00e3o dupla: Baterias de L\u00edtio 3.7V 4000mAh (2&#215;18650) (inclu\u00eddas), 4 pilhas alcalinas AA (n\u00e3o<br \/>\ninclu\u00eddas) \u2022 Autonomia de trabalho: 4h 30min\/9h \u2022 Entrada micro USB para carregamento da bateria \u2022 Tempo de carregamento: 8h \u2022 Sa\u00edda USB Power<br \/>\nbank (5VDC 1A) \u2022 Cabo USB \u2022 Al\u00e7a girat\u00f3ria e suporte \u2022 IP44 \u2022 Nylon + TP.<\/p>\n","protected":false},"featured_media":1763,"template":"","meta":[],"_links":{"self":[{"href":"https:\/\/pekatherm.es\/index.php?rest_route=\/wp\/v2\/product\/1154"}],"collection":[{"href":"https:\/\/pekatherm.es\/index.php?rest_route=\/wp\/v2\/product"}],"about":[{"href":"https:\/\/pekatherm.es\/index.php?rest_route=\/wp\/v2\/types\/product"}],"wp:featuredmedia":[{"embeddable":true,"href":"https:\/\/pekatherm.es\/index.php?rest_route=\/wp\/v2\/media\/1763"}],"wp:attachment":[{"href":"https:\/\/pekatherm.es\/index.php?rest_route=%2Fwp%2Fv2%2Fmedia&parent=1154"}],"curies":[{"name":"wp","href":"https:\/\/api.w.org\/{rel}","templated":true}]}}