{"id":1158,"date":"2019-09-04T09:58:08","date_gmt":"2019-09-04T07:58:08","guid":{"rendered":"https:\/\/pekatherm.es\/?product=w022"},"modified":"2023-02-14T10:09:03","modified_gmt":"2023-02-14T09:09:03","slug":"w022","status":"publish","type":"product","link":"https:\/\/pekatherm.es\/?product=w022&lang=pt-pt","title":{"rendered":"W300 &#8211; L\u00e2mpada de trabalho LED recarreg\u00e1vel de alta pot\u00eancia com fonte de luz ajust\u00e1vel dupla"},"content":{"rendered":"<p>L\u00e2mpada de trabalho LED recarreg\u00e1vel de alta pot\u00eancia com fonte de luz ajust\u00e1vel dupla<\/p>\n<p>\u2022 30W \u2022 3000lm<\/p>\n<p>\u2022 4 modos de ilumina\u00e7\u00e3o: 100% -50% &#8211; 30% &#8211; Ajuste cont\u00ednuo \u2022 Bateria de L\u00edtio 7.4V 8800mAh<\/p>\n<p>\u2022 Autonomia de trabalho: 2.5\/5\/8h<\/p>\n<p>\u2022 Carregador de bateria 8.6V 2A (inclu\u00eddo)<\/p>\n<p>\u2022 Tempo de carregamento: 5.5h<\/p>\n<p>\u2022 Indicadores de bater\u00eda<\/p>\n<p>\u2022 Apertura orient\u00e1vel em 180\u00ba<\/p>\n<p>\u2022 Al\u00e7a de transporte \u2022 IP54 \u2022 IK07 \u2022 PP \u2022 Trip\u00e9 opcional<\/p>\n","protected":false},"excerpt":{"rendered":"<p>EAN 8436531914080<\/p>\n<p>L\u00e2mpada de trabalho LED recarreg\u00e1vel de alta pot\u00eancia com fonte de luz ajust\u00e1vel<br \/>\ndupla \u2022 30W \u2022 3000lm \u2022 4 modos de ilumina\u00e7\u00e3o: 100% -50% &#8211; 30% &#8211; Ajuste cont\u00ednuo \u2022 Bateria de L\u00edtio 7.4V 8800mAh \u2022 Autonomia de<br \/>\ntrabalho: 2.5\/5\/8h \u2022 Carregador de bateria 8.6V 2A (inclu\u00eddo) \u2022 Tempo de carregamento: 5.5h \u2022 Indicadores de bater\u00eda \u2022 Apertura<br \/>\norient\u00e1vel em 180\u00ba \u2022 Al\u00e7a de transporte \u2022 IP54 \u2022 IK07 \u2022 PP \u2022 Trip\u00e9 opcional<\/p>\n","protected":false},"featured_media":1564,"template":"","meta":[],"_links":{"self":[{"href":"https:\/\/pekatherm.es\/index.php?rest_route=\/wp\/v2\/product\/1158"}],"collection":[{"href":"https:\/\/pekatherm.es\/index.php?rest_route=\/wp\/v2\/product"}],"about":[{"href":"https:\/\/pekatherm.es\/index.php?rest_route=\/wp\/v2\/types\/product"}],"wp:featuredmedia":[{"embeddable":true,"href":"https:\/\/pekatherm.es\/index.php?rest_route=\/wp\/v2\/media\/1564"}],"wp:attachment":[{"href":"https:\/\/pekatherm.es\/index.php?rest_route=%2Fwp%2Fv2%2Fmedia&parent=1158"}],"curies":[{"name":"wp","href":"https:\/\/api.w.org\/{rel}","templated":true}]}}