{"id":1164,"date":"2019-09-03T14:49:26","date_gmt":"2019-09-03T12:49:26","guid":{"rendered":"https:\/\/pekatherm.es\/?product=w012"},"modified":"2023-02-14T10:05:22","modified_gmt":"2023-02-14T09:05:22","slug":"w012","status":"publish","type":"product","link":"https:\/\/pekatherm.es\/?product=w012&lang=pt-pt","title":{"rendered":"W012 &#8211; L\u00e2mpada de trabalho LED recarreg\u00e1vel \u2022 LED COB 10W"},"content":{"rendered":"<p>L\u00e2mpada de trabalho LED recarreg\u00e1vel \u2022 LED COB 10W \u2022 600lm<\/p>\n<p>\u2022 2 modos de ilumina\u00e7\u00e3o: 100% &#8211; 50%<\/p>\n<p>\u2022 Baterias de L\u00edtio 3.7V 4000mAh (2&#215;18650) (inclu\u00eddas)<\/p>\n<p>\u2022 Autonomia de trabalho: 7\/13h<\/p>\n<p>\u2022 Entrada micro USB para carregamento da bateria (5VDC 2A)<\/p>\n<p>\u2022 Tempo de carregamento: 4h \u2022 Sa\u00edda USB Power bank (5VDC 1A)<\/p>\n<p>\u2022 Cabo USB \u2022 Magn\u00e9tico \u2022 Gancho \u2022 IP65 \u2022 ABS + PC + Alum\u00ednio<\/p>\n","protected":false},"excerpt":{"rendered":"<p>EAN 8436531914042<\/p>\n<p>L\u00e2mpada de trabalho LED recarreg\u00e1vel \u2022 LED COB 10W<br \/>\n\u2022 600lm \u2022 2 modos de ilumina\u00e7\u00e3o: 100% &#8211; 50% \u2022 Baterias de L\u00edtio 3.7V 4000mAh (2&#215;18650) (inclu\u00eddas) \u2022 Autonomia de<br \/>\ntrabalho: 7\/13h \u2022 Entrada micro USB para carregamento da bateria (5VDC 2A) \u2022 Tempo de carregamento: 4h \u2022 Sa\u00edda USB<br \/>\nPower bank (5VDC 1A) \u2022 Cabo USB \u2022 Magn\u00e9tico \u2022 Gancho \u2022 IP65 \u2022 ABS + PC + Alum\u00ednio<\/p>\n<p><img loading=\"lazy\" class=\"alignnone size-medium wp-image-502\" src=\"https:\/\/pekatherm.es\/wp-content\/uploads\/2019\/09\/USB-ports-300x150.jpg\" alt=\"\" width=\"300\" height=\"150\" \/><\/p>\n<p>\u00c9 recarregada por meio de uma porta USB, protegida por uma tampa de borracha para isol\u00e1-la da umidade durante o uso na \u00e1rea externa. Esta tocha possui um gancho de suspens\u00e3o e \u00edm\u00e3s potentes para aderir facilmente a superf\u00edcies met\u00e1licas, liberando as m\u00e3os para realizar outros trabalhos<\/p>\n<p><img loading=\"lazy\" class=\"alignnone size-medium wp-image-503\" src=\"https:\/\/pekatherm.es\/wp-content\/uploads\/2019\/09\/gancho-e-iman-300x150.jpg\" alt=\"\" width=\"300\" height=\"150\" \/><\/p>\n","protected":false},"featured_media":1732,"template":"","meta":[],"_links":{"self":[{"href":"https:\/\/pekatherm.es\/index.php?rest_route=\/wp\/v2\/product\/1164"}],"collection":[{"href":"https:\/\/pekatherm.es\/index.php?rest_route=\/wp\/v2\/product"}],"about":[{"href":"https:\/\/pekatherm.es\/index.php?rest_route=\/wp\/v2\/types\/product"}],"wp:featuredmedia":[{"embeddable":true,"href":"https:\/\/pekatherm.es\/index.php?rest_route=\/wp\/v2\/media\/1732"}],"wp:attachment":[{"href":"https:\/\/pekatherm.es\/index.php?rest_route=%2Fwp%2Fv2%2Fmedia&parent=1164"}],"curies":[{"name":"wp","href":"https:\/\/api.w.org\/{rel}","templated":true}]}}