{"id":1171,"date":"2019-08-26T16:11:16","date_gmt":"2019-08-26T14:11:16","guid":{"rendered":"https:\/\/pekatherm.es\/?product=cp951"},"modified":"2019-08-26T16:11:16","modified_gmt":"2019-08-26T14:11:16","slug":"cp951","status":"publish","type":"product","link":"https:\/\/pekatherm.es\/?product=cp951&lang=pt-pt","title":{"rendered":"CP951 &#8211; Conjunto de duas baterias recarreg\u00e1veis e carregador \u201cSmart\u201d"},"content":{"rendered":"<div>\n<p>Conjunto de duas baterias e carregador de l\u00edtio \u201cSmart\u201d para luvas e luvas<\/p>\n<p><strong>Tecnologia<\/strong>: L\u00edtio<\/p>\n<p><strong>Tens\u00e3o de sa\u00edda<\/strong>: 7.4V<\/p>\n<p><strong>Capacidade<\/strong>: 2200mAh<\/p>\n<p><strong>Pot\u00eancia de sa\u00edda<\/strong>: 4 n\u00edveis diferentes (25-50-75-100%) usando o bot\u00e3o de sele\u00e7\u00e3o.<\/p>\n<p><strong>Pot\u00eancia m\u00e1xima<\/strong>: 15W<\/p>\n<p><strong>Autonomia funcional m\u00e1xima<\/strong>: entre 9 e 15h, dependendo do modelo de luva utilizada (com configura\u00e7\u00e3o da bateria na temperatura mais baixa).<\/p>\n<p><strong>Dimens\u00f5es<\/strong>: 70x50x20mm<\/p>\n<p><strong>Peso<\/strong>: 112g<\/p>\n<p><strong>Caracter\u00edsticas de design<\/strong>:<\/p>\n<p>&#8211; Opera\u00e7\u00e3o do bot\u00e3o liga \/ desliga e para a sele\u00e7\u00e3o de temperatura desejada (25-50-75-100%).<\/p>\n<p>&#8211; LEDs multifuncionais: indicador aceso, n\u00edvel de temperatura selecionado, indicador de descarga total do n\u00edvel de carga da bateria.<\/p>\n<p>&#8211; A campainha de aviso usa tons aud\u00edveis.<\/p>\n<p><strong>O conjunto inclui<\/strong>: Duas baterias de l\u00edtio recarreg\u00e1veis \u200b\u200bcom tecnologia \u00abBateria inteligente\u00bb, carregador com sa\u00edda dupla para carregamento simult\u00e2neo de duas baterias.<\/p>\n<p><strong>Compat\u00edvel com<\/strong>:<\/p>\n<p>&#8211; Revestimentos t\u00e9rmicos modelo GU900<\/p>\n<p>&#8211; Luvas de aquecimento modelos GU91, GU920<\/p>\n<\/div>\n","protected":false},"excerpt":{"rendered":"<p>EAN 8436531919511<\/p>\n<div align=\"left\">\n<p>Este pacote \u00e9 uma fonte de energia de alto desempenho para luvas de aquecimento e forros de luvas Pekatherm. A alta capacidade das baterias permite maior autonomia operacional. Usando a tecnologia \u201cBateria Inteligente\u201d, um bot\u00e3o incorporado em cada bateria permite ao usu\u00e1rio ajustar a temperatura dentro das luvas para quatro n\u00edveis diferentes. Al\u00e9m disso, o carregador inclu\u00eddo possui fun\u00e7\u00f5es de recarga r\u00e1pida simult\u00e2nea para ambas as baterias.<\/p>\n<p>O conjunto CP 951 foi projetado para fornecer \u00e0s luvas e forros de luvas recursos mais profissionais para alimenta\u00e7\u00e3o, aquecimento r\u00e1pido, controle de temperatura, temperatura m\u00e1xima, dura\u00e7\u00e3o da bateria e peso. Ao adquirir e usar este conjunto, voc\u00ea pode selecionar entre quatro configura\u00e7\u00f5es de temperatura nas luvas e nos revestimentos, uma temperatura interna muito mais alta e at\u00e9 duas vezes a dura\u00e7\u00e3o da bateria.<\/p>\n<p>A Pekatherm recomenda adquirir e usar o conjunto CP951 para obter o m\u00e1ximo desempenho ao usar luvas e forros de luvas.<\/p>\n<p><strong>VANTAGENS DO CONJUNTO CP951 COMPARADO COM OUTROS TIPOS DE BATERIA<\/strong><\/p>\n<p>&#8211; Maior capacidade e menos peso.<\/p>\n<p>&#8211; N\u00edvel de sa\u00edda forte (permite um aquecimento mais r\u00e1pido das luvas).<\/p>\n<p>&#8211; Escolha entre 4 n\u00edveis diferentes de calor dentro das luvas<\/p>\n<p>&#8211; Tens\u00e3o de descarga constante (a temperatura dentro das luvas permanecer\u00e1 constante at\u00e9 que as baterias estejam totalmente descarregadas).<\/p>\n<p>&#8211; O recurso de carregamento r\u00e1pido reduz o tempo de carregamento em compara\u00e7\u00e3o com as baterias convencionais<\/p>\n<p>&#8211; Baixa taxa de auto-descarga (uma vez carregada, as baterias ret\u00eam sua energia sem altera\u00e7\u00f5es consider\u00e1veis \u200b\u200bdurante meses).<\/p>\n<p>&#8211; Taxa m\u00ednima de envelhecimento e perda de capacidade devido ao uso.<\/p>\n<\/div>\n","protected":false},"featured_media":422,"template":"","meta":[],"_links":{"self":[{"href":"https:\/\/pekatherm.es\/index.php?rest_route=\/wp\/v2\/product\/1171"}],"collection":[{"href":"https:\/\/pekatherm.es\/index.php?rest_route=\/wp\/v2\/product"}],"about":[{"href":"https:\/\/pekatherm.es\/index.php?rest_route=\/wp\/v2\/types\/product"}],"wp:featuredmedia":[{"embeddable":true,"href":"https:\/\/pekatherm.es\/index.php?rest_route=\/wp\/v2\/media\/422"}],"wp:attachment":[{"href":"https:\/\/pekatherm.es\/index.php?rest_route=%2Fwp%2Fv2%2Fmedia&parent=1171"}],"curies":[{"name":"wp","href":"https:\/\/api.w.org\/{rel}","templated":true}]}}