{"id":1178,"date":"2019-08-26T15:51:39","date_gmt":"2019-08-26T13:51:39","guid":{"rendered":"https:\/\/pekatherm.es\/?product=ae814"},"modified":"2019-08-26T15:51:39","modified_gmt":"2019-08-26T13:51:39","slug":"ae814","status":"publish","type":"product","link":"https:\/\/pekatherm.es\/?product=ae814&lang=pt-pt","title":{"rendered":"AE814 &#8211; Atadura t\u00e9rmica para a regi\u00e3o cervical"},"content":{"rendered":"<ul>\n<li><strong>Aplica\u00e7\u00e3o<\/strong>: zona cervical<\/li>\n<li><strong>Medidas<\/strong>: 65x30cm<\/li>\n<li><strong>Fonte de energia<\/strong>: bateria de l\u00edtio (inclu\u00edda)<\/li>\n<li><strong>Elemento de aquecimento interno<\/strong>: cabeamento resistente<\/li>\n<li><strong>Tens\u00e3o de entrada<\/strong>: 3.7V<\/li>\n<li><strong>Pot\u00eancia<\/strong>: 8W<\/li>\n<li><strong>Temperatura m\u00e1xima aproximada<\/strong>: 55\u00baC<\/li>\n<li><strong>Aquecimento r\u00e1pido<\/strong> (em apenas 60 segundos).<\/li>\n<li><strong>Dura\u00e7\u00e3o operacional<\/strong>: 30\/150 min<\/li>\n<li><strong>Material de base<\/strong>: Borracha SBR<\/li>\n<li><strong>Acabamento<\/strong>: fibras sint\u00e9ticas compostas de poliamida, uretano, nylon e poli\u00e9ster<\/li>\n<\/ul>\n<p><strong>BATERIA &#8211; CARACTER\u00cdSTICAS T\u00c9CNICAS<\/strong>:<\/p>\n<ul>\n<li style=\"list-style-type: none;\">\n<ul>\n<li><strong>Bateria de l\u00edtio recarreg\u00e1vel<\/strong> de 3.7V 2200mAh, autonomia operacional aproximada: 150min, tempo aproximado de carregamento: 4h<\/li>\n<\/ul>\n<\/li>\n<\/ul>\n","protected":false},"excerpt":{"rendered":"<p>EAN 8436531918149<\/p>\n<div>\n<div>\n<p>Esta bandagem t\u00e9rmica \u00e9 alimentada por uma bateria de l\u00edtio e foi projetada exclusivamente para a \u00e1rea cervical. \u00c9 especialmente recomendado para atletas, trabalhadores, etc. que sofreram uma les\u00e3o ou pessoas com dores na \u00e1rea do pesco\u00e7o. Seu sistema de carregamento independente permite que voc\u00ea se mova enquanto aquece a \u00e1rea dolorida. Seu tecido de neoprene o torna muito resistente.<\/p>\n<\/div>\n<div><\/div>\n<div>\n<p>&#8211; <strong>As vantagens das bandagens t\u00e9rmicas sobre os m\u00e9todos tradicionais de terapia t\u00e9rmica s\u00e3o basicamente quatro<\/strong>:<\/p>\n<p>1) Eles permitem que a aplica\u00e7\u00e3o local de calor exatamente na \u00e1rea seja tratada. Cada modelo de bandagem foi projetado para uma regi\u00e3o espec\u00edfica, para que o calor seja aplicado onde for mais eficaz. Como resultado, as ataduras foram providas de meios para prender, de modo que eles possam permanecer na posi\u00e7\u00e3o correta durante todo o per\u00edodo de utiliza\u00e7\u00e3o.<\/p>\n<p>2) A energia da bateria permite total liberdade de movimento<\/p>\n<p>3) A opera\u00e7\u00e3o de baixa tens\u00e3o garante a m\u00e1xima seguran\u00e7a no uso<\/p>\n<p>4) O tecido \u00e0 base de neoprene possui qualidades t\u00e9cnicas \u00fanicas: \u00e9 um excelente isolante t\u00e9rmico que ret\u00e9m o calor, mantendo-o concentrado na \u00e1rea da junta. Por outro lado, sua elasticidade permite um ajuste perfeito ao corpo e uma compress\u00e3o suave distribu\u00edda uniformemente por toda a \u00e1rea da articula\u00e7\u00e3o, o que favorece a penetra\u00e7\u00e3o de calor nele.<\/p>\n<p>Todos os nossos modelos foram projetados para se adaptarem exclusivamente \u00e0s juntas e regi\u00f5es do corpo de curvatura muito dif\u00edcil, permitindo a aplica\u00e7\u00e3o eficaz do calor. Nossos desenhos inovadores apresentam faixas el\u00e1sticas com velcro, para que possam ser fixadas com firmeza e estabilidade a qualquer articula\u00e7\u00e3o, permitindo o ajuste manual de v\u00e1rias morfologias e permitindo movimentos do corpo sem nunca perder a posi\u00e7\u00e3o.<\/p>\n<p>O tecido ativo de tr\u00eas camadas usado na fabrica\u00e7\u00e3o dessa faixa de ataduras serve como suporte mec\u00e2nico para o m\u00f3dulo de aquecimento interno, al\u00e9m de possuir propriedades t\u00e9cnicas exclusivas.<\/p>\n<\/div>\n<\/div>\n","protected":false},"featured_media":415,"template":"","meta":[],"_links":{"self":[{"href":"https:\/\/pekatherm.es\/index.php?rest_route=\/wp\/v2\/product\/1178"}],"collection":[{"href":"https:\/\/pekatherm.es\/index.php?rest_route=\/wp\/v2\/product"}],"about":[{"href":"https:\/\/pekatherm.es\/index.php?rest_route=\/wp\/v2\/types\/product"}],"wp:featuredmedia":[{"embeddable":true,"href":"https:\/\/pekatherm.es\/index.php?rest_route=\/wp\/v2\/media\/415"}],"wp:attachment":[{"href":"https:\/\/pekatherm.es\/index.php?rest_route=%2Fwp%2Fv2%2Fmedia&parent=1178"}],"curies":[{"name":"wp","href":"https:\/\/api.w.org\/{rel}","templated":true}]}}