{"id":1200,"date":"2019-08-26T14:18:28","date_gmt":"2019-08-26T12:18:28","guid":{"rendered":"https:\/\/pekatherm.es\/?product=gu920"},"modified":"2020-02-07T09:37:52","modified_gmt":"2020-02-07T08:37:52","slug":"gu920","status":"publish","type":"product","link":"https:\/\/pekatherm.es\/?product=gu920&lang=pt-pt","title":{"rendered":"GU920 &#8211; Luvas aquecidas a bateria"},"content":{"rendered":"<div>\n<p>Luvas aquecidas a pilhas<\/p>\n<ul>\n<li><strong>Tamanhos<\/strong>: S \/ M \/ L \/ XL<\/li>\n<li><strong>Material<\/strong>: 100% Poli\u00e9ster<\/li>\n<li><strong>Estrutura do tecido<\/strong>: 5 camadas, incluindo uma membrana interna \u00e0 prova d&#8217;\u00e1gua e outra membrana de isolamento t\u00e9rmico.<\/li>\n<li><strong>Pot\u00eancia m\u00e1xima<\/strong>: 8W<\/li>\n<li><strong>Inclui<\/strong>: duas caixas de bateria 3xAA e dois cabos de extens\u00e3o, baterias n\u00e3o inclu\u00eddas.<\/li>\n<li><strong>Eletr\u00f4nica com fun\u00e7\u00e3o de aquecimento r\u00e1pido<\/strong> (aque\u00e7a em apenas 15 segundos).<\/li>\n<li><strong>Tempo operacional<\/strong>: 4h com baterias AA padr\u00e3o, 9h com baterias de l\u00edtio CP 951.<\/li>\n<li><strong>Temperatura interior m\u00e1xima<\/strong>: 45\u00baC com pilhas AA, at\u00e9 65\u00baC com baterias CP951.<\/li>\n<li><strong>\u00c1reas aquecidas<\/strong>: dorso da m\u00e3o e dedos<\/li>\n<li><strong>Op\u00e7\u00f5es de energia<\/strong>:<\/li>\n<\/ul>\n<p>&#8211; 3 pilhas alcalinas AA ou 3 pilhas recarreg\u00e1veis \u200b\u200bde n\u00edquel AA por luva (duas caixas de bateria 3xAA inclu\u00eddas, pilhas AA n\u00e3o inclu\u00eddas.<\/p>\n<p>&#8211; Para maximizar os recursos (energia de aquecimento e dura\u00e7\u00e3o da bateria), recomenda-se as baterias recarreg\u00e1veis \u200b\u200bde l\u00edtio CP951 especiais (n\u00e3o inclu\u00eddas, compre separadamente).<\/p>\n<ul>\n<li><strong>Caracter\u00edsticas de design:<\/strong><\/li>\n<\/ul>\n<p>&#8211; Tiras reflexivas na parte de tr\u00e1s do lado para melhor visibilidade noturna<\/p>\n<p>&#8211; Pulseira el\u00e1stica para maior estabilidade do pulso<\/p>\n<p>&#8211; Fechamento do antebra\u00e7o com tensor<\/p>\n<p>&#8211; Tecido refor\u00e7ado na \u00e1rea da palma da m\u00e3o e dedos para maior durabilidade<\/p>\n<p>&#8211; Bateria especial ou bolso do estojo da bateria embutido na luva para facilitar o acesso<\/p>\n<p>&#8211; Clipes de fixa\u00e7\u00e3o para manter as duas luvas juntas quando n\u00e3o estiverem em uso<\/p>\n<p>&nbsp;<\/p>\n<\/div>\n<div>\n<div>\n<div>\n<div><img loading=\"lazy\" class=\"alignnone wp-image-388\" src=\"https:\/\/pekatherm.es\/wp-content\/uploads\/2019\/08\/GU920-300x169.jpg\" alt=\"\" width=\"435\" height=\"245\" srcset=\"https:\/\/pekatherm.es\/wp-content\/uploads\/2019\/08\/GU920-300x169.jpg 300w, https:\/\/pekatherm.es\/wp-content\/uploads\/2019\/08\/GU920-768x433.jpg 768w, https:\/\/pekatherm.es\/wp-content\/uploads\/2019\/08\/GU920-1024x577.jpg 1024w, https:\/\/pekatherm.es\/wp-content\/uploads\/2019\/08\/GU920-260x146.jpg 260w, https:\/\/pekatherm.es\/wp-content\/uploads\/2019\/08\/GU920-50x28.jpg 50w, https:\/\/pekatherm.es\/wp-content\/uploads\/2019\/08\/GU920-133x75.jpg 133w, https:\/\/pekatherm.es\/wp-content\/uploads\/2019\/08\/GU920-600x338.jpg 600w, https:\/\/pekatherm.es\/wp-content\/uploads\/2019\/08\/GU920.jpg 1316w\" sizes=\"(max-width: 435px) 100vw, 435px\" \/><\/div>\n<\/div>\n<\/div>\n<\/div>\n","protected":false},"excerpt":{"rendered":"<p>EAN 8436531919221 (Tamanho S)<\/p>\n<p>EAN 8436531919245 (Tamanho M)<\/p>\n<p>EAN 8436531919269 (Tamanho L)<\/p>\n<p>EAN 8436531919283 (Tamanho XL)<\/p>\n<div>\n<div>\n<p>Luvas cl\u00e1ssicas projetadas para atividades ao ar livre em clima frio, clima que pode incluir vento, neve e chuva, onde a mobilidade dos dedos \u00e9 necess\u00e1ria. Imperme\u00e1vel, confort\u00e1vel e eles apresentam um design elegante. Eles s\u00e3o ideais para atividades equestres, ca\u00e7a, pesca, andar de moto, etc. Desenvolvidos para versatilidade de uso, seu design \u00e9 ideal para condi\u00e7\u00f5es moderadamente frias e com frio extremo.<\/p>\n<\/div>\n<div>\n<p>Estrutura de tecido multicamada na qual cada camada foi estudada para criar as qualidades ideais necess\u00e1rias para repelir a \u00e1gua e maximizar o isolamento, mantendo a flexibilidade, o conforto, a facilidade de uso e a durabilidade. As luvas s\u00e3o feitas com uma membrana imperme\u00e1vel e uma membrana de isolamento t\u00e9rmico.<\/p>\n<\/div>\n<div><\/div>\n<\/div>\n<div>\n<div>\n<p>Esta gama de luvas aquecidas foi desenvolvida para versatilidade. O projeto levou em considera\u00e7\u00e3o o uso di\u00e1rio em \u00e1reas urbanas em situa\u00e7\u00f5es de frio moderado, bem como o uso em condi\u00e7\u00f5es e temperaturas mais extremas. Eles foram fabricados com uma estrutura interna de tecido multicamada, na qual cada camada foi cuidadosamente selecionada para garantir que o produto tenha as qualidades ideais necess\u00e1rias para repelir a \u00e1gua e maximizar o isolamento, sem que o produto perca sua flexibilidade, conforto, facilidade de uso e durabilidade.<\/p>\n<p>Os recursos do produto s\u00e3o altamente dependentes do tipo e da qualidade das baterias usadas.<\/p>\n<\/div>\n<div><\/div>\n<\/div>\n","protected":false},"featured_media":389,"template":"","meta":[],"_links":{"self":[{"href":"https:\/\/pekatherm.es\/index.php?rest_route=\/wp\/v2\/product\/1200"}],"collection":[{"href":"https:\/\/pekatherm.es\/index.php?rest_route=\/wp\/v2\/product"}],"about":[{"href":"https:\/\/pekatherm.es\/index.php?rest_route=\/wp\/v2\/types\/product"}],"wp:featuredmedia":[{"embeddable":true,"href":"https:\/\/pekatherm.es\/index.php?rest_route=\/wp\/v2\/media\/389"}],"wp:attachment":[{"href":"https:\/\/pekatherm.es\/index.php?rest_route=%2Fwp%2Fv2%2Fmedia&parent=1200"}],"curies":[{"name":"wp","href":"https:\/\/api.w.org\/{rel}","templated":true}]}}