{"id":1205,"date":"2019-08-26T11:34:39","date_gmt":"2019-08-26T09:34:39","guid":{"rendered":"https:\/\/pekatherm.es\/?product=gu91"},"modified":"2019-08-26T11:34:39","modified_gmt":"2019-08-26T09:34:39","slug":"gu91","status":"publish","type":"product","link":"https:\/\/pekatherm.es\/?product=gu91&lang=pt-pt","title":{"rendered":"GU91 &#8211; Luvas aquecidas a bateria"},"content":{"rendered":"<p>Luvas aquecidas ECO alimentadas por bateria<\/p>\n<ul>\n<li><strong>Tamanhos<\/strong>: S \/ M \/ L \/ XL<\/li>\n<li><strong>Material:<\/strong> 100% Poli\u00e9ster<\/li>\n<li><strong>Estrutura do tecido<\/strong>: 5 camadas, incluindo uma membrana interna \u00e0 prova d&#8217;\u00e1gua e outra membrana de isolamento t\u00e9rmico.<\/li>\n<li><strong>Pot\u00eancia m\u00e1xima<\/strong>: 3.5W<\/li>\n<li><strong>Inclui<\/strong>: duas caixas de bateria 3xAA, pilhas n\u00e3o inclu\u00eddas<\/li>\n<li><strong>Eletr\u00f4nica com fun\u00e7\u00e3o de aquecimento r\u00e1pido<\/strong> (aque\u00e7a em apenas 15 segundos).<\/li>\n<li><strong>Tempo operacional:<\/strong> 4h com baterias AA padr\u00e3o, 8h com baterias CP940, at\u00e9 30h com baterias CP 951.<\/li>\n<li><strong>Temperatura interna m\u00e1xima<\/strong>: 45\u00baC com baterias AA, 50\u00baC com baterias CP940, at\u00e9 85\u00baC com baterias CP951.<\/li>\n<li><strong>\u00c1reas aquecidas<\/strong>: palma da m\u00e3o<\/li>\n<li><strong>Op\u00e7\u00f5es de energia<\/strong>:<\/li>\n<\/ul>\n<p>&#8211; 3 pilhas alcalinas AA ou 3 pilhas recarreg\u00e1veis \u200b\u200bde n\u00edquel AA por luva (duas caixas de bateria 3xAA inclu\u00eddas, pilhas AA n\u00e3o inclu\u00eddas.<\/p>\n<p>&#8211; Para aumentar o tempo de uso, recomenda-se o uso de baterias recarreg\u00e1veis \u200b\u200bespeciais de l\u00edtio CP940 (n\u00e3o inclu\u00eddas, adquiridas separadamente).<\/p>\n<p>&#8211; Para maximizar os recursos (energia de aquecimento e dura\u00e7\u00e3o da bateria), recomenda-se as baterias recarreg\u00e1veis \u200b\u200bde l\u00edtio CP951 especiais (n\u00e3o inclu\u00eddas, compre separadamente).<\/p>\n<p><img loading=\"lazy\" class=\"alignnone wp-image-377\" src=\"https:\/\/pekatherm.es\/wp-content\/uploads\/2019\/08\/GU91-300x218.jpg\" alt=\"\" width=\"398\" height=\"289\" srcset=\"https:\/\/pekatherm.es\/wp-content\/uploads\/2019\/08\/GU91-300x218.jpg 300w, https:\/\/pekatherm.es\/wp-content\/uploads\/2019\/08\/GU91-768x559.jpg 768w, https:\/\/pekatherm.es\/wp-content\/uploads\/2019\/08\/GU91-1024x745.jpg 1024w, https:\/\/pekatherm.es\/wp-content\/uploads\/2019\/08\/GU91-201x146.jpg 201w, https:\/\/pekatherm.es\/wp-content\/uploads\/2019\/08\/GU91-50x36.jpg 50w, https:\/\/pekatherm.es\/wp-content\/uploads\/2019\/08\/GU91-103x75.jpg 103w, https:\/\/pekatherm.es\/wp-content\/uploads\/2019\/08\/GU91-600x437.jpg 600w, https:\/\/pekatherm.es\/wp-content\/uploads\/2019\/08\/GU91.jpg 1047w\" sizes=\"(max-width: 398px) 100vw, 398px\" \/><\/p>\n<p>&nbsp;<\/p>\n<p>&nbsp;<\/p>\n","protected":false},"excerpt":{"rendered":"<p>EAN 8436531910921 (Tamanho S)<\/p>\n<p>EAN 8436531910945 (Tamanho M)<\/p>\n<p>EAN 8436531910969 (Tamanho L)<\/p>\n<p>EAN 8436531910983 (Tamanho XL)<\/p>\n<div>\n<p>Luvas cl\u00e1ssicas projetadas para atividades ao ar livre em clima frio, incluindo vento, neve e chuva, onde a mobilidade dos dedos \u00e9 necess\u00e1ria. Imperme\u00e1vel, confort\u00e1vel e eles apresentam um design elegante.<\/p>\n<p>Eles s\u00e3o ideais para atividades equestres, ca\u00e7a, pesca, passeio de motocicleta, etc. Estrutura de tecido multicamada na qual cada camada foi estudada para criar as qualidades ideais necess\u00e1rias para repelir a \u00e1gua e maximizar o isolamento, mantendo a flexibilidade, o conforto e a facilidade de uso e durabilidade. As luvas s\u00e3o feitas com uma membrana imperme\u00e1vel e uma membrana de isolamento t\u00e9rmico.<\/p>\n<p>Esta gama de luvas aquecidas foi desenvolvida para versatilidade. O projeto levou em considera\u00e7\u00e3o o uso di\u00e1rio em \u00e1reas urbanas em situa\u00e7\u00f5es de frio moderado, bem como o uso em condi\u00e7\u00f5es e temperaturas mais extremas. Eles foram fabricados com uma estrutura interna de tecido multicamada, na qual cada camada foi cuidadosamente selecionada para garantir que o produto tenha as qualidades ideais necess\u00e1rias para repelir a \u00e1gua e maximizar o isolamento, sem que o produto perca sua flexibilidade, conforto, facilidade de uso e durabilidade.<\/p>\n<p><strong>Os recursos do produto s\u00e3o altamente dependentes do tipo e da qualidade das baterias usadas.<\/strong><\/p>\n<\/div>\n","protected":false},"featured_media":378,"template":"","meta":[],"_links":{"self":[{"href":"https:\/\/pekatherm.es\/index.php?rest_route=\/wp\/v2\/product\/1205"}],"collection":[{"href":"https:\/\/pekatherm.es\/index.php?rest_route=\/wp\/v2\/product"}],"about":[{"href":"https:\/\/pekatherm.es\/index.php?rest_route=\/wp\/v2\/types\/product"}],"wp:featuredmedia":[{"embeddable":true,"href":"https:\/\/pekatherm.es\/index.php?rest_route=\/wp\/v2\/media\/378"}],"wp:attachment":[{"href":"https:\/\/pekatherm.es\/index.php?rest_route=%2Fwp%2Fv2%2Fmedia&parent=1205"}],"curies":[{"name":"wp","href":"https:\/\/api.w.org\/{rel}","templated":true}]}}