{"id":1214,"date":"2019-08-21T23:10:55","date_gmt":"2019-08-21T21:10:55","guid":{"rendered":"https:\/\/pekatherm.es\/?product=up210"},"modified":"2019-08-21T23:10:55","modified_gmt":"2019-08-21T21:10:55","slug":"up210","status":"publish","type":"product","link":"https:\/\/pekatherm.es\/?product=up210&lang=pt-pt","title":{"rendered":"UP210 &#8211; Aquecedor de colch\u00e3o de casal em poli\u00e9ster com controlador duplo nao removiveis"},"content":{"rendered":"<p>Aquecedor de colch\u00e3o duplo<\/p>\n<ul>\n<li>2 N\u00edveis de temperatura<\/li>\n<li>150x160cm<\/li>\n<li>Poli\u00e9ster<\/li>\n<li>2x60W<\/li>\n<li>Lav\u00e1vel \u00e0 m\u00e3o<\/li>\n<li>Controlador n\u00e3o separ\u00e1vel<\/li>\n<\/ul>\n","protected":false},"excerpt":{"rendered":"<p>EAN 8436531912178<\/p>\n<p>Com dois controladores de temperatura independentes, esse cobertor diferencia as zonas de conforto da cama, para que cada pessoa possa selecionar sua temperatura ideal para dormir. Uma boa noite de descanso \u00e9 importante para o nosso bem-estar. Um bom sono ter\u00e1 um impacto positivo na sa\u00fade e isso se refletir\u00e1 na sua apar\u00eancia. Gra\u00e7as \u00e0s suas grandes dimens\u00f5es, toda a sua cama estar\u00e1 quente (150 x 160 cm).<\/p>\n<p>Os Aquecedores de colchoes s\u00e3o flex\u00edveis e aquecem a cama em sua totalidade; eles s\u00e3o especialmente projetados para se adaptar aos colch\u00f5es e repousar sobre eles. Com um consumo de energia muito baixo, eles geram um calor crescente suave e eficaz.<\/p>\n<p>O calor \u00e9 importante porque melhora a circula\u00e7\u00e3o sangu\u00ednea, elimina toxinas, relaxa e favorece uma boa noite de sono. Reduz os problemas do sono e torna as noites frias mais agrad\u00e1veis.<\/p>\n<p>O Pekatherm sob mantas \u00e9 100% seguro e confi\u00e1vel, gra\u00e7as a um cabo de aquecimento com bobina dupla, fus\u00edvel t\u00e9rmico duplo e um recurso de parada autom\u00e1tica em caso de mau funcionamento. Tecnologia de seguran\u00e7a m\u00e1xima.<\/p>\n","protected":false},"featured_media":301,"template":"","meta":[],"_links":{"self":[{"href":"https:\/\/pekatherm.es\/index.php?rest_route=\/wp\/v2\/product\/1214"}],"collection":[{"href":"https:\/\/pekatherm.es\/index.php?rest_route=\/wp\/v2\/product"}],"about":[{"href":"https:\/\/pekatherm.es\/index.php?rest_route=\/wp\/v2\/types\/product"}],"wp:featuredmedia":[{"embeddable":true,"href":"https:\/\/pekatherm.es\/index.php?rest_route=\/wp\/v2\/media\/301"}],"wp:attachment":[{"href":"https:\/\/pekatherm.es\/index.php?rest_route=%2Fwp%2Fv2%2Fmedia&parent=1214"}],"curies":[{"name":"wp","href":"https:\/\/api.w.org\/{rel}","templated":true}]}}