{"id":1216,"date":"2019-08-21T23:09:33","date_gmt":"2019-08-21T21:09:33","guid":{"rendered":"https:\/\/pekatherm.es\/?product=up205"},"modified":"2019-08-21T23:09:33","modified_gmt":"2019-08-21T21:09:33","slug":"up205","status":"publish","type":"product","link":"https:\/\/pekatherm.es\/?product=up205&lang=pt-pt","title":{"rendered":"UP205 &#8211; Aquecedor de colch\u00e3o de casal em poli\u00e9ster com controlador duplo nao removiveis"},"content":{"rendered":"<p>Aquecedor de colch\u00e3o duplo<\/p>\n<ul>\n<li>2 N\u00edveis de temperatura<\/li>\n<li>160x140cm<\/li>\n<li>Poli\u00e9ster<\/li>\n<li>2x60W<\/li>\n<li>Lav\u00e1vel \u00e0 m\u00e3o<\/li>\n<li>Controlador n\u00e3o separ\u00e1vel<\/li>\n<\/ul>\n","protected":false},"excerpt":{"rendered":"<p>EAN 8436531912055<\/p>\n<p>Este \u00e9 um Aquecedor de colch\u00e3o\u00a0 que possui dois controladores de temperatura independentes para fornecer diferentes n\u00edveis de calor para diferentes \u00e1reas da cama, para que cada pessoa possa selecionar seu pr\u00f3prio n\u00edvel de conforto para um descanso noturno ideal. Um bom descanso \u00e9 importante para o nosso bem-estar. Dormir bem ter\u00e1 um efeito positivo em nossa sa\u00fade e isso se refletir\u00e1 em nossa apar\u00eancia.<\/p>\n<p>Os Aquecedores de colchoes s\u00e3o flex\u00edveis e aquecem a cama em sua totalidade; eles s\u00e3o especialmente projetados para se adaptar aos colch\u00f5es e repousar sobre eles. Com um consumo de energia muito baixo, eles geram um calor crescente suave e eficaz.<\/p>\n<p>O calor \u00e9 importante porque melhora a circula\u00e7\u00e3o sangu\u00ednea, elimina toxinas, relaxa e favorece uma boa noite de sono. Reduz os problemas do sono e torna as noites frias mais agrad\u00e1veis.<\/p>\n<p>O Pekatherm sob mantas \u00e9 100% seguro e confi\u00e1vel, gra\u00e7as a um cabo de aquecimento com bobina dupla, fus\u00edvel t\u00e9rmico duplo e um recurso de parada autom\u00e1tica em caso de mau funcionamento. Tecnologia de seguran\u00e7a m\u00e1xima.<\/p>\n","protected":false},"featured_media":301,"template":"","meta":[],"_links":{"self":[{"href":"https:\/\/pekatherm.es\/index.php?rest_route=\/wp\/v2\/product\/1216"}],"collection":[{"href":"https:\/\/pekatherm.es\/index.php?rest_route=\/wp\/v2\/product"}],"about":[{"href":"https:\/\/pekatherm.es\/index.php?rest_route=\/wp\/v2\/types\/product"}],"wp:featuredmedia":[{"embeddable":true,"href":"https:\/\/pekatherm.es\/index.php?rest_route=\/wp\/v2\/media\/301"}],"wp:attachment":[{"href":"https:\/\/pekatherm.es\/index.php?rest_route=%2Fwp%2Fv2%2Fmedia&parent=1216"}],"curies":[{"name":"wp","href":"https:\/\/api.w.org\/{rel}","templated":true}]}}