{"id":1217,"date":"2019-08-21T23:08:51","date_gmt":"2019-08-21T21:08:51","guid":{"rendered":"https:\/\/pekatherm.es\/?product=up117"},"modified":"2019-08-21T23:08:51","modified_gmt":"2019-08-21T21:08:51","slug":"up117","status":"publish","type":"product","link":"https:\/\/pekatherm.es\/?product=up117&lang=pt-pt","title":{"rendered":"UP117 &#8211; Aquecedor de colch\u00e3o de solteiro em poli\u00e9ster com controlador n\u00e3o remov\u00edvel"},"content":{"rendered":"<p>Padr\u00e3o aquecedor de colch\u00e3o com controlador \u00fanico.<\/p>\n<ul>\n<li>2 N\u00edveis de temperatura<\/li>\n<li>170x90cm<\/li>\n<li>Poli\u00e9ster<\/li>\n<li>60W<\/li>\n<li>Lav\u00e1vel \u00e0 m\u00e3o<\/li>\n<li>Controlador n\u00e3o separ\u00e1vel<\/li>\n<\/ul>\n","protected":false},"excerpt":{"rendered":"<p>EAN 8436531911201<\/p>\n<p>Este Aquecedor de colch\u00e3o\u00a0 \u00e9 feito para uma cama de solteiro (170 x 90 cm) com um controle n\u00e3o separ\u00e1vel, fabricado em poli\u00e9ster de alta qualidade, projetado para um bom sono e bem-estar. Dormir bem trar\u00e1 efeitos positivos \u00e0 sua sa\u00fade e isso se refletir\u00e1 em sua boa apar\u00eancia, humor e uma perspectiva positiva no dia seguinte.<\/p>\n<p>Os Aquecedores de colchoes s\u00e3o flex\u00edveis e aquecem a cama em sua totalidade; eles s\u00e3o especialmente projetados para se adaptar aos colch\u00f5es e repousar sobre eles. Com um consumo de energia muito baixo, eles geram um calor crescente suave e eficaz.<\/p>\n<p>O calor \u00e9 importante porque melhora a circula\u00e7\u00e3o sangu\u00ednea, elimina toxinas, relaxa e favorece uma boa noite de sono. Reduz os problemas do sono e torna as noites frias mais agrad\u00e1veis.<\/p>\n<p>O Pekatherm sob mantas \u00e9 100% seguro e confi\u00e1vel, gra\u00e7as a um cabo de aquecimento com bobina dupla, fus\u00edvel t\u00e9rmico duplo e um recurso de parada autom\u00e1tica em caso de mau funcionamento. Tecnologia de seguran\u00e7a m\u00e1xima.<\/p>\n","protected":false},"featured_media":302,"template":"","meta":[],"_links":{"self":[{"href":"https:\/\/pekatherm.es\/index.php?rest_route=\/wp\/v2\/product\/1217"}],"collection":[{"href":"https:\/\/pekatherm.es\/index.php?rest_route=\/wp\/v2\/product"}],"about":[{"href":"https:\/\/pekatherm.es\/index.php?rest_route=\/wp\/v2\/types\/product"}],"wp:featuredmedia":[{"embeddable":true,"href":"https:\/\/pekatherm.es\/index.php?rest_route=\/wp\/v2\/media\/302"}],"wp:attachment":[{"href":"https:\/\/pekatherm.es\/index.php?rest_route=%2Fwp%2Fv2%2Fmedia&parent=1217"}],"curies":[{"name":"wp","href":"https:\/\/api.w.org\/{rel}","templated":true}]}}