{"id":1219,"date":"2019-08-21T23:07:29","date_gmt":"2019-08-21T21:07:29","guid":{"rendered":"https:\/\/pekatherm.es\/?product=up105"},"modified":"2019-08-21T23:07:29","modified_gmt":"2019-08-21T21:07:29","slug":"up105","status":"publish","type":"product","link":"https:\/\/pekatherm.es\/?product=up105&lang=pt-pt","title":{"rendered":"UP105 &#8211; Aquecedor de colch\u00e3o de solteiro em poli\u00e9ster com controlador n\u00e3o remov\u00edvel"},"content":{"rendered":"<p>Padr\u00e3o aquecedor de colch\u00e3o com controlador \u00fanico.<\/p>\n<ul>\n<li>2 N\u00edveis de temperatura<\/li>\n<li>150x80cm<\/li>\n<li>Poli\u00e9ster<\/li>\n<li>60W<\/li>\n<li>Lav\u00e1vel \u00e0 m\u00e3o<\/li>\n<li>Controlador n\u00e3o separ\u00e1vel<\/li>\n<\/ul>\n","protected":false},"excerpt":{"rendered":"<p>EAN 8436531911058<\/p>\n<p>Este modelo de Aquecedor de colch\u00e3o (150&#215;80) possui um \u00fanico controlador n\u00e3o separ\u00e1vel. Este producto de alta qualidade \u00e9 fabricado em poli\u00e9ster e foi projetado para proporcionar um bom descanso e bem-estar enquanto voc\u00ea dorme. Uma boa noite de sono tem um efeito positivo na sua sa\u00fade, que ser\u00e1 refletido em sua apar\u00eancia, humor e lhe dar\u00e1 uma atitude positiva para come\u00e7ar o dia.<\/p>\n<p>Os Aquecedores de colchoes s\u00e3o flex\u00edveis e aquecem a cama em sua totalidade; eles s\u00e3o especialmente projetados para se adaptar aos colch\u00f5es e repousar sobre eles. Com um consumo de energia muito baixo, eles geram um calor crescente suave e eficaz.<\/p>\n<p>O calor \u00e9 importante porque melhora a circula\u00e7\u00e3o sangu\u00ednea, elimina toxinas, relaxa e favorece uma boa noite de sono. Reduz os problemas do sono e torna as noites frias mais agrad\u00e1veis.<\/p>\n<p>O Pekatherm sob mantas \u00e9 100% seguro e confi\u00e1vel, gra\u00e7as a um cabo de aquecimento com bobina dupla, fus\u00edvel t\u00e9rmico duplo e um recurso de parada autom\u00e1tica em caso de mau funcionamento. Tecnologia de seguran\u00e7a m\u00e1xima.<\/p>\n","protected":false},"featured_media":302,"template":"","meta":[],"_links":{"self":[{"href":"https:\/\/pekatherm.es\/index.php?rest_route=\/wp\/v2\/product\/1219"}],"collection":[{"href":"https:\/\/pekatherm.es\/index.php?rest_route=\/wp\/v2\/product"}],"about":[{"href":"https:\/\/pekatherm.es\/index.php?rest_route=\/wp\/v2\/types\/product"}],"wp:featuredmedia":[{"embeddable":true,"href":"https:\/\/pekatherm.es\/index.php?rest_route=\/wp\/v2\/media\/302"}],"wp:attachment":[{"href":"https:\/\/pekatherm.es\/index.php?rest_route=%2Fwp%2Fv2%2Fmedia&parent=1219"}],"curies":[{"name":"wp","href":"https:\/\/api.w.org\/{rel}","templated":true}]}}