{"id":1222,"date":"2019-08-21T23:04:44","date_gmt":"2019-08-21T21:04:44","guid":{"rendered":"https:\/\/pekatherm.es\/?product=up205d"},"modified":"2019-08-21T23:04:44","modified_gmt":"2019-08-21T21:04:44","slug":"up205d","status":"publish","type":"product","link":"https:\/\/pekatherm.es\/?product=up205d&lang=pt-pt","title":{"rendered":"UP205D &#8211; Aquecedor de colch\u00e3o de casal em poli\u00e9ster com controlador duplo removiveis"},"content":{"rendered":"<p>Acquecedor de colch\u00e3o duplo.<\/p>\n<ul>\n<li>3 N\u00edveis de temperatura<\/li>\n<li>160x140cm<\/li>\n<li>Poli\u00e9ster<\/li>\n<li>2x60W<\/li>\n<li>Controle Remov\u00edvel<\/li>\n<li>Lav\u00e1vel \u00e0 m\u00e3o ou \u00e0 m\u00e1quina<\/li>\n<\/ul>\n","protected":false},"excerpt":{"rendered":"<p>EAN 8436531912062<\/p>\n<p>Este \u00e9 um Aquecedor de colch\u00e3o fabricado em poli\u00e9ster de alta qualidade que possui controladores de temperatura duplos e independentes para fornecer diferentes n\u00edveis de calor para diferentes \u00e1reas da cama, para que cada pessoa possa selecionar seu pr\u00f3prio n\u00edvel de conforto para uma noite ideal de descanso. Ele foi projetado para otimizar o descanso do seu corpo e obter o bem-estar que favorece nossa sa\u00fade. \u00c9 facilmente lav\u00e1vel gra\u00e7as aos seus controladores remov\u00edveis \u200b\u200be pode ser lavado na m\u00e1quina.<\/p>\n<p>Os Aquecedores de colchoes s\u00e3o flex\u00edveis e aquecem a cama em sua totalidade; eles s\u00e3o especialmente projetados para se adaptar aos colch\u00f5es e repousar sobre eles. Com um consumo de energia muito baixo, eles geram um calor crescente suave e eficaz.<\/p>\n<p>O calor \u00e9 importante porque melhora a circula\u00e7\u00e3o sangu\u00ednea, elimina toxinas, relaxa e favorece uma boa noite de sono. Reduz os problemas do sono e torna as noites frias mais agrad\u00e1veis.<\/p>\n<p>Aproveite o calor terap\u00eautico. O calor melhora a circula\u00e7\u00e3o sangu\u00ednea, elimina toxinas, relaxa e favorece o descanso. Voc\u00ea reduzir\u00e1 os problemas de sono, tornando as noites frias mais quentes e mais agrad\u00e1veis \u200b\u200bembaixo do seu cobertor.<\/p>\n<p>O Aquecedor de colch\u00e3o Pekatherm \u00e9 100% seguro e confi\u00e1vel, gra\u00e7as \u00e0 fia\u00e7\u00e3o dupla, ao fus\u00edvel t\u00e9rmico duplo e \u00e0 desconex\u00e3o autom\u00e1tica em caso de mau funcionamento. Desfrute de tecnologia que fornece seguran\u00e7a m\u00e1xima.<\/p>\n","protected":false},"featured_media":303,"template":"","meta":[],"_links":{"self":[{"href":"https:\/\/pekatherm.es\/index.php?rest_route=\/wp\/v2\/product\/1222"}],"collection":[{"href":"https:\/\/pekatherm.es\/index.php?rest_route=\/wp\/v2\/product"}],"about":[{"href":"https:\/\/pekatherm.es\/index.php?rest_route=\/wp\/v2\/types\/product"}],"wp:featuredmedia":[{"embeddable":true,"href":"https:\/\/pekatherm.es\/index.php?rest_route=\/wp\/v2\/media\/303"}],"wp:attachment":[{"href":"https:\/\/pekatherm.es\/index.php?rest_route=%2Fwp%2Fv2%2Fmedia&parent=1222"}],"curies":[{"name":"wp","href":"https:\/\/api.w.org\/{rel}","templated":true}]}}