{"id":1223,"date":"2019-08-21T23:03:56","date_gmt":"2019-08-21T21:03:56","guid":{"rendered":"https:\/\/pekatherm.es\/?product=up117d"},"modified":"2019-08-21T23:03:56","modified_gmt":"2019-08-21T21:03:56","slug":"up117d","status":"publish","type":"product","link":"https:\/\/pekatherm.es\/?product=up117d&lang=pt-pt","title":{"rendered":"UP117D &#8211;  Aquecedor de colch\u00e3o individual em poli\u00e9ster com controlador remov\u00edvel"},"content":{"rendered":"<p>Padr\u00e3o aquecedor de colch\u00e3o com controlador \u00fanico.<\/p>\n<ul>\n<li>3 N\u00edveis de temperatura<\/li>\n<li>170x90cm<\/li>\n<li>Poli\u00e9ster<\/li>\n<li>60W<\/li>\n<li>Controle Remov\u00edvel<\/li>\n<li>Lav\u00e1vel \u00e0 m\u00e3o ou \u00e0 m\u00e1quina<\/li>\n<\/ul>\n","protected":false},"excerpt":{"rendered":"<p>EAN 8436531911225<\/p>\n<p>Este Aquecedor de colch\u00e3o\u00a0 \u00e9 fabricado em poli\u00e9ster de alta qualidade e possui um controlador destac\u00e1vel para facilitar a lavagem. Ajusta-se perfeitamente a qualquer cama de solteiro. Foi desenvolvido especialmente para obter os benef\u00edcios e o bem-estar do bom descanso, t\u00e3o positivos para a nossa sa\u00fade. Gra\u00e7as \u00e0s suas grandes dimens\u00f5es, toda a sua cama estar\u00e1 quente (170 x 90 cm).<\/p>\n<p>Os Aquecedores de colchoes s\u00e3o flex\u00edveis e aquecem a cama em sua totalidade; eles s\u00e3o especialmente projetados para se adaptar aos colch\u00f5es e repousar sobre eles. Com um consumo de energia muito baixo, eles geram um calor crescente suave e eficaz.<\/p>\n<p>O calor \u00e9 importante porque melhora a circula\u00e7\u00e3o sangu\u00ednea, elimina toxinas, relaxa e favorece uma boa noite de sono. Reduz os problemas do sono e torna as noites frias mais agrad\u00e1veis.<\/p>\n<p>Aproveite o calor terap\u00eautico. O calor melhora a circula\u00e7\u00e3o sangu\u00ednea, elimina toxinas, relaxa e favorece o descanso. Voc\u00ea reduzir\u00e1 os problemas de sono, tornando as noites frias mais quentes e mais agrad\u00e1veis \u200b\u200bembaixo do seu cobertor.<\/p>\n<p>O Aquecedor de colch\u00e3o Pekatherm \u00e9 100% seguro e confi\u00e1vel, gra\u00e7as \u00e0 fia\u00e7\u00e3o dupla, ao fus\u00edvel t\u00e9rmico duplo e \u00e0 desconex\u00e3o autom\u00e1tica em caso de mau funcionamento. Desfrute de tecnologia que fornece seguran\u00e7a m\u00e1xima.<\/p>\n","protected":false},"featured_media":304,"template":"","meta":[],"_links":{"self":[{"href":"https:\/\/pekatherm.es\/index.php?rest_route=\/wp\/v2\/product\/1223"}],"collection":[{"href":"https:\/\/pekatherm.es\/index.php?rest_route=\/wp\/v2\/product"}],"about":[{"href":"https:\/\/pekatherm.es\/index.php?rest_route=\/wp\/v2\/types\/product"}],"wp:featuredmedia":[{"embeddable":true,"href":"https:\/\/pekatherm.es\/index.php?rest_route=\/wp\/v2\/media\/304"}],"wp:attachment":[{"href":"https:\/\/pekatherm.es\/index.php?rest_route=%2Fwp%2Fv2%2Fmedia&parent=1223"}],"curies":[{"name":"wp","href":"https:\/\/api.w.org\/{rel}","templated":true}]}}