{"id":1226,"date":"2019-08-21T23:00:47","date_gmt":"2019-08-21T21:00:47","guid":{"rendered":"https:\/\/pekatherm.es\/?product=up210df"},"modified":"2019-08-21T23:00:47","modified_gmt":"2019-08-21T21:00:47","slug":"up210df","status":"publish","type":"product","link":"https:\/\/pekatherm.es\/?product=up210df&lang=pt-pt","title":{"rendered":"UP210DF &#8211; Aquecedor de colch\u00e3o de casal em poli\u00e9ster com controlador duplo e recursos de gama premium"},"content":{"rendered":"<p>Aquecedor de colch\u00e3o duplo e recursos de gama premium<\/p>\n<ul>\n<li>4 n\u00edveis de temperatura<\/li>\n<li>150x160cm<\/li>\n<li>Poli\u00e9ster<\/li>\n<li>2x120W<\/li>\n<li>Controlador de temperatura destac\u00e1vel<\/li>\n<li>Lav\u00e1vel \u00e0 m\u00e3o ou \u00e0 m\u00e1quina<\/li>\n<li>1 minuto para aquecer<\/li>\n<li>12h AutoStop<\/li>\n<\/ul>\n","protected":false},"excerpt":{"rendered":"<p>EAN 8436531912185<\/p>\n<p>Este Aquecedor de colch\u00e3o \u00e9 fabricado em poli\u00e9ster com recursos de alta gama. Seu sistema de aquecimento r\u00e1pido aquece sua cama em alguns segundos, para que voc\u00ea possa evitar entrar em uma cama fria sem ter que esperar.<\/p>\n<p>Seu controle de temperatura destac\u00e1vel, juntamente com quatro n\u00edveis de calor, permitem que voc\u00ea desfrute n\u00e3o apenas da sua cama, mas tamb\u00e9m do seu sono. Possui dois controladores destac\u00e1veis \u200b\u200be independentes que diferenciam o n\u00edvel de conforto de cada pessoa, para que cada um de voc\u00eas possa selecionar a temperatura ideal para o seu melhor sono.<\/p>\n<p>Estes aquecedores s\u00e3o projetados especialmente para oferecer flexibilidade, para que se adaptem ao colch\u00e3o e ao seu corpo. Com baixo consumo de energia, eles ainda geram um aumento eficiente do calor. Baixo consumo combinado com grande potencial de aquecimento nos ajudar\u00e1 a economizar energia. Ao utilizar o nosso aquecedor de colch\u00e3o de baixo consumo \u00e9 suficiente para que voce possa dormir tranquilamente a noite toda, sem a necessidade de um outro aquecedor em seu quarto.<\/p>\n<p>Aproveite o calor terap\u00eautico. O calor melhora a circula\u00e7\u00e3o sangu\u00ednea, elimina toxinas, relaxa e favorece o descanso. Voc\u00ea reduzir\u00e1 os problemas de sono, tornando as noites frias mais quentes e mais agrad\u00e1veis \u200b\u200bembaixo do seu cobertor.<\/p>\n<p>O Aquecedor de colch\u00e3o Pekatherm \u00e9 100% seguro e confi\u00e1vel, gra\u00e7as \u00e0 fia\u00e7\u00e3o dupla, ao fus\u00edvel t\u00e9rmico duplo e \u00e0 desconex\u00e3o autom\u00e1tica em caso de mau funcionamento. Desfrute de tecnologia que fornece seguran\u00e7a m\u00e1xima.<\/p>\n","protected":false},"featured_media":305,"template":"","meta":[],"_links":{"self":[{"href":"https:\/\/pekatherm.es\/index.php?rest_route=\/wp\/v2\/product\/1226"}],"collection":[{"href":"https:\/\/pekatherm.es\/index.php?rest_route=\/wp\/v2\/product"}],"about":[{"href":"https:\/\/pekatherm.es\/index.php?rest_route=\/wp\/v2\/types\/product"}],"wp:featuredmedia":[{"embeddable":true,"href":"https:\/\/pekatherm.es\/index.php?rest_route=\/wp\/v2\/media\/305"}],"wp:attachment":[{"href":"https:\/\/pekatherm.es\/index.php?rest_route=%2Fwp%2Fv2%2Fmedia&parent=1226"}],"curies":[{"name":"wp","href":"https:\/\/api.w.org\/{rel}","templated":true}]}}