{"id":1228,"date":"2019-08-21T22:59:16","date_gmt":"2019-08-21T20:59:16","guid":{"rendered":"https:\/\/pekatherm.es\/?product=up110df"},"modified":"2019-08-21T22:59:16","modified_gmt":"2019-08-21T20:59:16","slug":"up110df","status":"publish","type":"product","link":"https:\/\/pekatherm.es\/?product=up110df&lang=pt-pt","title":{"rendered":"UP110DF &#8211; Aquecedor de colch\u00e3o em poliester de solteiro, com recursos de primeira linha"},"content":{"rendered":"<p>Aquecedor de colch\u00e3o de primeira linha<\/p>\n<ul>\n<li>4 n\u00edveis de temperatura<\/li>\n<li>150x80cm<\/li>\n<li>Poli\u00e9ster<\/li>\n<li>120W<\/li>\n<li>Controlador de temperatura destac\u00e1vel<\/li>\n<li>Lav\u00e1vel \u00e0 m\u00e3o ou \u00e0 m\u00e1quina<\/li>\n<li>1 minuto para aquecer<\/li>\n<li>12h AutoStop<\/li>\n<\/ul>\n","protected":false},"excerpt":{"rendered":"<p>EAN 8436531911188<\/p>\n<p>Esta \u00e9 uma qualidade superior fabricada sob manta em poli\u00e9ster com recursos de alta gama. Seu aquecimento ultrarr\u00e1pido aquece sua cama em alguns segundos, para que voc\u00ea possa esquecer rapidamente o frio. Possui um controlador destac\u00e1vel, juntamente com quatro n\u00edveis de calor que far\u00e3o voc\u00ea dormir novamente em sua cama.<\/p>\n<p>Estes aquecedores s\u00e3o projetados especialmente para oferecer flexibilidade, para que se adaptem ao colch\u00e3o e ao seu corpo. Com baixo consumo de energia, eles ainda geram um aumento eficiente do calor. Baixo consumo combinado com grande potencial de aquecimento nos ajudar\u00e1 a economizar energia. Ao utilizar o nosso aquecedor de colch\u00e3o de baixo consumo \u00e9 suficiente para que voce possa dormir tranquilamente a noite toda, sem a necessidade de um outro aquecedor em seu quarto.<\/p>\n<p>Aproveite o calor terap\u00eautico. O calor melhora a circula\u00e7\u00e3o sangu\u00ednea, elimina toxinas, relaxa e favorece o descanso. Voc\u00ea reduzir\u00e1 os problemas de sono, tornando as noites frias mais quentes e mais agrad\u00e1veis \u200b\u200bembaixo do seu cobertor.<\/p>\n<p>O Aquecedor de colch\u00e3o Pekatherm \u00e9 100% seguro e confi\u00e1vel, gra\u00e7as \u00e0 fia\u00e7\u00e3o dupla, ao fus\u00edvel t\u00e9rmico duplo e \u00e0 desconex\u00e3o autom\u00e1tica em caso de mau funcionamento. Desfrute de tecnologia que fornece seguran\u00e7a m\u00e1xima.<\/p>\n","protected":false},"featured_media":306,"template":"","meta":[],"_links":{"self":[{"href":"https:\/\/pekatherm.es\/index.php?rest_route=\/wp\/v2\/product\/1228"}],"collection":[{"href":"https:\/\/pekatherm.es\/index.php?rest_route=\/wp\/v2\/product"}],"about":[{"href":"https:\/\/pekatherm.es\/index.php?rest_route=\/wp\/v2\/types\/product"}],"wp:featuredmedia":[{"embeddable":true,"href":"https:\/\/pekatherm.es\/index.php?rest_route=\/wp\/v2\/media\/306"}],"wp:attachment":[{"href":"https:\/\/pekatherm.es\/index.php?rest_route=%2Fwp%2Fv2%2Fmedia&parent=1228"}],"curies":[{"name":"wp","href":"https:\/\/api.w.org\/{rel}","templated":true}]}}