{"id":1236,"date":"2019-08-21T22:49:54","date_gmt":"2019-08-21T20:49:54","guid":{"rendered":"https:\/\/pekatherm.es\/?product=f70"},"modified":"2019-08-21T22:49:54","modified_gmt":"2019-08-21T20:49:54","slug":"f70","status":"publish","type":"product","link":"https:\/\/pekatherm.es\/?product=f70&lang=pt-pt","title":{"rendered":"F70 &#8211; Aquecedor de p\u00e9s com almofada remov\u00edvel"},"content":{"rendered":"<p>Aquecedor de p\u00e9s tipo botas com almofada de calor separ\u00e1vel e sistema de aquecimento especial para aquecimento r\u00e1pido.<\/p>\n<ul>\n<li>4 N\u00edveis de temperatura<\/li>\n<li>31x31x30cm<\/li>\n<li>Poli\u00e9ster<\/li>\n<li>110W<\/li>\n<li>30 segundos para aquecer<\/li>\n<li>Aquecedor de p\u00e9s tipo botas com almofada de calor separ\u00e1vel,lav\u00e1vel \u00e0 m\u00e3o ou \u00e0 m\u00e1quina<\/li>\n<li>2h AutoStop<\/li>\n<\/ul>\n","protected":false},"excerpt":{"rendered":"<p>EAN 8436531910709<\/p>\n<p>Voc\u00ea aproveitar\u00e1 o inverno como nosso aquecedor de p\u00e9s\u00a0 com almofada remov\u00edvel. Sua alta capacidade de aquecimento garante que voc\u00ea se sinta confort\u00e1vel enquanto assiste televis\u00e3o ou descansa. Voc\u00ea mant\u00e9m o frio longe e desfruta do toque suave sentado ou deitado em um sof\u00e1. Com a terapia t\u00e9rmica, voc\u00ea cuida de si e de seus entes queridos.<\/p>\n<ul>\n<li>Possui abertura frontal total com z\u00edper duplo para facilitar o acesso e a limpeza da \u00e1rea interna.<\/li>\n<li>Excelente isolamento gra\u00e7as \u00e0 almofada interna espessa, evitando a perda de calor por contato com o piso<\/li>\n<li>Lav\u00e1vel \u00e0 m\u00e1quina ou \u00e0 m\u00e3o, pois \u00e9 facilmente separ\u00e1vel. Lavagem \u00e0 m\u00e1quina a no m\u00e1ximo 30\u00baC<\/li>\n<\/ul>\n<p>&nbsp;<\/p>\n<p>A Pekatherm, fornece tecnologia de alta qualidade. O sistema Pekathermco permite ajustar a temperatura ao ambiente. Seu sistema de aquecimento r\u00e1pido aquece os p\u00e9s em alguns segundos. Al\u00e9m disso, tem uma fun\u00e7\u00e3o dupla. Um sistema separ\u00e1vel permite que voc\u00ea a use como uma almofada, permitindo a aplica\u00e7\u00e3o de calor onde quer que voc\u00ea escolha. Relaxe e aproveite o calor. Voc\u00ea merece.<\/p>\n<p>&nbsp;<\/p>\n","protected":false},"featured_media":311,"template":"","meta":[],"_links":{"self":[{"href":"https:\/\/pekatherm.es\/index.php?rest_route=\/wp\/v2\/product\/1236"}],"collection":[{"href":"https:\/\/pekatherm.es\/index.php?rest_route=\/wp\/v2\/product"}],"about":[{"href":"https:\/\/pekatherm.es\/index.php?rest_route=\/wp\/v2\/types\/product"}],"wp:featuredmedia":[{"embeddable":true,"href":"https:\/\/pekatherm.es\/index.php?rest_route=\/wp\/v2\/media\/311"}],"wp:attachment":[{"href":"https:\/\/pekatherm.es\/index.php?rest_route=%2Fwp%2Fv2%2Fmedia&parent=1236"}],"curies":[{"name":"wp","href":"https:\/\/api.w.org\/{rel}","templated":true}]}}