{"id":1239,"date":"2019-08-21T22:48:14","date_gmt":"2019-08-21T20:48:14","guid":{"rendered":"https:\/\/pekatherm.es\/?product=ss35td"},"modified":"2019-08-21T22:48:14","modified_gmt":"2019-08-21T20:48:14","slug":"ss35td","status":"publish","type":"product","link":"https:\/\/pekatherm.es\/?product=ss35td&lang=pt-pt","title":{"rendered":"SS35TD &#8211; Almofada de poli\u00e9ster cervical-dorsal especial"},"content":{"rendered":"<p>Almofada de aquecimento ergon\u00f4mica para uso na regi\u00e3o cervical e nas costas.<\/p>\n<ul>\n<li>3 N\u00edveis de temperatura<\/li>\n<li>56x39cm<\/li>\n<li>Poli\u00e9ster<\/li>\n<li>100W<\/li>\n<li>Controlador remov\u00edvel<\/li>\n<li>Lav\u00e1vel \u00e0 m\u00e3o ou \u00e0 m\u00e1quina<\/li>\n<li>2h AutoStop<\/li>\n<\/ul>\n","protected":false},"excerpt":{"rendered":"<p>EAN 8436531910341<\/p>\n<p>Esta almofada foi projetada para fornecer al\u00edvio espec\u00edfico e localizado na regi\u00e3o cervical e nas costas. Fabricado em poli\u00e9ster macio, permitir\u00e1 que voc\u00ea forne\u00e7a rapidamente descanso e al\u00edvio a essas duas \u00e1reas. Voc\u00ea pode selecionar entre tr\u00eas configura\u00e7\u00f5es diferentes de temperatura. Seu regulador destac\u00e1vel permite lavar o cinto quantas vezes for necess\u00e1rio e ele sempre retornar\u00e1 \u00e0 sua frescura do primeiro dia.<\/p>\n<p>Nossa linha de almofadas t\u00e9rmicas foi projetada para que voc\u00ea possa aliviar suas tens\u00f5es musculares, suas doen\u00e7as e, ao faz\u00ea-lo, recupere sua for\u00e7a e use seu tempo para fazer o que gosta e gosta. N\u00f3s projetamos para voc\u00ea relaxar, para melhorar sua sa\u00fade e beleza.\u00a0A Pekatherm quer que voc\u00ea se cuide, melhore sua qualidade de vida e desfrute de todos os benef\u00edcios que o calor pode oferecer. Desde tempos antigos, o uso do calor como agente terap\u00eautico tem utilizado aplica\u00e7\u00f5es como panos quentes, ceras ou \u00f3leos, mas agora tudo mudou; alta tecnologia foi colocada a servi\u00e7o da sua sa\u00fade atrav\u00e9s de tecidos e calor.<\/p>\n","protected":false},"featured_media":1552,"template":"","meta":[],"_links":{"self":[{"href":"https:\/\/pekatherm.es\/index.php?rest_route=\/wp\/v2\/product\/1239"}],"collection":[{"href":"https:\/\/pekatherm.es\/index.php?rest_route=\/wp\/v2\/product"}],"about":[{"href":"https:\/\/pekatherm.es\/index.php?rest_route=\/wp\/v2\/types\/product"}],"wp:featuredmedia":[{"embeddable":true,"href":"https:\/\/pekatherm.es\/index.php?rest_route=\/wp\/v2\/media\/1552"}],"wp:attachment":[{"href":"https:\/\/pekatherm.es\/index.php?rest_route=%2Fwp%2Fv2%2Fmedia&parent=1239"}],"curies":[{"name":"wp","href":"https:\/\/api.w.org\/{rel}","templated":true}]}}