{"id":1242,"date":"2019-08-21T22:44:46","date_gmt":"2019-08-21T20:44:46","guid":{"rendered":"https:\/\/pekatherm.es\/?product=ss30td"},"modified":"2019-08-21T22:44:46","modified_gmt":"2019-08-21T20:44:46","slug":"ss30td","status":"publish","type":"product","link":"https:\/\/pekatherm.es\/?product=ss30td&lang=pt-pt","title":{"rendered":"SS30TD &#8211; Cinto lombar especial de poli\u00e9ster"},"content":{"rendered":"<p>Almofada de aquecimento ergon\u00f4mica para uso na lombar .<\/p>\n<ul>\n<li>3 N\u00edveis de temperatura<\/li>\n<li>53x28cm<\/li>\n<li>Poli\u00e9ster<\/li>\n<li>100W<\/li>\n<li>Controlador remov\u00edvel<\/li>\n<li>Lav\u00e1vel \u00e0 m\u00e3o ou \u00e0 m\u00e1quina<\/li>\n<li>2 h AutoStop<\/li>\n<\/ul>\n","protected":false},"excerpt":{"rendered":"<p>EAN 8436531910334<\/p>\n<p>Este cinto lombar foi projetado especificamente para al\u00edvio da \u00e1rea lombar. Fabricado em poli\u00e9ster macio, permite trazer al\u00edvio rapidamente para a regi\u00e3o lombar. Voc\u00ea pode selecionar entre tr\u00eas configura\u00e7\u00f5es de temperatura. Seu regulador destac\u00e1vel permite lavar o cinto quantas vezes for necess\u00e1rio e ele sempre retornar\u00e1 \u00e0 sua frescura do primeiro dia.<\/p>\n<p>Nossa linha de almofadas t\u00e9rmicas foi projetada para que voc\u00ea possa aliviar suas tens\u00f5es musculares, suas doen\u00e7as e, ao faz\u00ea-lo, recupere sua for\u00e7a e use seu tempo para fazer o que gosta e gosta. N\u00f3s projetamos para voc\u00ea relaxar, para melhorar sua sa\u00fade e beleza.\u00a0A Pekatherm quer que voc\u00ea se cuide, melhore sua qualidade de vida e desfrute de todos os benef\u00edcios que o calor pode oferecer. Desde tempos antigos, o uso do calor como agente terap\u00eautico tem utilizado aplica\u00e7\u00f5es como panos quentes, ceras ou \u00f3leos, mas agora tudo mudou; alta tecnologia foi colocada a servi\u00e7o da sua sa\u00fade atrav\u00e9s de tecidos e calor.<\/p>\n","protected":false},"featured_media":1547,"template":"","meta":[],"_links":{"self":[{"href":"https:\/\/pekatherm.es\/index.php?rest_route=\/wp\/v2\/product\/1242"}],"collection":[{"href":"https:\/\/pekatherm.es\/index.php?rest_route=\/wp\/v2\/product"}],"about":[{"href":"https:\/\/pekatherm.es\/index.php?rest_route=\/wp\/v2\/types\/product"}],"wp:featuredmedia":[{"embeddable":true,"href":"https:\/\/pekatherm.es\/index.php?rest_route=\/wp\/v2\/media\/1547"}],"wp:attachment":[{"href":"https:\/\/pekatherm.es\/index.php?rest_route=%2Fwp%2Fv2%2Fmedia&parent=1242"}],"curies":[{"name":"wp","href":"https:\/\/api.w.org\/{rel}","templated":true}]}}