{"id":1245,"date":"2019-08-21T22:41:58","date_gmt":"2019-08-21T20:41:58","guid":{"rendered":"https:\/\/pekatherm.es\/?product=s40"},"modified":"2020-02-07T11:13:35","modified_gmt":"2020-02-07T10:13:35","slug":"s40","status":"publish","type":"product","link":"https:\/\/pekatherm.es\/?product=s40&lang=pt-pt","title":{"rendered":"S40 &#8211; Almofada especial de PVC projetada para \u00e1reas cervicais, ombros e costas"},"content":{"rendered":"<p>Almofada de aquecimento ergon\u00f4mica na\u00a0\u00e1rea cervical, ombros e costas inteiras. .<\/p>\n<ul>\n<li>4 N\u00edveis de temperatura<\/li>\n<li>57x46cm<\/li>\n<li>PVC<\/li>\n<li>120W<\/li>\n<li>15 segundos para a temperatura selecionada<\/li>\n<li>Cobertura 100% algod\u00e3o lav\u00e1vel na m\u00e1quina<\/li>\n<li>2h Autostop<\/li>\n<\/ul>\n","protected":false},"excerpt":{"rendered":"<p>EAN 8436531910457<\/p>\n<p>Nossa almofada S40 foi projetada especificamente para proporcionar al\u00edvio \u00e0 \u00e1rea cervical, ombros e costas inteiras. \u00c9 fabricado em PVC, para que voc\u00ea tamb\u00e9m possa aplicar cremes e g\u00e9is, mantendo-se f\u00e1cil de limpar. Est\u00e1 inclu\u00edda uma capa de algod\u00e3o lav\u00e1vel para proteger a almofada.Com quatro n\u00edveis de calor, atingir\u00e1 o n\u00edvel de aquecimento necess\u00e1rio em apenas 15 segundos de opera\u00e7\u00e3o e possui um AutoSTOP de 2h.<\/p>\n<p>Nossa linha de almofadas t\u00e9rmicas foi projetada para que voc\u00ea possa aliviar suas tens\u00f5es musculares, suas doen\u00e7as e, ao faz\u00ea-lo, recupere sua for\u00e7a e use seu tempo para fazer o que gosta e gosta. N\u00f3s projetamos para voc\u00ea relaxar, para melhorar sua sa\u00fade e beleza.\u00a0A Pekatherm quer que voc\u00ea se cuide, melhore sua qualidade de vida e desfrute de todos os benef\u00edcios que o calor pode oferecer. Desde tempos antigos, o uso do calor como agente terap\u00eautico tem utilizado aplica\u00e7\u00f5es como panos quentes, ceras ou \u00f3leos, mas agora tudo mudou; alta tecnologia foi colocada a servi\u00e7o da sua sa\u00fade atrav\u00e9s de tecidos e calor.<\/p>\n","protected":false},"featured_media":317,"template":"","meta":[],"_links":{"self":[{"href":"https:\/\/pekatherm.es\/index.php?rest_route=\/wp\/v2\/product\/1245"}],"collection":[{"href":"https:\/\/pekatherm.es\/index.php?rest_route=\/wp\/v2\/product"}],"about":[{"href":"https:\/\/pekatherm.es\/index.php?rest_route=\/wp\/v2\/types\/product"}],"wp:featuredmedia":[{"embeddable":true,"href":"https:\/\/pekatherm.es\/index.php?rest_route=\/wp\/v2\/media\/317"}],"wp:attachment":[{"href":"https:\/\/pekatherm.es\/index.php?rest_route=%2Fwp%2Fv2%2Fmedia&parent=1245"}],"curies":[{"name":"wp","href":"https:\/\/api.w.org\/{rel}","templated":true}]}}