{"id":1249,"date":"2019-08-21T22:40:39","date_gmt":"2019-08-21T20:40:39","guid":{"rendered":"https:\/\/pekatherm.es\/?product=us30td"},"modified":"2020-02-07T11:40:21","modified_gmt":"2020-02-07T10:40:21","slug":"us30td","status":"publish","type":"product","link":"https:\/\/pekatherm.es\/?product=us30td&lang=pt-pt","title":{"rendered":"US30TD &#8211; Almofada t\u00e9rmica de poli\u00e9ster universal de tamanho m\u00e9dio"},"content":{"rendered":"<p>Almofada projetada para uso em qualquer parte do corpo.<\/p>\n<ul>\n<li>3 N\u00edveis de temperatura<\/li>\n<li>46x36cm<\/li>\n<li>Pol\u00edester<\/li>\n<li>100W<\/li>\n<li>Controlador remov\u00edvel<\/li>\n<li>Lav\u00e1vel \u00e0 m\u00e3o ou \u00e0 m\u00e1quina<\/li>\n<li>Cobertura Lav\u00e1vel<\/li>\n<\/ul>\n","protected":false},"excerpt":{"rendered":"<p>EAN 8436531910327<\/p>\n<p>Esta almofada foi projetada para uso em qualquer parte do corpo. \u00c9 fabricado em poli\u00e9ster macio e inclui uma cobertura exclusiva para evitar sujeira. A almofada \u00e9 lav\u00e1vel gra\u00e7as ao seu controle de temperatura destac\u00e1vel. Voc\u00ea obter\u00e1 aquecimento r\u00e1pido gra\u00e7as \u00e0s tr\u00eas configura\u00e7\u00f5es de temperatura. Aplique calor onde e quando mais precisar.<\/p>\n<p>Terapias que envolvem o calor como agente terap\u00eautico est\u00e3o conosco desde tempos antigos. Eles s\u00e3o uma boa op\u00e7\u00e3o para aliviar a dor e o estresse musculares. O calor afeta diretamente as termina\u00e7\u00f5es nervosas e, portanto, a termoterapia \u00e9 uma aplica\u00e7\u00e3o com efeitos analg\u00e9sicos que contribui para aliviar todos os tipos de dores musculares. N\u00f3s projetamos para o seu relaxamento, para que voc\u00ea melhore sua sa\u00fade e beleza.<\/p>\n","protected":false},"featured_media":1532,"template":"","meta":[],"_links":{"self":[{"href":"https:\/\/pekatherm.es\/index.php?rest_route=\/wp\/v2\/product\/1249"}],"collection":[{"href":"https:\/\/pekatherm.es\/index.php?rest_route=\/wp\/v2\/product"}],"about":[{"href":"https:\/\/pekatherm.es\/index.php?rest_route=\/wp\/v2\/types\/product"}],"wp:featuredmedia":[{"embeddable":true,"href":"https:\/\/pekatherm.es\/index.php?rest_route=\/wp\/v2\/media\/1532"}],"wp:attachment":[{"href":"https:\/\/pekatherm.es\/index.php?rest_route=%2Fwp%2Fv2%2Fmedia&parent=1249"}],"curies":[{"name":"wp","href":"https:\/\/api.w.org\/{rel}","templated":true}]}}