{"id":1254,"date":"2019-08-21T22:35:56","date_gmt":"2019-08-21T20:35:56","guid":{"rendered":"https:\/\/pekatherm.es\/?product=us10td"},"modified":"2020-02-07T11:40:57","modified_gmt":"2020-02-07T10:40:57","slug":"us10td","status":"publish","type":"product","link":"https:\/\/pekatherm.es\/?product=us10td&lang=pt-pt","title":{"rendered":"US10TD &#8211; Mini almofada t\u00e9rmica universal em poli\u00e9ster"},"content":{"rendered":"<p>Almofada projetada para uso em qualquer parte do corpo.<\/p>\n<ul>\n<li>3 N\u00edveis de temperatura<\/li>\n<li>30x21cm<\/li>\n<li>Pol\u00edester<\/li>\n<li>40W<\/li>\n<li>Controlador remov\u00edvel<\/li>\n<li>Lav\u00e1vel \u00e0 m\u00e3o ou \u00e0 m\u00e1quina<\/li>\n<li>2h Autostop<\/li>\n<\/ul>\n","protected":false},"excerpt":{"rendered":"<p>EAN 8436531910129<\/p>\n<p>Mini almofada t\u00e9rmica de poli\u00e9ster projetada para uso em qualquer parte do corpo. \u00c9 fabricado em poli\u00e9ster macio e \u00e9 lav\u00e1vel na m\u00e1quina gra\u00e7as ao seu controle de temperatura destac\u00e1vel. Gra\u00e7as \u00e0s tr\u00eas configura\u00e7\u00f5es de temperatura, voc\u00ea obt\u00e9m aquecimento r\u00e1pido. Aplique calor onde e quando precisar.<\/p>\n<p>Terapias que envolvem o calor como agente terap\u00eautico est\u00e3o conosco desde tempos antigos. Eles s\u00e3o uma boa op\u00e7\u00e3o para aliviar a dor e o estresse musculares. O calor afeta diretamente as termina\u00e7\u00f5es nervosas e, portanto, a termoterapia \u00e9 uma aplica\u00e7\u00e3o com efeitos analg\u00e9sicos que contribui para aliviar todos os tipos de dores musculares. N\u00f3s projetamos para o seu relaxamento, para que voc\u00ea melhore sua sa\u00fade e beleza.<\/p>\n","protected":false},"featured_media":320,"template":"","meta":[],"_links":{"self":[{"href":"https:\/\/pekatherm.es\/index.php?rest_route=\/wp\/v2\/product\/1254"}],"collection":[{"href":"https:\/\/pekatherm.es\/index.php?rest_route=\/wp\/v2\/product"}],"about":[{"href":"https:\/\/pekatherm.es\/index.php?rest_route=\/wp\/v2\/types\/product"}],"wp:featuredmedia":[{"embeddable":true,"href":"https:\/\/pekatherm.es\/index.php?rest_route=\/wp\/v2\/media\/320"}],"wp:attachment":[{"href":"https:\/\/pekatherm.es\/index.php?rest_route=%2Fwp%2Fv2%2Fmedia&parent=1254"}],"curies":[{"name":"wp","href":"https:\/\/api.w.org\/{rel}","templated":true}]}}