{"id":1258,"date":"2019-08-21T20:46:16","date_gmt":"2019-08-21T18:46:16","guid":{"rendered":"https:\/\/pekatherm.es\/?product=u20p"},"modified":"2019-08-21T20:46:16","modified_gmt":"2019-08-21T18:46:16","slug":"u20p","status":"publish","type":"product","link":"https:\/\/pekatherm.es\/?product=u20p&lang=pt-pt","title":{"rendered":"U20P &#8211; Almofada t\u00e9rmica universal pequena de PVC"},"content":{"rendered":"<p>Almofada projetada para uso em qualquer parte do corpo.<\/p>\n<ul>\n<li>40x30cm<\/li>\n<li><strong>MATERIAL: <\/strong>Almofada: PVC<br \/>\nCobertura: 100% algod\u00e3o<\/li>\n<li><strong>ESPECIFICA\u00c7\u00d5ES T\u00c9CNICAS<\/strong>:\n<p>Fun\u00e7\u00e3o especial de aquecimento r\u00e1pido em 15 segundos<\/p>\n<p>Bobina de aquecimento t\u00e9rmico de alta seguran\u00e7a<\/p>\n<p>Prote\u00e7\u00e3o contra superaquecimento<\/p>\n<p>4 ajustes de temperatura<\/p>\n<p>Controle eletr\u00f4nico de temperatura<\/p>\n<p>Teste autom\u00e1tico inicial para a detec\u00e7\u00e3o autom\u00e1tica de mau funcionamento<\/p>\n<p>Controle de temperatura n\u00e3o destac\u00e1vel<\/li>\n<li>110W<\/li>\n<\/ul>\n","protected":false},"excerpt":{"rendered":"<p>EAN 8436531910211<\/p>\n<p>Almofada de aquecimento t\u00e9rmico em nosso tamanho mais compacto, pode ser aplicada a qualquer parte do corpo. Devido \u00e0 sua firmeza e facilidade de limpeza, este modelo \u00e9 especialmente adequado para aplica\u00e7\u00e3o com umidade, g\u00e9is ou cremes. \u00c9 recomendado para tratamento terap\u00eautico.Desde tempos antigos, o uso do calor como agente terap\u00eautico passou por muitas mudan\u00e7as na forma como \u00e9 aplicado, desde toalhas quentes at\u00e9 o uso de \u00f3leos e cera, nas modernas almofadas t\u00e9rmicas da Pekatherm. Atualmente, a alta tecnologia permitiu um salto qualitativo em como e onde aplicamos calor, o que, com o uso de diferentes tecidos, aumenta ainda mais seus benef\u00edcios \u00e0 sa\u00fade.A nossa gama de almofadas t\u00e9rmicas el\u00e9ctricas foi concebida para proporcionar o m\u00e1ximo al\u00edvio das dores e dores musculares. Ao aliviar a dor e o desconforto, voc\u00ea pode recuperar for\u00e7as e ganhar tempo para fazer o que mais gosta e lhe agrada. Projetamos nossas almofadas t\u00e9rmicas para promover relaxamento, para melhorar sua sa\u00fade e beleza. Na Pekatherm, queremos oferecer aos clientes os melhores m\u00e9todos de atendimento para melhorar a qualidade de vida e aproveitar todos os benef\u00edcios que o calor proporciona.<\/p>\n","protected":false},"featured_media":290,"template":"","meta":[],"_links":{"self":[{"href":"https:\/\/pekatherm.es\/index.php?rest_route=\/wp\/v2\/product\/1258"}],"collection":[{"href":"https:\/\/pekatherm.es\/index.php?rest_route=\/wp\/v2\/product"}],"about":[{"href":"https:\/\/pekatherm.es\/index.php?rest_route=\/wp\/v2\/types\/product"}],"wp:featuredmedia":[{"embeddable":true,"href":"https:\/\/pekatherm.es\/index.php?rest_route=\/wp\/v2\/media\/290"}],"wp:attachment":[{"href":"https:\/\/pekatherm.es\/index.php?rest_route=%2Fwp%2Fv2%2Fmedia&parent=1258"}],"curies":[{"name":"wp","href":"https:\/\/api.w.org\/{rel}","templated":true}]}}