{"id":1262,"date":"2013-06-07T11:34:14","date_gmt":"2013-06-07T09:34:14","guid":{"rendered":"https:\/\/pekatherm.es\/?product=u20t"},"modified":"2020-02-07T11:52:50","modified_gmt":"2020-02-07T10:52:50","slug":"u20t","status":"publish","type":"product","link":"https:\/\/pekatherm.es\/?product=u20t&lang=pt-pt","title":{"rendered":"U20T &#8211; Almofada t\u00e9rmica universal pequena de 100% algod\u00e3o"},"content":{"rendered":"<p>Almofada projetada para uso em qualquer parte do corpo.<\/p>\n<ul>\n<li>4 N\u00edveis de temperatura<\/li>\n<li>40x30cm<\/li>\n<li>100% algod\u00e3o<\/li>\n<li>110W<\/li>\n<li>Controlador remov\u00edvel<\/li>\n<li>Lav\u00e1vel \u00e0 m\u00e3o ou \u00e0 m\u00e1quina<\/li>\n<li>Fun\u00e7\u00e3o especial de aquecimento r\u00e1pido em 15 segundosBobina de aquecimento t\u00e9rmico de alta seguran\u00e7a\n<p>Prote\u00e7\u00e3o contra superaquecimento<\/li>\n<li>2h Autostop<\/li>\n<\/ul>\n","protected":false},"excerpt":{"rendered":"<p>EAN 8436531910204<\/p>\n<p>A vers\u00e3o em algod\u00e3o da nossa almofada t\u00e9rmica de tamanho mais compacto foi projetada para f\u00e1cil aplica\u00e7\u00e3o em qualquer parte do corpo. Fabricado em algod\u00e3o 100% puro, gra\u00e7as ao seu regulador destac\u00e1vel, pode ser facilmente lavado na m\u00e1quina. Tampa inclu\u00edda para prote\u00e7\u00e3o m\u00e1xima.<\/p>\n<p>Desde tempos antigos, o uso do calor como agente terap\u00eautico passou por muitas mudan\u00e7as na forma como \u00e9 aplicado, desde toalhas quentes at\u00e9 o uso de \u00f3leos e cera. Agora tudo mudou. Agora, a alta tecnologia est\u00e1 atendendo \u00e0s suas necessidades de sa\u00fade atrav\u00e9s das modernas almofadas t\u00e9rmicas da Pekatherm.<\/p>\n<p>&nbsp;<\/p>\n<p>A nossa gama de almofadas de aquecimento el\u00e9ctricas foi concebida para proporcionar o m\u00e1ximo al\u00edvio das dores e dores musculares. Ao aliviar a dor e o desconforto, voc\u00ea pode recuperar for\u00e7as e ganhar tempo para fazer o que mais gosta e lhe agrada. Projetamos nossas almofadas t\u00e9rmicas para promover relaxamento, melhorar sua sa\u00fade e apar\u00eancia. Na Pekatherm, queremos oferecer aos clientes os melhores m\u00e9todos de atendimento para melhorar a qualidade de vida e aproveitar todos os benef\u00edcios que o calor proporciona.<\/p>\n","protected":false},"featured_media":287,"template":"","meta":[],"_links":{"self":[{"href":"https:\/\/pekatherm.es\/index.php?rest_route=\/wp\/v2\/product\/1262"}],"collection":[{"href":"https:\/\/pekatherm.es\/index.php?rest_route=\/wp\/v2\/product"}],"about":[{"href":"https:\/\/pekatherm.es\/index.php?rest_route=\/wp\/v2\/types\/product"}],"wp:featuredmedia":[{"embeddable":true,"href":"https:\/\/pekatherm.es\/index.php?rest_route=\/wp\/v2\/media\/287"}],"wp:attachment":[{"href":"https:\/\/pekatherm.es\/index.php?rest_route=%2Fwp%2Fv2%2Fmedia&parent=1262"}],"curies":[{"name":"wp","href":"https:\/\/api.w.org\/{rel}","templated":true}]}}