{"id":1329,"date":"2020-03-26T11:27:47","date_gmt":"2020-03-26T10:27:47","guid":{"rendered":"https:\/\/pekatherm.es\/?post_type=product&#038;p=1329"},"modified":"2024-01-26T09:00:32","modified_gmt":"2024-01-26T08:00:32","slug":"up102-calientacamas-individual-de-poliester-con-regulador-no-separable","status":"publish","type":"product","link":"https:\/\/pekatherm.es\/?product=up102-calientacamas-individual-de-poliester-con-regulador-no-separable","title":{"rendered":"UP102 &#8211; Calientacamas individual de poli\u00e9ster con regulador no separable"},"content":{"rendered":"<p>Calientacamas individual estandard.<\/p>\n<ul>\n<li>3 Niveles de Temperatura<\/li>\n<li>150x70cm<\/li>\n<li>100% Poli\u00e9ster<\/li>\n<li>50W<\/li>\n<li>Lavable a mano<\/li>\n<li>Regulador No Separable<\/li>\n<\/ul>\n","protected":false},"excerpt":{"rendered":"<p>EAN 8436531911034<\/p>\n<p>Calientacamas individual (150 x 70 cm) con regulador no separable, fabricado en poli\u00e9ster, ideado para el buen descanso y el bienestar.\u00a0 Dormir bien afectar\u00e1 de forma positiva a tu salud y eso se reflejar\u00e1 en tu belleza, tu humor y tu forma positiva de afrontar un nuevo d\u00eda.<\/p>\n<p>Con sus 50W de potencia tendr\u00e1s m\u00e1s que suficiente para calentar t\u00fa cama y olvidarte de las fr\u00edas noches de invierno. Econ\u00f3mico y de calidad.<\/p>\n<p>&nbsp;<\/p>\n<p>&nbsp;<\/p>\n","protected":false},"featured_media":1412,"template":"","meta":[],"_links":{"self":[{"href":"https:\/\/pekatherm.es\/index.php?rest_route=\/wp\/v2\/product\/1329"}],"collection":[{"href":"https:\/\/pekatherm.es\/index.php?rest_route=\/wp\/v2\/product"}],"about":[{"href":"https:\/\/pekatherm.es\/index.php?rest_route=\/wp\/v2\/types\/product"}],"wp:featuredmedia":[{"embeddable":true,"href":"https:\/\/pekatherm.es\/index.php?rest_route=\/wp\/v2\/media\/1412"}],"wp:attachment":[{"href":"https:\/\/pekatherm.es\/index.php?rest_route=%2Fwp%2Fv2%2Fmedia&parent=1329"}],"curies":[{"name":"wp","href":"https:\/\/api.w.org\/{rel}","templated":true}]}}