{"id":2645,"date":"2023-12-15T14:54:18","date_gmt":"2023-12-15T13:54:18","guid":{"rendered":"https:\/\/pekatherm.es\/?post_type=product&#038;p=2645"},"modified":"2023-12-15T15:02:00","modified_gmt":"2023-12-15T14:02:00","slug":"o120df-manta-individual-poliester-altas-prestaciones","status":"publish","type":"product","link":"https:\/\/pekatherm.es\/?product=o120df-manta-individual-poliester-altas-prestaciones","title":{"rendered":"O120DF &#8211; Manta individual Poli\u00e9ster Altas Prestaciones"},"content":{"rendered":"<p>Manta t\u00e9rmica de altas prestaciones.<\/p>\n<ul>\n<li>9 Niveles de Temperatura<\/li>\n<li>Sistema de calentamiento r\u00e1pido, calor en 1 minuto<\/li>\n<li>170x130cm<\/li>\n<li>Poli\u00e9ster muy suave<\/li>\n<li>160W<\/li>\n<li>Mando de control separable<\/li>\n<li>Lavable a mano y a m\u00e1quina<\/li>\n<li>AutoStop a las 12 horas<\/li>\n<\/ul>\n<h4 class=\"fb-cpy-bold\">Regulador de temperatura separable<\/h4>\n<p class=\"fb-cpy-small\">M\u00e1xima seguridad en el uso. Hilo t\u00e9rmico de alta seguridad.<\/p>\n<p class=\"fb-cpy-small\">Protecci\u00f3n contra el sobrecalentamiento.<\/p>\n<p class=\"fb-cpy-small\">Control electr\u00f3nico de temperatura.<\/p>\n<p>&nbsp;<\/p>\n<p>&nbsp;<\/p>\n","protected":false},"excerpt":{"rendered":"<p>EAN 8436531912543<\/p>\n<p>Producto ideal para combatir el fr\u00edo en las tardes y noches de invierno, c\u00f3modamente relajado en la cama o en el sof\u00e1 de su casa. El tejido es extremadamente agradable para sentirlo a trav\u00e9s de la ropa o directamente en el cuerpo. Nos brinda la posibilidad de bajar la intensidad de la calefacci\u00f3n o incluso apagarla, abrir las ventanas y relajarnos con el aire fresco, lo cual es muy saludable y adem\u00e1s muy bueno para la econom\u00eda de la familia.<\/p>\n<p>Calidez en su forma m\u00e1s bella y suave. Puedes calentar y relajar tu cuerpo con suavidad. Su uso promueve la circulaci\u00f3n de sangu\u00ednea en m\u00fasculos y ayuda a alcanzar bienestar y relajaci\u00f3n despu\u00e9s de un d\u00eda duro. Con ella obtendr\u00e1s grandes beneficios terap\u00e9uticos. Adem\u00e1s, el tejido extra suave de franela de pelo largo har\u00e1 que tu relajaci\u00f3n sea uno de los mejores momentos del d\u00eda y desees llegar a casa para acurrucarte en ella.<\/p>\n","protected":false},"featured_media":2594,"template":"","meta":[],"_links":{"self":[{"href":"https:\/\/pekatherm.es\/index.php?rest_route=\/wp\/v2\/product\/2645"}],"collection":[{"href":"https:\/\/pekatherm.es\/index.php?rest_route=\/wp\/v2\/product"}],"about":[{"href":"https:\/\/pekatherm.es\/index.php?rest_route=\/wp\/v2\/types\/product"}],"wp:featuredmedia":[{"embeddable":true,"href":"https:\/\/pekatherm.es\/index.php?rest_route=\/wp\/v2\/media\/2594"}],"wp:attachment":[{"href":"https:\/\/pekatherm.es\/index.php?rest_route=%2Fwp%2Fv2%2Fmedia&parent=2645"}],"curies":[{"name":"wp","href":"https:\/\/api.w.org\/{rel}","templated":true}]}}