{"id":2648,"date":"2023-12-15T14:54:18","date_gmt":"2023-12-15T13:54:19","guid":{"rendered":"https:\/\/pekatherm.es\/?post_type=product&#038;p=2648"},"modified":"2023-12-15T15:05:28","modified_gmt":"2023-12-15T14:05:28","slug":"o120d-cobertor-de-poliester-com-controlador-unico-copia","status":"publish","type":"product","link":"https:\/\/pekatherm.es\/?product=o120d-cobertor-de-poliester-com-controlador-unico-copia&lang=pt-pt","title":{"rendered":"O120DF &#8211; Cobertor de poli\u00e9ster com controlador \u00fanico Alta performance"},"content":{"rendered":"<p>Manta t\u00e9rmica com recursos de primeira linha.<\/p>\n<ul>\n<li>9 N\u00edveis de temperatura<\/li>\n<li>Sistema de aquecimento r\u00e1pido, aque\u00e7a em 1 minuto<\/li>\n<li>170x130cm<\/li>\n<li>Poli\u00e9ster muito macio<\/li>\n<li>160W<\/li>\n<li>Paragem autom\u00e1tica ap\u00f3s 12 horas<\/li>\n<li>Controle de temperatura destac\u00e1vel<\/li>\n<li>Seguran\u00e7a m\u00e1xima durante o uso. Bobina t\u00e9rmica de seguran\u00e7a m\u00e1xima<\/li>\n<li>Prote\u00e7\u00e3o contra superaquecimento<\/li>\n<li>Controle eletr\u00f4nico de temperatura<\/li>\n<\/ul>\n<p>&nbsp;<\/p>\n<p>&nbsp;<\/p>\n","protected":false},"excerpt":{"rendered":"<p>EAN 8436531912543<\/p>\n<p>Este cobertor \u00e9 ideal para combater as noites frias e as noites no inverno, seja relaxando na cama ou no sof\u00e1. O tecido \u00e9 muito agrad\u00e1vel quando em contato com a pele ou atrav\u00e9s da roupa. O controlador de temperatura permite modular a intensidade do calor ou deslig\u00e1-lo, abrindo as janelas e relaxando com ar fresco, o que \u00e9 saud\u00e1vel e bom economicamente.<\/p>\n<p>Desfrute do calor da maneira mais bonita e suave. Voc\u00ea pode aquecer e relaxar seu corpo suavemente. Seu uso melhora a circula\u00e7\u00e3o sangu\u00ednea dos m\u00fasculos para ajudar a obter bem-estar e relaxamento ap\u00f3s um dia dif\u00edcil. Com este cobertor, voc\u00ea desfrutar\u00e1 de muitos benef\u00edcios terap\u00eauticos. O tecido de fio longo \u00e9 extremamente macio, o que o ajudar\u00e1 a desfrutar de um dos melhores momentos do dia ao voltar para casa para se aconchegar no cobertor.<\/p>\n","protected":false},"featured_media":2597,"template":"","meta":[],"_links":{"self":[{"href":"https:\/\/pekatherm.es\/index.php?rest_route=\/wp\/v2\/product\/2648"}],"collection":[{"href":"https:\/\/pekatherm.es\/index.php?rest_route=\/wp\/v2\/product"}],"about":[{"href":"https:\/\/pekatherm.es\/index.php?rest_route=\/wp\/v2\/types\/product"}],"wp:featuredmedia":[{"embeddable":true,"href":"https:\/\/pekatherm.es\/index.php?rest_route=\/wp\/v2\/media\/2597"}],"wp:attachment":[{"href":"https:\/\/pekatherm.es\/index.php?rest_route=%2Fwp%2Fv2%2Fmedia&parent=2648"}],"curies":[{"name":"wp","href":"https:\/\/api.w.org\/{rel}","templated":true}]}}