{"id":289,"date":"2019-08-21T20:46:16","date_gmt":"2019-08-21T18:46:16","guid":{"rendered":"https:\/\/pekatherm.es\/?post_type=product&#038;p=289"},"modified":"2019-08-27T10:22:00","modified_gmt":"2019-08-27T08:22:00","slug":"u20p","status":"publish","type":"product","link":"https:\/\/pekatherm.es\/?product=u20p","title":{"rendered":"U20P &#8211; Almohadilla universal tama\u00f1o peque\u00f1o PVC"},"content":{"rendered":"<p>Almohadilla t\u00e9rmica universal para su aplicaci\u00f3n en cualquier zona corporal.<\/p>\n<ul>\n<li><strong>MEDIDAS<\/strong>\n<p>40x30cm<\/li>\n<li><strong>MATERIAL<\/strong>\n<p>Almohadilla: PVC<br \/>\nFunda textil: 100% Algod\u00f3n<\/li>\n<li><strong>CARACTER\u00cdSTICAS T\u00c9CNICAS<\/strong>\n<p>Potencia: 110W<\/p>\n<p>Funci\u00f3n especial calentamiento r\u00e1pido en 15 segundos<\/p>\n<p>Hilo t\u00e9rmico de alta seguridad<\/p>\n<p>Protecci\u00f3n contra el sobrecalentamiento<br \/>\n4 niveles de temperatura<br \/>\nControl electr\u00f3nico de temperatura<\/p>\n<p>Auto-test de inicio con detecci\u00f3n autom\u00e1tica de fallos<\/p>\n<p>Regulador de temperatura no separable<\/li>\n<\/ul>\n","protected":false},"excerpt":{"rendered":"<p>EAN 8436531910211<\/p>\n<p>Almohadilla t\u00e9rmica peque\u00f1a para su f\u00e1cil aplicaci\u00f3n en cualquier parte del cuerpo. Por su estanqueidad y f\u00e1cil limpieza este modelo est\u00e1 especialmente indicado para aplicar en h\u00famedo o con geles y cremas. Es muy recomendable para tratamientos terap\u00e9uticos.<\/p>\n<p>Desde tiempos inmemoriales, el uso del calor como agente terap\u00e9utico ha sido utilizado con la aplicaci\u00f3n de pa\u00f1os calientes, ceras o aceites, pero ahora todo ha cambiado, la alta tecnolog\u00eda se ha puesto al servicio de tu salud a trav\u00e9s de nuestras almohadillas t\u00e9rmicas<\/p>\n<p>Nuestra gama de almohadillas el\u00e9ctricas ha sido dise\u00f1ada para que puedas aliviar tus tensiones musculares, tus dolencias y que, de esa forma, puedas recuperar tus fuerzas y tu tiempo haciendo lo que mas te guste y disfrutes. Dise\u00f1amos para que te relajes, para que mejores tu salud y tu belleza. Pekatherm quiere que te cuides, que mejores tu calidad de vida y disfrutes de todos los beneficios que te puede ofrecer el calor.<\/p>\n<p>.<\/p>\n<p>&nbsp;<\/p>\n","protected":false},"featured_media":290,"template":"","meta":[],"_links":{"self":[{"href":"https:\/\/pekatherm.es\/index.php?rest_route=\/wp\/v2\/product\/289"}],"collection":[{"href":"https:\/\/pekatherm.es\/index.php?rest_route=\/wp\/v2\/product"}],"about":[{"href":"https:\/\/pekatherm.es\/index.php?rest_route=\/wp\/v2\/types\/product"}],"wp:featuredmedia":[{"embeddable":true,"href":"https:\/\/pekatherm.es\/index.php?rest_route=\/wp\/v2\/media\/290"}],"wp:attachment":[{"href":"https:\/\/pekatherm.es\/index.php?rest_route=%2Fwp%2Fv2%2Fmedia&parent=289"}],"curies":[{"name":"wp","href":"https:\/\/api.w.org\/{rel}","templated":true}]}}