{"id":298,"date":"2019-08-21T22:35:56","date_gmt":"2019-08-21T20:35:56","guid":{"rendered":"https:\/\/pekatherm.es\/?post_type=product&#038;p=298"},"modified":"2019-09-20T10:37:40","modified_gmt":"2019-09-20T08:37:40","slug":"us10td","status":"publish","type":"product","link":"https:\/\/pekatherm.es\/?product=us10td","title":{"rendered":"US10TD &#8211; Almohadilla universal tama\u00f1o mini Poli\u00e9ster"},"content":{"rendered":"<p>Almohadilla t\u00e9rmica universal standard para su aplicaci\u00f3n en cualquier zona corporal.<\/p>\n<ul>\n<li>3 Niveles de Temperatura<\/li>\n<li>30x21cm<\/li>\n<li>Pol\u00edester<\/li>\n<li>40W<\/li>\n<li>Mando de control separable<\/li>\n<li>Lavable a mano y a m\u00e1quina<\/li>\n<li>AutoStop a las 2 horas<\/li>\n<\/ul>\n","protected":false},"excerpt":{"rendered":"<p>EAN 8436531910129<\/p>\n<p>Almohadilla de tama\u00f1o mini dise\u00f1ada para su uso en cualquier parte del cuerpo. Est\u00e1 fabricada en suave poli\u00e9ster lavable a m\u00e1quina gracias a su regulador separable. Obtendr\u00e1s calor r\u00e1pidamente gracias a sus tres niveles de potencia. Aplica el calor donde lo necesites y cuando lo necesites.<\/p>\n<p>Las terapias que tienen el calor como agente terap\u00e9utico existen desde tiempos inmemoriales, y son una buena opci\u00f3n para el alivio de los dolores musculares y el estr\u00e9s. El calor incide en las terminaciones nerviosas directamente, por eso la terapia t\u00e9rmica es una disciplina con efectos analg\u00e9sicos que, de esa forma, contribuyen a calmar todo tipo dolores musculares. Dise\u00f1amos para que te relajes, para que mejores tu salud y tu belleza.<\/p>\n","protected":false},"featured_media":320,"template":"","meta":[],"_links":{"self":[{"href":"https:\/\/pekatherm.es\/index.php?rest_route=\/wp\/v2\/product\/298"}],"collection":[{"href":"https:\/\/pekatherm.es\/index.php?rest_route=\/wp\/v2\/product"}],"about":[{"href":"https:\/\/pekatherm.es\/index.php?rest_route=\/wp\/v2\/types\/product"}],"wp:featuredmedia":[{"embeddable":true,"href":"https:\/\/pekatherm.es\/index.php?rest_route=\/wp\/v2\/media\/320"}],"wp:attachment":[{"href":"https:\/\/pekatherm.es\/index.php?rest_route=%2Fwp%2Fv2%2Fmedia&parent=298"}],"curies":[{"name":"wp","href":"https:\/\/api.w.org\/{rel}","templated":true}]}}