{"id":322,"date":"2019-08-21T22:40:39","date_gmt":"2019-08-21T20:40:39","guid":{"rendered":"https:\/\/pekatherm.es\/?post_type=product&#038;p=322"},"modified":"2022-06-14T12:32:28","modified_gmt":"2022-06-14T10:32:28","slug":"us30td","status":"publish","type":"product","link":"https:\/\/pekatherm.es\/?product=us30td","title":{"rendered":"US30TD &#8211; Almohadilla universal tama\u00f1o mediano Poli\u00e9ster"},"content":{"rendered":"<p>Almohadilla t\u00e9rmica universal standard para su aplicaci\u00f3n en cualquier zona corporal.<\/p>\n<ul>\n<li>3 Niveles de Temperatura<\/li>\n<li>46x36cm<\/li>\n<li>Pol\u00edester<\/li>\n<li>100W<\/li>\n<li>Mando de control separable<\/li>\n<li>Lavable a mano y a m\u00e1quina<\/li>\n<li>Incluye funda lavable<\/li>\n<li>AutoStop a las 2 horas<\/li>\n<\/ul>\n","protected":false},"excerpt":{"rendered":"<p>EAN 8436531910327<\/p>\n<p>Almohadilla dise\u00f1ada para su uso en cualquier parte del cuerpo. Est\u00e1 fabricada en suave poli\u00e9ster e incluye una exclusiva funda para preservarla de la suciedad. La almohadilla es lavable gracias a su regulador separable. Obtendr\u00e1s calor r\u00e1pidamente gracias a sus tres niveles de potencia. Aplica el calor donde lo necesites y cuando lo necesites.<\/p>\n<p>Las terapias que tienen el calor como agente terap\u00e9utico existen desde tiempos inmemoriales, y son una buena opci\u00f3n para el alivio de los dolores musculares y el estr\u00e9s. El calor incide en las terminaciones nerviosas directamente, por eso la terapia t\u00e9rmica es una disciplina con efectos analg\u00e9sicos que, de esa forma, contribuyen a calmar todo tipo dolores musculares. Dise\u00f1amos para que te relajes, para que mejores tu salud y tu belleza.<\/p>\n","protected":false},"featured_media":1532,"template":"","meta":[],"_links":{"self":[{"href":"https:\/\/pekatherm.es\/index.php?rest_route=\/wp\/v2\/product\/322"}],"collection":[{"href":"https:\/\/pekatherm.es\/index.php?rest_route=\/wp\/v2\/product"}],"about":[{"href":"https:\/\/pekatherm.es\/index.php?rest_route=\/wp\/v2\/types\/product"}],"wp:featuredmedia":[{"embeddable":true,"href":"https:\/\/pekatherm.es\/index.php?rest_route=\/wp\/v2\/media\/1532"}],"wp:attachment":[{"href":"https:\/\/pekatherm.es\/index.php?rest_route=%2Fwp%2Fv2%2Fmedia&parent=322"}],"curies":[{"name":"wp","href":"https:\/\/api.w.org\/{rel}","templated":true}]}}