{"id":323,"date":"2019-08-21T22:41:58","date_gmt":"2019-08-21T20:41:58","guid":{"rendered":"https:\/\/pekatherm.es\/?post_type=product&#038;p=323"},"modified":"2019-09-19T12:13:06","modified_gmt":"2019-09-19T10:13:06","slug":"s40","status":"publish","type":"product","link":"https:\/\/pekatherm.es\/?product=s40","title":{"rendered":"S40 &#8211; Almohadilla especial cervical-hombros-espalda PVC"},"content":{"rendered":"<p>Almohadilla t\u00e9rmica ergon\u00f3mica para su aplicaci\u00f3n en espalda, hombros y cuello.<\/p>\n<ul>\n<li>4 Niveles de Temperatura<\/li>\n<li>57x46cm<\/li>\n<li>PVC<\/li>\n<li>120W<\/li>\n<li>Calentamiento en solo 15 segundos<\/li>\n<li>Funda textil 100% algod\u00f3n y lavable a m\u00e1quina<\/li>\n<li>AutoStop a las 2 horas<\/li>\n<\/ul>\n","protected":false},"excerpt":{"rendered":"<p>EAN 8436531910457<\/p>\n<p>Nuestra almohadilla S40 ha sido dise\u00f1ada especialmente para aliviar la zona cervical, los hombros y toda la espalda. Est\u00e1 fabricada en PVC para que puedas aplicar cremas o pomadas y sea m\u00e1s f\u00e1cil su limpieza. Lleva incluida una funda lavable de algod\u00f3n para proteger la almohadilla. Con cuatro niveles de temperatura alcanzar\u00e1 el calor que necesites en solo 15 segundos de funcionamiento y est\u00e1 dotada de un autostop a las 2 horas.<\/p>\n<p>Nuestra gama de almohadillas el\u00e9ctricas ha sido dise\u00f1ada para que puedas aliviar tus tensiones musculares, tus dolencias y que, de esa forma, puedas recuperar tus fuerzas y tu tiempo haciendo lo que mas te guste y disfrutes. Dise\u00f1amos para que te relajes, para que mejores tu salud y tu belleza.<\/p>\n<p>Pekatherm quiere que te cuides, que mejores tu calidad de vida y disfrutes de todos los beneficios que te puede ofrecer el calor. Desde tiempos inmemoriales, el uso del calor como agente terap\u00e9utico ha sido utilizado con la aplicaci\u00f3n de pa\u00f1os calientes, ceras o aceites, pero ahora todo ha cambiado, la alta tecnolog\u00eda se ha puesto al servicio de tu salud a trav\u00e9s del calor textil.<\/p>\n","protected":false},"featured_media":317,"template":"","meta":[],"_links":{"self":[{"href":"https:\/\/pekatherm.es\/index.php?rest_route=\/wp\/v2\/product\/323"}],"collection":[{"href":"https:\/\/pekatherm.es\/index.php?rest_route=\/wp\/v2\/product"}],"about":[{"href":"https:\/\/pekatherm.es\/index.php?rest_route=\/wp\/v2\/types\/product"}],"wp:featuredmedia":[{"embeddable":true,"href":"https:\/\/pekatherm.es\/index.php?rest_route=\/wp\/v2\/media\/317"}],"wp:attachment":[{"href":"https:\/\/pekatherm.es\/index.php?rest_route=%2Fwp%2Fv2%2Fmedia&parent=323"}],"curies":[{"name":"wp","href":"https:\/\/api.w.org\/{rel}","templated":true}]}}