{"id":325,"date":"2019-08-21T22:48:14","date_gmt":"2019-08-21T20:48:14","guid":{"rendered":"https:\/\/pekatherm.es\/?post_type=product&#038;p=325"},"modified":"2022-06-14T12:41:52","modified_gmt":"2022-06-14T10:41:52","slug":"ss35td","status":"publish","type":"product","link":"https:\/\/pekatherm.es\/?product=ss35td","title":{"rendered":"SS35TD &#8211; Almohadilla especial cervical-dorsal Poli\u00e9ster"},"content":{"rendered":"<p>Almohadilla t\u00e9rmica ergon\u00f3mica para su aplicaci\u00f3n en cuello y espalda.<\/p>\n<ul>\n<li>3 Niveles de Temperatura<\/li>\n<li>56x39cm<\/li>\n<li>Poli\u00e9ster<\/li>\n<li>100W<\/li>\n<li>Mando de control separable<\/li>\n<li>Lavable a mano y a m\u00e1quina<\/li>\n<li>AutoStop a las 2 horas<\/li>\n<\/ul>\n","protected":false},"excerpt":{"rendered":"<p>EAN 8436531910341<\/p>\n<p>Almohadilla dise\u00f1ada espec\u00edficamente para el alivio de la zona cervical y la espalda. Fabricada en suave poli\u00e9ster conseguir\u00e1 que puedas descansar esas dos zona r\u00e1pidamente y podr\u00e1s elegir entre tres niveles de temperatura. Su regulador separable te permitir\u00e1 poder lavar la almohadilla cuantas veces desees y que siempre est\u00e9 limpia como el primer d\u00eda.<\/p>\n<p>Nuestra gama de almohadillas el\u00e9ctricas ha sido dise\u00f1ada para que puedas aliviar tus tensiones musculares, tus dolencias y que, de esa forma, puedas recuperar tus fuerzas y tu tiempo haciendo lo que mas te guste y disfrutes. Dise\u00f1amos para que te relajes, para que mejores tu salud y tu belleza.<\/p>\n<p>Pekatherm quiere que te cuides, que mejores tu calidad de vida y disfrutes de todos los beneficios que te puede ofrecer el calor. Desde tiempos inmemoriales, el uso del calor como agente terap\u00e9utico ha sido utilizado con la aplicaci\u00f3n de pa\u00f1os calientes, ceras o aceites, pero ahora todo ha cambiado, la alta tecnolog\u00eda se ha puesto al servicio de tu salud a trav\u00e9s del calor textil.<\/p>\n","protected":false},"featured_media":1552,"template":"","meta":[],"_links":{"self":[{"href":"https:\/\/pekatherm.es\/index.php?rest_route=\/wp\/v2\/product\/325"}],"collection":[{"href":"https:\/\/pekatherm.es\/index.php?rest_route=\/wp\/v2\/product"}],"about":[{"href":"https:\/\/pekatherm.es\/index.php?rest_route=\/wp\/v2\/types\/product"}],"wp:featuredmedia":[{"embeddable":true,"href":"https:\/\/pekatherm.es\/index.php?rest_route=\/wp\/v2\/media\/1552"}],"wp:attachment":[{"href":"https:\/\/pekatherm.es\/index.php?rest_route=%2Fwp%2Fv2%2Fmedia&parent=325"}],"curies":[{"name":"wp","href":"https:\/\/api.w.org\/{rel}","templated":true}]}}