{"id":326,"date":"2019-08-21T22:49:54","date_gmt":"2019-08-21T20:49:54","guid":{"rendered":"https:\/\/pekatherm.es\/?post_type=product&#038;p=326"},"modified":"2023-09-29T14:17:18","modified_gmt":"2023-09-29T12:17:18","slug":"f70","status":"publish","type":"product","link":"https:\/\/pekatherm.es\/?product=f70","title":{"rendered":"F70 &#8211; Bota calefactora con coj\u00edn extraible"},"content":{"rendered":"<p>Bota de altas prestaciones con coj\u00edn calefactor extraible y sistema especial de calentamiento r\u00e1pido.<\/p>\n<ul>\n<li>4 Niveles de Temperatura<\/li>\n<li>31x31x30cm<\/li>\n<li>Poli\u00e9ster<\/li>\n<li>110W<\/li>\n<li>Calentamiento en solo 30 segundos<\/li>\n<li>Funda de la bota y coj\u00edn lavables a mano y a m\u00e1quina<\/li>\n<li>AutoStop a las 2 horas<\/li>\n<\/ul>\n","protected":false},"excerpt":{"rendered":"<p>EAN 8436531910709<\/p>\n<p>Con nuestra bota calefactora con coj\u00edn extra\u00edble conseguir\u00e1s disfrutar del invierno. Su alto poder calefactor har\u00e1 que est\u00e9s a gusto mientras descansas o ves la televisi\u00f3n. Podr\u00e1s resguardarte del fr\u00edo y disfrutar de su suave tacto sentado en el sof\u00e1 o estirado. Con la termoterapia conseguir\u00e1s cuidarte y cuidar de los tuyos.<\/p>\n<ul>\n<li>&#8211; Apertura frontal completa mediante doble cremallera, para una f\u00e1cil accesibilidad y limpieza del interior<\/li>\n<li>&#8211; Excelente aislamiento t\u00e9rmico gracias al grueso coj\u00edn interior, con lo que se evitan las p\u00e9rdidas de calor a trav\u00e9s del suelo<\/li>\n<li>&#8211; Puedes lavarlo en la lavadora al ser completamente desenfundable. Producto lavable a mano y a m\u00e1quina. Lavar a m\u00e1quina m\u00e1x. 30\u00baC<\/li>\n<\/ul>\n<p>&nbsp;<\/p>\n<p>En Pekatherm apostamos por la m\u00e1xima calidad tecnol\u00f3gica. Su sistema Pekatemco permite ajustar el calor al ambiente. Su r\u00e1pido sistema de calentamiento har\u00e1 que tengas los pies calientes en solo unos pocos segundos. Adem\u00e1s tiene un doble uso, su coj\u00edn extra\u00edble hace que puedas usarlo como almohadilla y puedas aplicar calor all\u00e1 donde quieras. Rel\u00e1jate y disfruta del calor, te lo mereces.<\/p>\n","protected":false},"featured_media":311,"template":"","meta":[],"_links":{"self":[{"href":"https:\/\/pekatherm.es\/index.php?rest_route=\/wp\/v2\/product\/326"}],"collection":[{"href":"https:\/\/pekatherm.es\/index.php?rest_route=\/wp\/v2\/product"}],"about":[{"href":"https:\/\/pekatherm.es\/index.php?rest_route=\/wp\/v2\/types\/product"}],"wp:featuredmedia":[{"embeddable":true,"href":"https:\/\/pekatherm.es\/index.php?rest_route=\/wp\/v2\/media\/311"}],"wp:attachment":[{"href":"https:\/\/pekatherm.es\/index.php?rest_route=%2Fwp%2Fv2%2Fmedia&parent=326"}],"curies":[{"name":"wp","href":"https:\/\/api.w.org\/{rel}","templated":true}]}}