{"id":327,"date":"2019-08-21T22:52:12","date_gmt":"2019-08-21T20:52:12","guid":{"rendered":"https:\/\/pekatherm.es\/?post_type=product&#038;p=327"},"modified":"2022-06-14T12:34:59","modified_gmt":"2022-06-14T10:34:59","slug":"f55","status":"publish","type":"product","link":"https:\/\/pekatherm.es\/?product=f55","title":{"rendered":"F55 &#8211; Bota calefactora"},"content":{"rendered":"<p>Bota calefactoras estandard.<\/p>\n<ul>\n<li>3 Niveles de Temperatura<\/li>\n<li>30x30x23cm<\/li>\n<li>Poli\u00e9ster<\/li>\n<li>100W<\/li>\n<li>Calcet\u00edn extraible lavable a mano y a m\u00e1quina<\/li>\n<li>AutoStop a las 2 horas<\/li>\n<\/ul>\n","protected":false},"excerpt":{"rendered":"<p>EAN 8436531910556<\/p>\n<p>Rel\u00e1jate y disfruta de un descanso con nuestra bota calefactora. Mant\u00e9n tus pies calentitos dentro de ella mientras lees o ves la televisi\u00f3n. Con sus tres niveles de potencia y su suave tejido, har\u00e1 las delicias de tus momentos de relax.<\/p>\n<p>Aprov\u00e9chate tambi\u00e9n de sus efectos terap\u00e9uticos. Te ayudar\u00e1 a descansar mejor y a cuidar tus pies cansados tras un duro d\u00eda de trabajo. El calor ayuda a combatir distintas patolog\u00edas y trastornos f\u00edsicos. Nuestro organismo responde ante las terapias con calor con efectos muy positivos.<br \/>\nF\u00e1cil del lavar gracias a su calcet\u00edn interior extra\u00edble.<\/p>\n","protected":false},"featured_media":1537,"template":"","meta":[],"_links":{"self":[{"href":"https:\/\/pekatherm.es\/index.php?rest_route=\/wp\/v2\/product\/327"}],"collection":[{"href":"https:\/\/pekatherm.es\/index.php?rest_route=\/wp\/v2\/product"}],"about":[{"href":"https:\/\/pekatherm.es\/index.php?rest_route=\/wp\/v2\/types\/product"}],"wp:featuredmedia":[{"embeddable":true,"href":"https:\/\/pekatherm.es\/index.php?rest_route=\/wp\/v2\/media\/1537"}],"wp:attachment":[{"href":"https:\/\/pekatherm.es\/index.php?rest_route=%2Fwp%2Fv2%2Fmedia&parent=327"}],"curies":[{"name":"wp","href":"https:\/\/api.w.org\/{rel}","templated":true}]}}