{"id":331,"date":"2019-08-21T23:00:47","date_gmt":"2019-08-21T21:00:47","guid":{"rendered":"https:\/\/pekatherm.es\/?post_type=product&#038;p=331"},"modified":"2023-09-29T14:25:23","modified_gmt":"2023-09-29T12:25:23","slug":"up210df","status":"publish","type":"product","link":"https:\/\/pekatherm.es\/?product=up210df","title":{"rendered":"UP210DF &#8211; Calientacamas doble poli\u00e9ster altas prestaciones"},"content":{"rendered":"<p>Calientacamas doble de altas prestaciones.<\/p>\n<ul>\n<li>4 Niveles de Temperatura<\/li>\n<li>150x160cm<\/li>\n<li>Poli\u00e9ster<\/li>\n<li>2x120W<\/li>\n<li>Mando de control separable<\/li>\n<li>Lavable a mano y a m\u00e1quina<\/li>\n<li>Calentamiento en solo 1 minuto<\/li>\n<li>AutoStop a las 12 horas<\/li>\n<\/ul>\n","protected":false},"excerpt":{"rendered":"<p>EAN 8436531912185<\/p>\n<p>Calientacamas doble de gran calidad, confeccionado en poli\u00e9ster, dotado de las prestaciones de los calientacamas de gama m\u00e1s alta. Su sistema de calentamiento ultra r\u00e1pido calentar\u00e1 tu cama en pocos segundos y podr\u00e1s olvidarte del fr\u00edo r\u00e1pidamente y sin tener que esperar. Su regulador separable, junto a sus cuatro niveles de potencia te har\u00e1n gozar de tu cama y volver\u00e1s a disfrutar durmiendo. Dotado de dos reguladores separables e independientes para diferenciar dos zonas de confort, y as\u00ed poder elegir tu temperatura ideal para dormir.<\/p>\n<p>Los calientacamas son elementos calefactores de gran tama\u00f1o y flexibles que han sido dise\u00f1ados especialmente para adaptarse al colch\u00f3n y acostarse encima. Con un consumo de energ\u00eda muy reducido, generan un suave pero eficaz calor ascendente. Su bajo consumo, pero su gran potencial nos ayuda a ahorrar, no necesitaremos tener la calefacci\u00f3n encendida toda la noche para dormir bien, ni tampoco peligrosos calefactores, con nuestro calientacamas y su peque\u00f1o consumo tendremos suficiente para dormir pl\u00e1cidamente toda la noche.<\/p>\n<p>Aprov\u00e9chate del calor terap\u00e9utico. El calor beneficia la circulaci\u00f3n sangu\u00ednea, elimina toxinas, relaja y favorece el descanso. Reduce los problemas de sue\u00f1o y hace que las fr\u00edas noches sean m\u00e1s pl\u00e1cidas.<\/p>\n<p>Los calientacamas Pekatherm son 100% seguros y fiables gracias a su cable calefactor de doble bobinado, su doble fusible t\u00e9rmico y su sistema de desconexi\u00f3n autom\u00e1tico en caso de fallo. Tecnolog\u00eda de m\u00e1xima seguridad.<\/p>\n","protected":false},"featured_media":305,"template":"","meta":[],"_links":{"self":[{"href":"https:\/\/pekatherm.es\/index.php?rest_route=\/wp\/v2\/product\/331"}],"collection":[{"href":"https:\/\/pekatherm.es\/index.php?rest_route=\/wp\/v2\/product"}],"about":[{"href":"https:\/\/pekatherm.es\/index.php?rest_route=\/wp\/v2\/types\/product"}],"wp:featuredmedia":[{"embeddable":true,"href":"https:\/\/pekatherm.es\/index.php?rest_route=\/wp\/v2\/media\/305"}],"wp:attachment":[{"href":"https:\/\/pekatherm.es\/index.php?rest_route=%2Fwp%2Fv2%2Fmedia&parent=331"}],"curies":[{"name":"wp","href":"https:\/\/api.w.org\/{rel}","templated":true}]}}