{"id":332,"date":"2019-08-21T23:02:23","date_gmt":"2019-08-21T21:02:23","guid":{"rendered":"https:\/\/pekatherm.es\/?post_type=product&#038;p=332"},"modified":"2023-09-29T14:29:39","modified_gmt":"2023-09-29T12:29:39","slug":"up105d","status":"publish","type":"product","link":"https:\/\/pekatherm.es\/?product=up105d","title":{"rendered":"UP105D &#8211; Calientacamas individual poli\u00e9ster con regulador separable"},"content":{"rendered":"<p>Calientacamas individual estandard.<\/p>\n<ul>\n<li>3 Niveles de Temperatura<\/li>\n<li>150x80cm<\/li>\n<li>Poli\u00e9ster<\/li>\n<li>60W<\/li>\n<li>Mando de control separable<\/li>\n<li>Lavable a mano y a m\u00e1quina<\/li>\n<\/ul>\n","protected":false},"excerpt":{"rendered":"<p>EAN 8436531911065<\/p>\n<p>Calientacamas fabricado en poli\u00e9ster de gran calidad, con regulador separable para un f\u00e1cil lavado, se ajusta a la perfecci\u00f3n a cualquier tipo de cama individual. Ha sido dise\u00f1ado para el buen descanso del cuerpo y para conseguir ese bienestar que tanto favorece a nuestra salud.<\/p>\n<p>Los calientacamas son elementos calefactores de gran tama\u00f1o y flexibles que han sido dise\u00f1ados especialmente para adaptarse al colch\u00f3n y acostarse encima. Con un consumo de energ\u00eda muy reducido, generan un suave pero eficaz calor ascendente. Este calientacamas cuenta con un regulador de tres temperaturas, para que podamos elegir la potencia del calor que necesitemos y con la que nos sintamos a gusto. Su bajo consumo pero su gran potencial nos ayudan a ahorrar, no necesitaremos tener la calefacci\u00f3n encendida toda la noche para dormir bien, ni tampoco peligrosos calefactores, con nuestro calientacamas y su peque\u00f1o consumo tendremos suficiente para dormir pl\u00e1cidamente toda la noche.<\/p>\n<p>Aprov\u00e9chate del calor terap\u00e9utico. El calor beneficia la circulaci\u00f3n sangu\u00ednea, elimina toxinas, relaja y favorece el descanso. Reduce los problemas de sue\u00f1o y hace que las fr\u00edas noches sean m\u00e1s pl\u00e1cidas.<\/p>\n<p>Los calientacamas Pekatherm son 100% seguros y fiables gracias a su cable calefactor de doble bobinado, su doble fusible t\u00e9rmico y su sistema de desconexi\u00f3n autom\u00e1tico en caso de fallo. Tecnolog\u00eda de m\u00e1xima seguridad.<\/p>\n<p>&nbsp;<\/p>\n","protected":false},"featured_media":304,"template":"","meta":[],"_links":{"self":[{"href":"https:\/\/pekatherm.es\/index.php?rest_route=\/wp\/v2\/product\/332"}],"collection":[{"href":"https:\/\/pekatherm.es\/index.php?rest_route=\/wp\/v2\/product"}],"about":[{"href":"https:\/\/pekatherm.es\/index.php?rest_route=\/wp\/v2\/types\/product"}],"wp:featuredmedia":[{"embeddable":true,"href":"https:\/\/pekatherm.es\/index.php?rest_route=\/wp\/v2\/media\/304"}],"wp:attachment":[{"href":"https:\/\/pekatherm.es\/index.php?rest_route=%2Fwp%2Fv2%2Fmedia&parent=332"}],"curies":[{"name":"wp","href":"https:\/\/api.w.org\/{rel}","templated":true}]}}