{"id":335,"date":"2019-08-21T23:06:20","date_gmt":"2019-08-21T21:06:20","guid":{"rendered":"https:\/\/pekatherm.es\/?post_type=product&#038;p=335"},"modified":"2019-09-20T10:45:34","modified_gmt":"2019-09-20T08:45:34","slug":"up210d","status":"publish","type":"product","link":"https:\/\/pekatherm.es\/?product=up210d","title":{"rendered":"UP210D &#8211; Calientacamas doble poli\u00e9ster con regulador separable"},"content":{"rendered":"<p>Calientacamas doble estandard.<\/p>\n<ul>\n<li>3 Niveles de Temperatura<\/li>\n<li>160x150cm<\/li>\n<li>Poli\u00e9ster<\/li>\n<li>2x60W<\/li>\n<li>Mando de control separable<\/li>\n<li>Lavable a mano y a m\u00e1quina<\/li>\n<\/ul>\n","protected":false},"excerpt":{"rendered":"<p>EAN 8436531912208<\/p>\n<p>Calientacamas doble fabricado en poli\u00e9ster de gran calidad, con dos reguladores separables e independientes para diferenciar dos zonas de confort, y as\u00ed poder elegir tu temperatura ideal para dormir. Ha sido dise\u00f1ado para el buen descanso del cuerpo y para conseguir ese bienestar que tanto favorece a nuestra salud. Gracias a su gran tama\u00f1o tendr\u00e1s calor en toda la superficie de tu cama (150 x 160 cm). De muy f\u00e1cil lavado gracias a sus reguladores separables, podemos lavarlo a m\u00e1quina si lo deseamos.<\/p>\n<p>Los calientacamas son elementos calefactores de gran tama\u00f1o y flexibles que han sido dise\u00f1ados especialmente para adaptarse al colch\u00f3n y acostarse encima. Con un consumo de energ\u00eda muy reducido, generan un suave pero eficaz calor ascendente. Este calientacamas cuenta con dos reguladores de tres temperaturas, para que podamos elegir la potencia del calor que necesitemos en cada zona y con la que nos sintamos a gusto. Su bajo consumo pero su gran potencial nos ayudan a ahorrar, no necesitaremos tener la calefacci\u00f3n encendida toda la noche para dormir bien, ni tampoco peligrosos calefactores, con nuestro calientacamas y su peque\u00f1o consumo tendremos suficiente para dormir pl\u00e1cidamente toda la noche.<\/p>\n<p>Aprov\u00e9chate del calor terap\u00e9utico. El calor beneficia la circulaci\u00f3n sangu\u00ednea, elimina toxinas, relaja y favorece el descanso. Reduce los problemas de sue\u00f1o y hace que las fr\u00edas noches sean m\u00e1s pl\u00e1cidas.<\/p>\n<p>Los calientacamas Pekatherm son 100% seguros y fiables gracias a su cable calefactor de doble bobinado, su doble fusible t\u00e9rmico y su sistema de desconexi\u00f3n autom\u00e1tico en caso de fallo. Tecnolog\u00eda de m\u00e1xima seguridad.<\/p>\n<p>&nbsp;<\/p>\n","protected":false},"featured_media":303,"template":"","meta":[],"_links":{"self":[{"href":"https:\/\/pekatherm.es\/index.php?rest_route=\/wp\/v2\/product\/335"}],"collection":[{"href":"https:\/\/pekatherm.es\/index.php?rest_route=\/wp\/v2\/product"}],"about":[{"href":"https:\/\/pekatherm.es\/index.php?rest_route=\/wp\/v2\/types\/product"}],"wp:featuredmedia":[{"embeddable":true,"href":"https:\/\/pekatherm.es\/index.php?rest_route=\/wp\/v2\/media\/303"}],"wp:attachment":[{"href":"https:\/\/pekatherm.es\/index.php?rest_route=%2Fwp%2Fv2%2Fmedia&parent=335"}],"curies":[{"name":"wp","href":"https:\/\/api.w.org\/{rel}","templated":true}]}}