{"id":336,"date":"2019-08-21T23:07:29","date_gmt":"2019-08-21T21:07:29","guid":{"rendered":"https:\/\/pekatherm.es\/?post_type=product&#038;p=336"},"modified":"2023-09-29T14:32:30","modified_gmt":"2023-09-29T12:32:30","slug":"up105","status":"publish","type":"product","link":"https:\/\/pekatherm.es\/?product=up105","title":{"rendered":"UP105 &#8211; Calientacamas individual poli\u00e9ster con regulador no separable"},"content":{"rendered":"<p>Calientacamas individual estandard.<\/p>\n<ul>\n<li>2 Niveles de Temperatura<\/li>\n<li>150x80cm<\/li>\n<li>Poli\u00e9ster<\/li>\n<li>60W<\/li>\n<li>Lavable a mano<\/li>\n<li>Regulador No Separable<\/li>\n<\/ul>\n","protected":false},"excerpt":{"rendered":"<p>EAN 8436531911058<\/p>\n<p>Calientacamas individual (150 x 80 cm) con regulador no separable, fabricado en poli\u00e9ster de gran calidad, ideado para el buen descanso y el bienestar.\u00a0 Dormir bien afectar\u00e1 de forma positiva a tu salud y eso se reflejar\u00e1 en tu belleza, tu humor y tu forma positiva de afrontar un nuevo d\u00eda.<\/p>\n<p>Los calientacamas son elementos calefactores de gran tama\u00f1o y flexibles que han sido dise\u00f1ados especialmente para adaptarse al colch\u00f3n y acostarse encima. Con un consumo de energ\u00eda muy reducido, generan un suave pero eficaz calor ascendente.<\/p>\n<p>El calor beneficia la circulaci\u00f3n sangu\u00ednea, elimina toxinas, relaja y favorece el descanso. Reduce los problemas de sue\u00f1o y hace que las fr\u00edas noches sean m\u00e1s pl\u00e1cidas.<\/p>\n<p>Los calientacamas Pekatherm son 100% seguros y fiables gracias a su cable calefactor de doble bobinado, su doble fusible t\u00e9rmico y su sistema de desconexi\u00f3n autom\u00e1tico en caso de fallo. Tecnolog\u00eda de m\u00e1xima seguridad.<\/p>\n","protected":false},"featured_media":302,"template":"","meta":[],"_links":{"self":[{"href":"https:\/\/pekatherm.es\/index.php?rest_route=\/wp\/v2\/product\/336"}],"collection":[{"href":"https:\/\/pekatherm.es\/index.php?rest_route=\/wp\/v2\/product"}],"about":[{"href":"https:\/\/pekatherm.es\/index.php?rest_route=\/wp\/v2\/types\/product"}],"wp:featuredmedia":[{"embeddable":true,"href":"https:\/\/pekatherm.es\/index.php?rest_route=\/wp\/v2\/media\/302"}],"wp:attachment":[{"href":"https:\/\/pekatherm.es\/index.php?rest_route=%2Fwp%2Fv2%2Fmedia&parent=336"}],"curies":[{"name":"wp","href":"https:\/\/api.w.org\/{rel}","templated":true}]}}