{"id":349,"date":"2019-08-22T12:11:34","date_gmt":"2019-08-22T10:11:34","guid":{"rendered":"https:\/\/pekatherm.es\/?post_type=product&#038;p=349"},"modified":"2019-08-26T11:34:23","modified_gmt":"2019-08-26T09:34:23","slug":"gu900","status":"publish","type":"product","link":"https:\/\/pekatherm.es\/?product=gu900","title":{"rendered":"GU900 &#8211; Sotoguantes calefactores con portapilas"},"content":{"rendered":"<p>Sotoguantes calefactores con alimentaci\u00f3n a pilas.<\/p>\n<ul>\n<li><strong>Tallas<\/strong>: S\/M\/L<\/li>\n<li><strong>Material:\u00a0 <\/strong>Poli\u00e9ster, Nylon, Lycra<\/li>\n<li><strong>Potencia m\u00e1xima:<\/strong>\u00a04.5W<\/li>\n<li><strong>Incluye<\/strong>: dos portapilas 3xAA y dos cables prolongadores, no incluye pilas<\/li>\n<li>Electr\u00f3nica con calentamiento r\u00e1pido (calor en s\u00f3lo 15 segundos)<\/li>\n<li><strong>Autonom\u00eda de funcionamiento:<\/strong>\u00a0Hasta 6h con pilas est\u00e1ndard AA, hasta 15h con bater\u00edas de Litio CP951<\/li>\n<li><strong>Temperatura m\u00e1xima interior aprox<\/strong>.: 50\u00baC con pilas AA, hasta 75\u00baC con bater\u00edas CP951<\/li>\n<li><strong>Zonas calefactadas:<\/strong>\u00a0Dorso de la mano y dedos<\/li>\n<\/ul>\n<p>&nbsp;<\/p>\n<p><img loading=\"lazy\" class=\"alignnone wp-image-374\" src=\"https:\/\/pekatherm.es\/wp-content\/uploads\/2019\/08\/Tabla-guantes-300x184.jpg\" alt=\"\" width=\"316\" height=\"194\" srcset=\"https:\/\/pekatherm.es\/wp-content\/uploads\/2019\/08\/Tabla-guantes-300x184.jpg 300w, https:\/\/pekatherm.es\/wp-content\/uploads\/2019\/08\/Tabla-guantes-768x470.jpg 768w, https:\/\/pekatherm.es\/wp-content\/uploads\/2019\/08\/Tabla-guantes-239x146.jpg 239w, https:\/\/pekatherm.es\/wp-content\/uploads\/2019\/08\/Tabla-guantes-50x31.jpg 50w, https:\/\/pekatherm.es\/wp-content\/uploads\/2019\/08\/Tabla-guantes-123x75.jpg 123w, https:\/\/pekatherm.es\/wp-content\/uploads\/2019\/08\/Tabla-guantes-600x367.jpg 600w, https:\/\/pekatherm.es\/wp-content\/uploads\/2019\/08\/Tabla-guantes.jpg 946w\" sizes=\"(max-width: 316px) 100vw, 316px\" \/><\/p>\n<p>&nbsp;<\/p>\n","protected":false},"excerpt":{"rendered":"<p>EAN 8436531919023 (Talla S)<\/p>\n<p>EAN 8436531919047 (Talla M)<\/p>\n<p>EAN 8436531919061 (Talla L)<\/p>\n<p>Los sotoguantes calefactores son la soluci\u00f3n definitiva cuando surge la necesidad de calentar las manos, cualquiera que sea la aplicaci\u00f3n o actividad a realizar, ya que permiten utilizar sin limitaci\u00f3n aquellos guantes convencionales que mejor se adecuen a la actividad (caza, pesca, equitaci\u00f3n, motociclismo, esqu\u00ed, entornos laborales o cualquier otra que se desarrolle en entornos de fr\u00edo intenso). No son aptos para una utilizaci\u00f3n como guantes exteriores. Las prestaciones t\u00e9rmicas de los sotoguantes GU900 son fuertemente dependientes de las caracter\u00edsticas t\u00e9rmicas de los guantes de invierno convencionales no calefactores que se utilicen para cubrir los sotoguantes durante su uso. Se aconseja la utilizaci\u00f3n de unos guantes convencionales con estructura multicapa.<\/p>\n<p>Fabricados en tejido de m\u00ednimo espesor, los sotoguantes facilitan la colocaci\u00f3n de los guantes convencionales a la vez que permiten mantener una buena sensibilidad en la zona de los dedos. El tejido de los sotoguantes es el\u00e1stico y se ajusta perfectamente a la mano adem\u00e1s de permitir una total libertad de movimientos.<\/p>\n","protected":false},"featured_media":372,"template":"","meta":[],"_links":{"self":[{"href":"https:\/\/pekatherm.es\/index.php?rest_route=\/wp\/v2\/product\/349"}],"collection":[{"href":"https:\/\/pekatherm.es\/index.php?rest_route=\/wp\/v2\/product"}],"about":[{"href":"https:\/\/pekatherm.es\/index.php?rest_route=\/wp\/v2\/types\/product"}],"wp:featuredmedia":[{"embeddable":true,"href":"https:\/\/pekatherm.es\/index.php?rest_route=\/wp\/v2\/media\/372"}],"wp:attachment":[{"href":"https:\/\/pekatherm.es\/index.php?rest_route=%2Fwp%2Fv2%2Fmedia&parent=349"}],"curies":[{"name":"wp","href":"https:\/\/api.w.org\/{rel}","templated":true}]}}