{"id":376,"date":"2019-08-26T11:34:39","date_gmt":"2019-08-26T09:34:39","guid":{"rendered":"https:\/\/pekatherm.es\/?post_type=product&#038;p=376"},"modified":"2019-08-26T12:15:30","modified_gmt":"2019-08-26T10:15:30","slug":"gu91","status":"publish","type":"product","link":"https:\/\/pekatherm.es\/?product=gu91","title":{"rendered":"GU91 &#8211; Guantes calefactores con alimentaci\u00f3n a pilas"},"content":{"rendered":"<p>Guantes calefactores ECO con alimentaci\u00f3n a pilas.<\/p>\n<ul>\n<li><strong>Tallas<\/strong>: S\/M\/L\/XL<\/li>\n<li><strong>Material: <\/strong>100% Poli\u00e9ster<\/li>\n<li><strong>Estructura textil:\u00a0<\/strong>5 capas, incluyendo una membrana interior impermeable y una membrana de aislamiento t\u00e9rmico.<\/li>\n<li><strong>Potencia m\u00e1xima:<\/strong> 3.5W<\/li>\n<li><strong>Incluye<\/strong>: dos portapilas 3xAA, no incluye pilas<\/li>\n<li>Electr\u00f3nica con calentamiento r\u00e1pido (calor en s\u00f3lo 15 segundos)<\/li>\n<li><strong>Autonom\u00eda de funcionamiento:<\/strong> 4h con pilas est\u00e1ndar AA, 8h con bater\u00edas CP940, hasta 30h con bater\u00edas CP951<\/li>\n<li><strong>Temperatura m\u00e1xima interior aprox<\/strong>.: 45\u00baC con pilas AA, 50\u00baC con bater\u00edas CP940, hasta 85\u00baC con bater\u00edas CP951<\/li>\n<li><strong>Zonas calefactadas:<\/strong> Palma de la mano<\/li>\n<li>\n<div><strong>Opciones de alimentaci\u00f3n:<\/strong><\/div>\n<div>\n<div>&#8211; 3 pilas AA alcalinas, o bien 3 pilas AA recargables de Niquel por guante (dos portapilas 3xAA incluidos, pilas AA no incluidas)<\/div>\n<div>&#8211; Para un aumento de la autonom\u00eda de funcionamiento se aconseja el uso de las bater\u00edas especiales de Litio recargables Ref. CP940 (no incluidas, producto de compra opcional)<\/div>\n<div>&#8211; Para una mejora global de prestaciones (potencia de calentamiento y autonom\u00eda de funcionamiento) se aconseja el uso de las baterias especiales de Litio recargables Ref. CP951 (no incluidas, producto de compra opcional)<\/div>\n<\/div>\n<\/li>\n<\/ul>\n<p><img loading=\"lazy\" class=\"alignnone wp-image-377\" src=\"https:\/\/pekatherm.es\/wp-content\/uploads\/2019\/08\/GU91-300x218.jpg\" alt=\"\" width=\"398\" height=\"289\" srcset=\"https:\/\/pekatherm.es\/wp-content\/uploads\/2019\/08\/GU91-300x218.jpg 300w, https:\/\/pekatherm.es\/wp-content\/uploads\/2019\/08\/GU91-768x559.jpg 768w, https:\/\/pekatherm.es\/wp-content\/uploads\/2019\/08\/GU91-1024x745.jpg 1024w, https:\/\/pekatherm.es\/wp-content\/uploads\/2019\/08\/GU91-201x146.jpg 201w, https:\/\/pekatherm.es\/wp-content\/uploads\/2019\/08\/GU91-50x36.jpg 50w, https:\/\/pekatherm.es\/wp-content\/uploads\/2019\/08\/GU91-103x75.jpg 103w, https:\/\/pekatherm.es\/wp-content\/uploads\/2019\/08\/GU91-600x437.jpg 600w, https:\/\/pekatherm.es\/wp-content\/uploads\/2019\/08\/GU91.jpg 1047w\" sizes=\"(max-width: 398px) 100vw, 398px\" \/><\/p>\n<p>&nbsp;<\/p>\n<p>&nbsp;<\/p>\n","protected":false},"excerpt":{"rendered":"<p>EAN 8436531910921 (Talla S)<\/p>\n<p>EAN 8436531910945 (Talla M)<\/p>\n<p>EAN 8436531910969 (Talla L)<\/p>\n<p>EAN 8436531910983 (Talla XL)<\/p>\n<div>Guantes cl\u00e1sicos concebidos para actividades de exterior con fr\u00edo, nieve, lluvia y viento en que se precise movilidad de los dedos. Impermeables, confortables y de dise\u00f1o elegante.<\/div>\n<div>Perfectos para equitaci\u00f3n, caza y pesca, esqu\u00ed, rutas en moto, etc. Tiene una estructura textil multicapa donde el material de cada una de las capas ha sido cuidadosamente seleccionado para aportar al producto las cualidades necesarias de resistencia al agua y aislamiento t\u00e9rmico, manteniendo la flexibilidad, confort, facilidad de utilizaci\u00f3n y durabilidad. Incluye una membrana impermeable y una membrana de aislamiento t\u00e9rmico.<\/div>\n<div>\n<div>Esta familia de guantes calefactores ha sido desarrollada para ser vers\u00e1til. Por este motivo su dise\u00f1o ha sido realizado teniendo presente tanto su uso cotidiano en ciudad en condiciones de fr\u00edo moderado, como su uso en condiciones m\u00e1s agresivas de temperaturas extremas. Han sido para ello dotados de una estructura interior multicapa, donde el material de cada una de las capas ha sido cuidadosamente seleccionado para conferir al producto las necesarias cualidades de impermeabilidad al agua y aislamiento t\u00e9rmico, pero sin que el producto haya perdido por ello sus cualidades de flexibilidad, comodidad, facilidad de uso y durabilidad.<\/div>\n<div><strong>Las prestaciones de los guantes calefactores son fuertemente dependientes del tipo y calidad de las bater\u00edas utilizadas.\u00a0<\/strong><\/div>\n<div><\/div>\n<\/div>\n","protected":false},"featured_media":378,"template":"","meta":[],"_links":{"self":[{"href":"https:\/\/pekatherm.es\/index.php?rest_route=\/wp\/v2\/product\/376"}],"collection":[{"href":"https:\/\/pekatherm.es\/index.php?rest_route=\/wp\/v2\/product"}],"about":[{"href":"https:\/\/pekatherm.es\/index.php?rest_route=\/wp\/v2\/types\/product"}],"wp:featuredmedia":[{"embeddable":true,"href":"https:\/\/pekatherm.es\/index.php?rest_route=\/wp\/v2\/media\/378"}],"wp:attachment":[{"href":"https:\/\/pekatherm.es\/index.php?rest_route=%2Fwp%2Fv2%2Fmedia&parent=376"}],"curies":[{"name":"wp","href":"https:\/\/api.w.org\/{rel}","templated":true}]}}