{"id":381,"date":"2019-08-26T12:16:34","date_gmt":"2019-08-26T10:16:34","guid":{"rendered":"https:\/\/pekatherm.es\/?post_type=product&#038;p=381"},"modified":"2019-08-26T14:34:34","modified_gmt":"2019-08-26T12:34:34","slug":"gu910","status":"publish","type":"product","link":"https:\/\/pekatherm.es\/?product=gu910","title":{"rendered":"GU910 &#8211; Guantes calefactores con alimentaci\u00f3n a bater\u00edas de litio"},"content":{"rendered":"<p>Guantes calefactores con alimentaci\u00f3n a bater\u00edas de litio.<\/p>\n<ul>\n<li><strong>Tallas<\/strong>: S\/M\/L\/XL<\/li>\n<li><strong>Material: <\/strong>100% Poli\u00e9ster<\/li>\n<li><strong>Estructura textil:\u00a0<\/strong>5 capas, incluyendo una membrana interior impermeable y una membrana de aislamiento t\u00e9rmico.<\/li>\n<li><strong>Potencia m\u00e1xima:<\/strong> 4.5W<\/li>\n<li><strong>Incluye<\/strong>: Bater\u00edas especiales de Litio recargables Ref. CP940 y cargador<\/li>\n<li>Electr\u00f3nica con calentamiento r\u00e1pido (calor en s\u00f3lo 15 segundos)<\/li>\n<li><strong>Autonom\u00eda de funcionamiento:<\/strong> 2.5h<\/li>\n<li><strong>Temperatura m\u00e1xima interior aprox<\/strong>.: 55\u00baC<\/li>\n<li><strong>Zonas calefactadas:<\/strong> Dorso de la mano y dedos\n<div><\/div>\n<\/li>\n<li>\n<div><strong>Elementos de dise\u00f1o:<\/strong><\/div>\n<div>\n<div>\n<div>&#8211; Tiras reflectantes en el dorso de la mano para mejor visibilidad nocturna<\/div>\n<div>&#8211; Cintura el\u00e1stica en la zona de la mu\u00f1eca para una mejor estabilidad<\/div>\n<div>&#8211; Sistema de cierre por tensor en la zona del antebrazo<\/div>\n<div>&#8211; Tejido reforzado en la palma de la mano y dedos para mayor durabilidad<\/div>\n<div>&#8211; Bolsillo especial para la bater\u00eda integrado en el guante para una f\u00e1cil accesibilidad<\/div>\n<div>&#8211; Sistema de fijaci\u00f3n por clip para mantener unidos ambos guantes cuando no se utilizan<\/div>\n<\/div>\n<\/div>\n<\/li>\n<li>\n<div><strong>Caracter\u00edsticas t\u00e9cnicas de las bater\u00edas:<\/strong><\/div>\n<div>&#8211; Tecnolog\u00eda: Litio<\/div>\n<div>&#8211; Tensi\u00f3n nominal de salida: 3.7V<\/div>\n<div>&#8211; Capacidad: 2200mAh<\/div>\n<div>&#8211; Dimensiones: 67x30x20mm<\/div>\n<div>&#8211; Peso: 51g<\/div>\n<\/li>\n<li>\n<div><strong>Caracter\u00edsticas t\u00e9cnicas del cargador:<\/strong><\/div>\n<div>\n<div>&#8211; Tipo: Adaptador de pared con salida doble para la carga simult\u00e1nea de 2 bater\u00edas<\/div>\n<div>&#8211; Caracter\u00edstica de entrada: Entrada Universal 100-240VAC, 50\/60Hz, 0.5A<\/div>\n<div>&#8211; Caracter\u00edstica de salida: 4.2V DC, 1.5A<\/div>\n<div>&#8211; Tiempo de carga aproximado: 5h (carga simult\u00e1nea de dos bater\u00edas 3.7V 2200mAh completamente vac\u00edas)<\/div>\n<div>&#8211; Dimensiones: 71 x 30 x 80mm<\/div>\n<div>&#8211; Peso: 111gr<\/div>\n<div>&#8211; Conector doble de salida, para recarga simult\u00e1nea de dos bater\u00edas<\/div>\n<div>&#8211; LED bicolor rojo\/verde indicador de carga\/fin de carga<\/div>\n<\/div>\n<\/li>\n<\/ul>\n<p><img loading=\"lazy\" class=\"alignnone wp-image-384\" src=\"https:\/\/pekatherm.es\/wp-content\/uploads\/2019\/08\/GU910-300x168.jpg\" alt=\"\" width=\"398\" height=\"223\" srcset=\"https:\/\/pekatherm.es\/wp-content\/uploads\/2019\/08\/GU910-300x168.jpg 300w, https:\/\/pekatherm.es\/wp-content\/uploads\/2019\/08\/GU910-768x430.jpg 768w, https:\/\/pekatherm.es\/wp-content\/uploads\/2019\/08\/GU910-1024x574.jpg 1024w, https:\/\/pekatherm.es\/wp-content\/uploads\/2019\/08\/GU910-260x146.jpg 260w, https:\/\/pekatherm.es\/wp-content\/uploads\/2019\/08\/GU910-50x28.jpg 50w, https:\/\/pekatherm.es\/wp-content\/uploads\/2019\/08\/GU910-134x75.jpg 134w, https:\/\/pekatherm.es\/wp-content\/uploads\/2019\/08\/GU910-600x336.jpg 600w, https:\/\/pekatherm.es\/wp-content\/uploads\/2019\/08\/GU910.jpg 1312w\" sizes=\"(max-width: 398px) 100vw, 398px\" \/><\/p>\n<p>&nbsp;<\/p>\n<p>&nbsp;<\/p>\n","protected":false},"excerpt":{"rendered":"<p>EAN 8436531919122 (Talla S)<\/p>\n<p>EAN 8436531919146 (Talla M)<\/p>\n<p>EAN 8436531919160 (Talla L)<\/p>\n<p>EAN 8436531919184 (Talla XL)<\/p>\n<div>\n<div>Guantes cl\u00e1sicos concebidos para actividades de exterior con fr\u00edo, nieve, lluvia y viento en que se precise movilidad de los dedos. Impermeables y transpirables, confortables y de dise\u00f1o elegante. Perfectos para equitaci\u00f3n, caza y pesca, esqu\u00ed, rutas en moto, etc. Desarrollados para ser polivalentes, su dise\u00f1o resulta \u00f3ptimo tanto para condiciones de fr\u00edo moderado como de fr\u00edo extremo. Inclusi\u00f3n de serie del par de bater\u00edas especiales de Litio CP940.<\/div>\n<div><\/div>\n<div>Estructura textil multicapa donde el material de cada una de las capas ha sido cuidadosamente seleccionado para aportar al producto las cualidades necesarias de resistencia al agua y aislamiento t\u00e9rmico, manteniendo la flexibilidad, confort, facilidad de utilizaci\u00f3n y durabilidad. Incluye una membrana impermeable y transpirable, y una membrana de aislamiento t\u00e9rmico<\/div>\n<div><\/div>\n<\/div>\n<div>\n<div>Esta familia de guantes calefactores ha sido desarrollada para ser vers\u00e1til. Por este motivo su dise\u00f1o ha sido realizado teniendo presente tanto su uso cotidiano en ciudad en condiciones de fr\u00edo moderado, como su uso en condiciones m\u00e1s agresivas de temperaturas extremas. Han sido para ello dotados de una estructura interior multicapa, donde el material de cada una de las capas ha sido cuidadosamente seleccionado para conferir al producto las necesarias cualidades de impermeabilidad al agua y aislamiento t\u00e9rmico, pero sin que el producto haya perdido por ello sus cualidades de flexibilidad, comodidad, facilidad de uso y durabilidad.<strong>\u00a0<\/strong><\/div>\n<div><\/div>\n<\/div>\n","protected":false},"featured_media":382,"template":"","meta":[],"_links":{"self":[{"href":"https:\/\/pekatherm.es\/index.php?rest_route=\/wp\/v2\/product\/381"}],"collection":[{"href":"https:\/\/pekatherm.es\/index.php?rest_route=\/wp\/v2\/product"}],"about":[{"href":"https:\/\/pekatherm.es\/index.php?rest_route=\/wp\/v2\/types\/product"}],"wp:featuredmedia":[{"embeddable":true,"href":"https:\/\/pekatherm.es\/index.php?rest_route=\/wp\/v2\/media\/382"}],"wp:attachment":[{"href":"https:\/\/pekatherm.es\/index.php?rest_route=%2Fwp%2Fv2%2Fmedia&parent=381"}],"curies":[{"name":"wp","href":"https:\/\/api.w.org\/{rel}","templated":true}]}}