{"id":407,"date":"2019-08-26T15:43:31","date_gmt":"2019-08-26T13:43:31","guid":{"rendered":"https:\/\/pekatherm.es\/?post_type=product&#038;p=407"},"modified":"2019-08-26T15:46:46","modified_gmt":"2019-08-26T13:46:46","slug":"ae810-vendaje-termico-para-el-codo","status":"publish","type":"product","link":"https:\/\/pekatherm.es\/?product=ae810-vendaje-termico-para-el-codo","title":{"rendered":"AE810 &#8211; Vendaje t\u00e9rmico para el codo"},"content":{"rendered":"<ul>\n<li><strong>Aplicaci\u00f3n:<\/strong> Codo<\/li>\n<li><strong>Medidas: <\/strong>25&#215;14 cm<\/li>\n<li><strong>Alimentaci\u00f3n:<\/strong> bater\u00eda de litio (incluida)<\/li>\n<li>\n<div><strong>Elemento calefactor interno:\u00a0<\/strong>Cable resistivo<\/div>\n<\/li>\n<li>\n<div><strong>Tensi\u00f3n de alimentaci\u00f3n:<\/strong> 7.4V<\/div>\n<\/li>\n<li>\n<div><strong>Potencia:<\/strong> 12W<\/div>\n<\/li>\n<li>\n<div><strong>Temperatura m\u00e1xima aproximada:<\/strong> 55\u00baC<\/div>\n<\/li>\n<li><strong>Calentamiento r\u00e1pido<\/strong> (calor en s\u00f3lo 60 segundos).<\/li>\n<li>\n<div><strong>Autonom\u00eda de funcionamiento:<\/strong> 30\/60 min<\/div>\n<\/li>\n<li>\n<div><strong>Material de base:\u00a0<\/strong>Caucho SBR<\/div>\n<\/li>\n<li>\n<div><strong>Acabado:<\/strong>\u00a0Fibras sint\u00e9ticas compuestas de poliamida, uretano, nylon y poli\u00e9ster<\/div>\n<\/li>\n<\/ul>\n<h6><strong>CARACTER\u00cdSTICAS T\u00c9CNICAS DE LA BATER\u00cdA:<\/strong><\/h6>\n<div>\n<ul>\n<li>Bater\u00eda Litio recargable 7.4V 650mAh, Autonom\u00eda de funcionamiento aproximada: 30min, Tiempo de carga aproximado: 3h <img loading=\"lazy\" class=\"\" src=\"https:\/\/pekatherm.es\/images\/stories\/pekatherm\/Sistema%20alimentacion%20vendajes_X%20(lowres).jpg\" alt=\"Sistema alimentacion vendajes X (lowres)\" width=\"628\" height=\"167\" \/><\/li>\n<\/ul>\n<\/div>\n","protected":false},"excerpt":{"rendered":"<p>EAN 8436531918101<\/p>\n<div>\n<div>\n<div>\n<div>Vendaje t\u00e9rmico con alimentaci\u00f3n a bater\u00eda de litio dise\u00f1ado exclusivamente para el codo. Especialmente recomendado para deportistas que han sufrido alguna lesi\u00f3n o personas con dolencias centradas en la zona del codo. Su sistema de alimentaci\u00f3n independiente permite moverte mientras act\u00faa sobre la zona dolorida. Su tejido de neopreno lo hace muy resistente y es apto tanto para el codo izquierdo como el derecho.<\/div>\n<div><\/div>\n<div><strong>&#8211; Las ventajas de los vendajes t\u00e9rmicos frente a los m\u00e9todos tradicionales de terapia t\u00e9rmica son b\u00e1sicamente cuatro<\/strong>:<\/div>\n<div><\/div>\n<div><strong>1)<\/strong> Permiten la aplicaci\u00f3n local de calor exactamente en la zona a tratar. Cada modelo de vendaje ha sido dise\u00f1ado para una regi\u00f3n espec\u00edfica, de manera que el calor sea aplicado all\u00e1 donde resulta m\u00e1s efectivo. Para ello los vendajes han sido dotados de medios de sujeci\u00f3n para poder mantenerse en posici\u00f3n correcta durante todo el periodo de aplicaci\u00f3n.<\/div>\n<div><strong>2)<\/strong>\u00a0La alimentaci\u00f3n a bater\u00eda permite libertad completa de movimientos<\/div>\n<div><strong>3)<\/strong>\u00a0El funcionamiento a baja tensi\u00f3n garantiza la m\u00e1xima seguridad en el uso<\/div>\n<div><strong>4)<\/strong>\u00a0El tejido a base de neopreno posee unas cualidades t\u00e9cnicas \u00fanicas: es un excelente aislante t\u00e9rmico que retiene el calor sin que se pierda en el ambiente, manteni\u00e9ndolo concentrado en la zona de la articulaci\u00f3n. Por otro lado su elasticidad permite un ajuste perfecto al cuerpo y una suave compresi\u00f3n uniformemente distribuida en toda la zona de la articulaci\u00f3n, lo cual favorece la penetraci\u00f3n de calor hacia el interior de la misma.<\/div>\n<div><\/div>\n<div><\/div>\n<\/div>\n<div>Todos los modelos han sido dise\u00f1ados para adaptarse de forma \u00fanica a articulaciones y regiones corporales de curvas muy dif\u00edciles, permitiendo la aplicaci\u00f3n del calor de forma eficaz. Dise\u00f1os provistos de bandas el\u00e1sticas dotadas de Velcro, de manera estudiada para que puedan sujetarse de forma firme y estable a cualquier articulaci\u00f3n, permitiendo el ajuste manual a las diversas morfolog\u00edas y permitiendo los movimientos corporales sin perder nunca su posici\u00f3n.<\/div>\n<div><\/div>\n<div>El tejido activo de tres capas utilizado en la construcci\u00f3n de esta familia de vendajes sirve de soporte mec\u00e1nico al m\u00f3dulo calefactor interior, a la vez que posee unas propiedades t\u00e9cnicas \u00fanicas.<\/div>\n<\/div>\n<\/div>\n","protected":false},"featured_media":408,"template":"","meta":[],"_links":{"self":[{"href":"https:\/\/pekatherm.es\/index.php?rest_route=\/wp\/v2\/product\/407"}],"collection":[{"href":"https:\/\/pekatherm.es\/index.php?rest_route=\/wp\/v2\/product"}],"about":[{"href":"https:\/\/pekatherm.es\/index.php?rest_route=\/wp\/v2\/types\/product"}],"wp:featuredmedia":[{"embeddable":true,"href":"https:\/\/pekatherm.es\/index.php?rest_route=\/wp\/v2\/media\/408"}],"wp:attachment":[{"href":"https:\/\/pekatherm.es\/index.php?rest_route=%2Fwp%2Fv2%2Fmedia&parent=407"}],"curies":[{"name":"wp","href":"https:\/\/api.w.org\/{rel}","templated":true}]}}