{"id":417,"date":"2019-08-26T15:59:02","date_gmt":"2019-08-26T13:59:02","guid":{"rendered":"https:\/\/pekatherm.es\/?post_type=product&#038;p=417"},"modified":"2019-09-19T16:52:45","modified_gmt":"2019-09-19T14:52:45","slug":"cp940","status":"publish","type":"product","link":"https:\/\/pekatherm.es\/?product=cp940","title":{"rendered":"CP940 &#8211; Conjunto de dos bater\u00edas de Litio recargables y cargador"},"content":{"rendered":"<div>Conjunto de bater\u00edas de Litio y cargador para guantes y sotoguantes<\/div>\n<div><\/div>\n<div><strong>Tecnolog\u00eda:<\/strong>\u00a0Litio<\/div>\n<div><strong>Tensi\u00f3n nominal de salida:<\/strong>\u00a03.7V<\/div>\n<div><strong>Capacidad:<\/strong>\u00a02200mAh<\/div>\n<div><strong>Potencia max. de salida:<\/strong>\u00a08W<\/div>\n<div><strong>Autonom\u00eda max. de funcionamiento:<\/strong>\u00a0Entre 2.5 y 8h, dependiendo del modelo de guante utilizado<\/div>\n<div><strong>Dimensiones:<\/strong>\u00a067x30x20mm<\/div>\n<div><strong>Peso:<\/strong>\u00a051g<\/div>\n<div>\n<div><strong>Compatibilidad:<\/strong><\/div>\n<div><strong>Guantes calefactores modelos GU91, GU910<\/strong><\/div>\n<div><strong>Composici\u00f3n del conjunto<\/strong>: Dos bater\u00edas de Litio recargables y un cargador de salida doble para la carga simult\u00e1nea de dos bater\u00edas<\/div>\n<\/div>\n","protected":false},"excerpt":{"rendered":"<p>EAN 8436531919405<\/p>\n<p>CP940 ha sido dise\u00f1ado para proporcionar a los guantes y sotoguantes\u00a0 unas mayores prestaciones profesionales en lo que se refiere a regulaci\u00f3n de temperatura interior, autonom\u00eda de funcionamiento y peso. Con la adquisici\u00f3n y utilizaci\u00f3n de este pack, se dispone en los guantes y sotoguantes de una autonom\u00eda de funcionamiento hasta 2 veces mayor gracias a su gran capacidad.<\/p>\n<p>Pekatherm aconseja la adquisici\u00f3n y utilizaci\u00f3n del conjunto CP940 para obtener el m\u00e1ximo rendimiento de los guantes y sotoguantes calefactores.<\/p>\n<div>El cargador incorporado permite la recarga r\u00e1pida de ambas baterias de forma simult\u00e1nea.<\/div>\n<div>\n<h6><strong>VENTAJAS DEL CONJUNTO CP940 FRENTE A OTROS TIPOS DE BATER\u00cdAS<\/strong><\/h6>\n<div>&#8211; Mayor capacidad y menor peso.<\/div>\n<div>&#8211; Gran potencia de salida (permiten un calentamiento m\u00e1s r\u00e1pido de los guantes).<\/div>\n<div>&#8211; Tensi\u00f3n de descarga constante (la temperatura interior de los guantes permanecer\u00e1 constante hasta el agotamiento completo de las bater\u00edas).<\/div>\n<div>&#8211; Posibilidad de carga r\u00e1pida en un tiempo muy inferior a las bater\u00edas convencionales.<\/div>\n<div>&#8211; Baja tasa de autodescarga (una vez cargada, la bater\u00edas retienen su carga sin perdidas apreciables durante un periodo de meses).<\/div>\n<div>&#8211; M\u00ednimos envejecimiento y p\u00e9rdida de capacidad, como consecuencia del uso.<\/div>\n<\/div>\n<div>\n<div>\n<div><\/div>\n<div><\/div>\n<\/div>\n<\/div>\n","protected":false},"featured_media":386,"template":"","meta":[],"_links":{"self":[{"href":"https:\/\/pekatherm.es\/index.php?rest_route=\/wp\/v2\/product\/417"}],"collection":[{"href":"https:\/\/pekatherm.es\/index.php?rest_route=\/wp\/v2\/product"}],"about":[{"href":"https:\/\/pekatherm.es\/index.php?rest_route=\/wp\/v2\/types\/product"}],"wp:featuredmedia":[{"embeddable":true,"href":"https:\/\/pekatherm.es\/index.php?rest_route=\/wp\/v2\/media\/386"}],"wp:attachment":[{"href":"https:\/\/pekatherm.es\/index.php?rest_route=%2Fwp%2Fv2%2Fmedia&parent=417"}],"curies":[{"name":"wp","href":"https:\/\/api.w.org\/{rel}","templated":true}]}}